{"id":746,"date":"2021-04-09T18:16:35","date_gmt":"2021-04-09T18:16:35","guid":{"rendered":"https:\/\/meritstarlit.com\/30-adet-merit-starlit-rezidans-on-satista"},"modified":"2022-10-22T15:00:29","modified_gmt":"2022-10-22T15:00:29","slug":"vec-je-pocela-pretprodaja-30-merit-starlit-rezidencija","status":"publish","type":"page","link":"https:\/\/meritstarlit.com\/sr\/vec-je-pocela-pretprodaja-30-merit-starlit-rezidencija","title":{"rendered":"JEDINSTVENA INVESTICIONA PRILIKA &#8211; POSJEDUJTE JEDNU OD PRESTI\u017dNIH REZIDENCIJA NA 8. SPRATU!"},"content":{"rendered":"\n<p><strong>Merit Starlit Sales Tim zapo\u010deo je pretprodaju u ljeto 2021. i ve\u0107 je zavr\u0161io prodaju svih jedinica na 5, 6 i 7. spratu. U ljeto 2022. na\u0161 presti\u017eni 8. sprat sa 8 prostranih i ultra-luksuznih rezidencija otvoren je za prodaja!<\/strong><\/p>\n\n\n\n<p>Smje\u0161tene u istorijskom i \u0161armantnom dijelu Budve, s kultnim pogledom u svakom smjeru, Merit Starlit Residences dizajnirane su da budu bezvremenske i udobne. Na\u0161e rezidencije spajaju veli\u010danstveni dekor, spektakularno okru\u017eenje, besprijekornu uslugu i najnovije moderne pogodnosti u jedinstveno iskustvo koje oboga\u0107uje!<\/p>\n\n\n\n<p>Merit Starlit Residences na 8. spratu nude atraktivne mogu\u0107nosti na\u0161im investitorima sa 8 luksuznih rezidencija s jednom i dvije spava\u0107e sobe, koje su sada dostupne za prodaju. Sve rezidencije u projektu Merit Starlit imaju fantasti\u010dan pogled na Stari grad Budve i marinu.<\/p>\n\n\n\n<div class=\"wp-block-form\"><div role=\"form\" class=\"wpcf7\" id=\"wpcf7-f1461-o1\" lang=\"sr-RS\" dir=\"ltr\">\n<div class=\"screen-reader-response\"><p role=\"status\" aria-live=\"polite\" aria-atomic=\"true\"><\/p> <ul><\/ul><\/div>\n<form action=\"\/sr\/wp-json\/wp\/v2\/pages\/746#wpcf7-f1461-o1\" method=\"post\" class=\"wpcf7-form init\" novalidate=\"novalidate\" data-status=\"init\">\n<div style=\"display: none;\">\n<input type=\"hidden\" name=\"_wpcf7\" value=\"1461\" \/>\n<input type=\"hidden\" name=\"_wpcf7_version\" value=\"5.4.2\" \/>\n<input type=\"hidden\" name=\"_wpcf7_locale\" value=\"sr_RS\" \/>\n<input type=\"hidden\" name=\"_wpcf7_unit_tag\" value=\"wpcf7-f1461-o1\" \/>\n<input type=\"hidden\" name=\"_wpcf7_container_post\" value=\"0\" \/>\n<input type=\"hidden\" name=\"_wpcf7_posted_data_hash\" value=\"\" \/>\n<input type=\"hidden\" name=\"_wpcf7_recaptcha_response\" value=\"\" \/>\n<\/div>\n<h2>Informacije i online obrazac za termin<\/h2>\n<p>Za detaljne informacije ispunite obrazac i mi \u0107emo vas obavijestiti.<\/p>\n<p><label>Va\u0161e ime<br \/>\n    <span class=\"wpcf7-form-control-wrap your-name\"><input type=\"text\" name=\"your-name\" value=\"\" size=\"40\" class=\"wpcf7-form-control wpcf7-text wpcf7-validates-as-required\" aria-required=\"true\" aria-invalid=\"false\" \/><\/span> <\/label><\/p>\n<p><label>Email adresa<br \/>\n    <span class=\"wpcf7-form-control-wrap your-email\"><input type=\"email\" name=\"your-email\" value=\"\" size=\"40\" class=\"wpcf7-form-control wpcf7-text wpcf7-email wpcf7-validates-as-required wpcf7-validates-as-email\" aria-required=\"true\" aria-invalid=\"false\" \/><\/span> <\/label><\/p>\n<p> <label>Va\u0161 telefonski broj<br \/>\n   <span class=\"wpcf7-form-control-wrap your-phone\"><input type=\"tel\" name=\"your-phone\" value=\"\" size=\"40\" class=\"wpcf7-form-control wpcf7-text wpcf7-tel wpcf7-validates-as-required wpcf7-validates-as-tel\" aria-required=\"true\" aria-invalid=\"false\" \/><\/span> <\/label><\/p>\n<p><label>Kako ste \u010duli za projekat?<br \/>\n<span class=\"wpcf7-form-control-wrap your-channel\"><select name=\"your-channel\" class=\"wpcf7-form-control wpcf7-select\" aria-invalid=\"false\"><option value=\"Novine\">Novine<\/option><option value=\"Magazin\">Magazin<\/option><option value=\"TV oglas\">TV oglas<\/option><option value=\"Internet\">Internet<\/option><option value=\"Radio\">Radio<\/option><option value=\"Bioskop\">Bioskop<\/option><option value=\"Ostalo\">Ostalo<\/option><\/select><\/span><br \/>\n<\/label><\/p>\n<p><label>Kako mo\u017eemo do\u0107i do Vas?<\/label><br \/>\n<span class=\"wpcf7-form-control-wrap your-choice\"><span class=\"wpcf7-form-control wpcf7-checkbox\"><span class=\"wpcf7-list-item first\"><input type=\"checkbox\" name=\"your-choice[]\" value=\"Telefon\" \/><span class=\"wpcf7-list-item-label\">Telefon<\/span><\/span><span class=\"wpcf7-list-item\"><input type=\"checkbox\" name=\"your-choice[]\" value=\"SMS\" \/><span class=\"wpcf7-list-item-label\">SMS<\/span><\/span><span class=\"wpcf7-list-item last\"><input type=\"checkbox\" name=\"your-choice[]\" value=\"E-Posta\" \/><span class=\"wpcf7-list-item-label\">E-Posta<\/span><\/span><\/span><\/span><\/p>\n<p><label>U koje vrijeme da Vas pozovemo?<br \/>\n<span class=\"wpcf7-form-control-wrap your-time\"><select name=\"your-time\" class=\"wpcf7-form-control wpcf7-select\" aria-invalid=\"false\"><option value=\"10:00-12:00\">10:00-12:00<\/option><option value=\"13:00-15:00\">13:00-15:00<\/option><option value=\"15:00-17:00\">15:00-17:00<\/option><option value=\"17:00-19:00\">17:00-19:00<\/option><\/select><\/span><br \/>\n<\/label><\/p>\n<p><label>Va\u0161a poruka<br \/>\n<span class=\"wpcf7-form-control-wrap your-message\"><textarea name=\"your-message\" cols=\"40\" rows=\"10\" class=\"wpcf7-form-control wpcf7-textarea\" aria-invalid=\"false\"><\/textarea><\/span><\/label><\/p>\n<p><label>Verifikacija<\/p>\n\n<p><\/label><\/p>\n<p><input type=\"submit\" value=\"Poslati\" class=\"wpcf7-form-control wpcf7-submit\" \/><\/p>\n<div class=\"wpcf7-response-output\" aria-hidden=\"true\"><\/div><\/form><\/div><\/div>\n\n\n\n<figure class=\"wp-block-image size-large\"><img loading=\"lazy\" width=\"905\" height=\"1024\" src=\"https:\/\/meritstarlit.com\/wp-content\/uploads\/2022\/10\/01-905x1024.jpg\" alt=\"\" class=\"wp-image-1908\" srcset=\"https:\/\/meritstarlit.com\/wp-content\/uploads\/2022\/10\/01-905x1024.jpg 905w, https:\/\/meritstarlit.com\/wp-content\/uploads\/2022\/10\/01-265x300.jpg 265w, https:\/\/meritstarlit.com\/wp-content\/uploads\/2022\/10\/01-768x869.jpg 768w, https:\/\/meritstarlit.com\/wp-content\/uploads\/2022\/10\/01-1358x1536.jpg 1358w, https:\/\/meritstarlit.com\/wp-content\/uploads\/2022\/10\/01-1811x2048.jpg 1811w\" sizes=\"(max-width: 905px) 100vw, 905px\" \/><\/figure>\n\n\n\n<figure class=\"wp-block-image size-large\"><img loading=\"lazy\" width=\"1024\" height=\"683\" src=\"https:\/\/meritstarlit.com\/wp-content\/uploads\/2021\/05\/page-image-1024x683.jpg\" alt=\"\" class=\"wp-image-905\" srcset=\"https:\/\/meritstarlit.com\/wp-content\/uploads\/2021\/05\/page-image-1024x683.jpg 1024w, https:\/\/meritstarlit.com\/wp-content\/uploads\/2021\/05\/page-image-300x200.jpg 300w, https:\/\/meritstarlit.com\/wp-content\/uploads\/2021\/05\/page-image-768x512.jpg 768w, https:\/\/meritstarlit.com\/wp-content\/uploads\/2021\/05\/page-image.jpg 1200w\" sizes=\"(max-width: 1024px) 100vw, 1024px\" \/><\/figure>\n\n\n\n<p><\/p>\n","protected":false},"excerpt":{"rendered":"<p>Merit Starlit Sales Tim zapo\u010deo je pretprodaju u ljeto 2021. i ve\u0107 je zavr\u0161io prodaju svih jedinica na 5, 6 i 7. spratu. U ljeto 2022. na\u0161 presti\u017eni 8. sprat sa 8 prostranih i ultra-luksuznih rezidencija otvoren je za prodaja! Smje\u0161tene u istorijskom i \u0161armantnom dijelu Budve, s kultnim pogledom u svakom smjeru, Merit Starlit [&hellip;]<\/p>\n","protected":false},"author":2,"featured_media":0,"parent":0,"menu_order":0,"comment_status":"closed","ping_status":"closed","template":"","meta":[],"yoast_head":"<!-- This site is optimized with the Yoast SEO plugin v17.0 - https:\/\/yoast.com\/wordpress\/plugins\/seo\/ -->\n<title>JEDINSTVENA INVESTICIONA PRILIKA - POSJEDUJTE JEDNU OD PRESTI\u017dNIH REZIDENCIJA NA 8. SPRATU! - Merit Starlit<\/title>\n<meta name=\"robots\" content=\"index, follow, max-snippet:-1, max-image-preview:large, max-video-preview:-1\" \/>\n<link rel=\"canonical\" href=\"https:\/\/meritstarlit.com\/sr\/vec-je-pocela-pretprodaja-30-merit-starlit-rezidencija\" \/>\n<meta property=\"og:locale\" content=\"sr_RS\" \/>\n<meta property=\"og:type\" content=\"article\" \/>\n<meta property=\"og:title\" content=\"JEDINSTVENA INVESTICIONA PRILIKA - POSJEDUJTE JEDNU OD PRESTI\u017dNIH REZIDENCIJA NA 8. SPRATU! - Merit Starlit\" \/>\n<meta property=\"og:description\" content=\"Merit Starlit Sales Tim zapo\u010deo je pretprodaju u ljeto 2021. i ve\u0107 je zavr\u0161io prodaju svih jedinica na 5, 6 i 7. spratu. U ljeto 2022. na\u0161 presti\u017eni 8. sprat sa 8 prostranih i ultra-luksuznih rezidencija otvoren je za prodaja! Smje\u0161tene u istorijskom i \u0161armantnom dijelu Budve, s kultnim pogledom u svakom smjeru, Merit Starlit [&hellip;]\" \/>\n<meta property=\"og:url\" content=\"https:\/\/meritstarlit.com\/sr\/vec-je-pocela-pretprodaja-30-merit-starlit-rezidencija\" \/>\n<meta property=\"og:site_name\" content=\"Merit Starlit\" \/>\n<meta property=\"article:modified_time\" content=\"2022-10-22T15:00:29+00:00\" \/>\n<meta property=\"og:image\" content=\"https:\/\/meritstarlit.com\/wp-content\/uploads\/2022\/10\/01-905x1024.jpg\" \/>\n<meta name=\"twitter:card\" content=\"summary_large_image\" \/>\n<meta name=\"twitter:label1\" content=\"\u041f\u0440\u043e\u0446\u0435\u045a\u0435\u043d\u043e \u0432\u0440\u0435\u043c\u0435 \u0447\u0438\u0442\u0430\u045a\u0430\" \/>\n\t<meta name=\"twitter:data1\" content=\"1 \u043c\u0438\u043d\u0443\u0442\" \/>\n<script type=\"application\/ld+json\" class=\"yoast-schema-graph\">{\"@context\":\"https:\/\/schema.org\",\"@graph\":[{\"@type\":\"WebSite\",\"@id\":\"https:\/\/meritstarlit.com\/#website\",\"url\":\"https:\/\/meritstarlit.com\/\",\"name\":\"Merit Starlit\",\"description\":\"Merit International&#039;\\u0131n yeni projesi Merit Starlit Hotel &amp; Residence, Montenegro\\u2019nun b\\u00fcy\\u00fcleyici sahil kenti Budva\\u2019n\\u0131n en merkezi konumunda y\\u00fckseliyor.\",\"potentialAction\":[{\"@type\":\"SearchAction\",\"target\":{\"@type\":\"EntryPoint\",\"urlTemplate\":\"https:\/\/meritstarlit.com\/?s={search_term_string}\"},\"query-input\":\"required name=search_term_string\"}],\"inLanguage\":\"sr-RS\"},{\"@type\":\"ImageObject\",\"@id\":\"https:\/\/meritstarlit.com\/sr\/vec-je-pocela-pretprodaja-30-merit-starlit-rezidencija#primaryimage\",\"inLanguage\":\"sr-RS\",\"url\":\"https:\/\/meritstarlit.com\/wp-content\/uploads\/2022\/10\/01-scaled.jpg\",\"contentUrl\":\"https:\/\/meritstarlit.com\/wp-content\/uploads\/2022\/10\/01-scaled.jpg\",\"width\":2264,\"height\":2560},{\"@type\":\"WebPage\",\"@id\":\"https:\/\/meritstarlit.com\/sr\/vec-je-pocela-pretprodaja-30-merit-starlit-rezidencija#webpage\",\"url\":\"https:\/\/meritstarlit.com\/sr\/vec-je-pocela-pretprodaja-30-merit-starlit-rezidencija\",\"name\":\"JEDINSTVENA INVESTICIONA PRILIKA - POSJEDUJTE JEDNU OD PRESTI\\u017dNIH REZIDENCIJA NA 8. SPRATU! - Merit Starlit\",\"isPartOf\":{\"@id\":\"https:\/\/meritstarlit.com\/#website\"},\"primaryImageOfPage\":{\"@id\":\"https:\/\/meritstarlit.com\/sr\/vec-je-pocela-pretprodaja-30-merit-starlit-rezidencija#primaryimage\"},\"datePublished\":\"2021-04-09T18:16:35+00:00\",\"dateModified\":\"2022-10-22T15:00:29+00:00\",\"breadcrumb\":{\"@id\":\"https:\/\/meritstarlit.com\/sr\/vec-je-pocela-pretprodaja-30-merit-starlit-rezidencija#breadcrumb\"},\"inLanguage\":\"sr-RS\",\"potentialAction\":[{\"@type\":\"ReadAction\",\"target\":[\"https:\/\/meritstarlit.com\/sr\/vec-je-pocela-pretprodaja-30-merit-starlit-rezidencija\"]}]},{\"@type\":\"BreadcrumbList\",\"@id\":\"https:\/\/meritstarlit.com\/sr\/vec-je-pocela-pretprodaja-30-merit-starlit-rezidencija#breadcrumb\",\"itemListElement\":[{\"@type\":\"ListItem\",\"position\":1,\"name\":\"Anasayfa\",\"item\":\"https:\/\/meritstarlit.com\/sr\"},{\"@type\":\"ListItem\",\"position\":2,\"name\":\"JEDINSTVENA INVESTICIONA PRILIKA &#8211; POSJEDUJTE JEDNU OD PRESTI\\u017dNIH REZIDENCIJA NA 8. SPRATU!\"}]}]}<\/script>\n<!-- \/ Yoast SEO plugin. -->","yoast_head_json":{"title":"JEDINSTVENA INVESTICIONA PRILIKA - POSJEDUJTE JEDNU OD PRESTI\u017dNIH REZIDENCIJA NA 8. SPRATU! - Merit Starlit","robots":{"index":"index","follow":"follow","max-snippet":"max-snippet:-1","max-image-preview":"max-image-preview:large","max-video-preview":"max-video-preview:-1"},"canonical":"https:\/\/meritstarlit.com\/sr\/vec-je-pocela-pretprodaja-30-merit-starlit-rezidencija","og_locale":"sr_RS","og_type":"article","og_title":"JEDINSTVENA INVESTICIONA PRILIKA - POSJEDUJTE JEDNU OD PRESTI\u017dNIH REZIDENCIJA NA 8. SPRATU! - Merit Starlit","og_description":"Merit Starlit Sales Tim zapo\u010deo je pretprodaju u ljeto 2021. i ve\u0107 je zavr\u0161io prodaju svih jedinica na 5, 6 i 7. spratu. U ljeto 2022. na\u0161 presti\u017eni 8. sprat sa 8 prostranih i ultra-luksuznih rezidencija otvoren je za prodaja! Smje\u0161tene u istorijskom i \u0161armantnom dijelu Budve, s kultnim pogledom u svakom smjeru, Merit Starlit [&hellip;]","og_url":"https:\/\/meritstarlit.com\/sr\/vec-je-pocela-pretprodaja-30-merit-starlit-rezidencija","og_site_name":"Merit Starlit","article_modified_time":"2022-10-22T15:00:29+00:00","og_image":[{"url":"https:\/\/meritstarlit.com\/wp-content\/uploads\/2022\/10\/01-905x1024.jpg"}],"twitter_card":"summary_large_image","twitter_misc":{"\u041f\u0440\u043e\u0446\u0435\u045a\u0435\u043d\u043e \u0432\u0440\u0435\u043c\u0435 \u0447\u0438\u0442\u0430\u045a\u0430":"1 \u043c\u0438\u043d\u0443\u0442"},"schema":{"@context":"https:\/\/schema.org","@graph":[{"@type":"WebSite","@id":"https:\/\/meritstarlit.com\/#website","url":"https:\/\/meritstarlit.com\/","name":"Merit Starlit","description":"Merit International&#039;\u0131n yeni projesi Merit Starlit Hotel &amp; Residence, Montenegro\u2019nun b\u00fcy\u00fcleyici sahil kenti Budva\u2019n\u0131n en merkezi konumunda y\u00fckseliyor.","potentialAction":[{"@type":"SearchAction","target":{"@type":"EntryPoint","urlTemplate":"https:\/\/meritstarlit.com\/?s={search_term_string}"},"query-input":"required name=search_term_string"}],"inLanguage":"sr-RS"},{"@type":"ImageObject","@id":"https:\/\/meritstarlit.com\/sr\/vec-je-pocela-pretprodaja-30-merit-starlit-rezidencija#primaryimage","inLanguage":"sr-RS","url":"https:\/\/meritstarlit.com\/wp-content\/uploads\/2022\/10\/01-scaled.jpg","contentUrl":"https:\/\/meritstarlit.com\/wp-content\/uploads\/2022\/10\/01-scaled.jpg","width":2264,"height":2560},{"@type":"WebPage","@id":"https:\/\/meritstarlit.com\/sr\/vec-je-pocela-pretprodaja-30-merit-starlit-rezidencija#webpage","url":"https:\/\/meritstarlit.com\/sr\/vec-je-pocela-pretprodaja-30-merit-starlit-rezidencija","name":"JEDINSTVENA INVESTICIONA PRILIKA - POSJEDUJTE JEDNU OD PRESTI\u017dNIH REZIDENCIJA NA 8. SPRATU! - Merit Starlit","isPartOf":{"@id":"https:\/\/meritstarlit.com\/#website"},"primaryImageOfPage":{"@id":"https:\/\/meritstarlit.com\/sr\/vec-je-pocela-pretprodaja-30-merit-starlit-rezidencija#primaryimage"},"datePublished":"2021-04-09T18:16:35+00:00","dateModified":"2022-10-22T15:00:29+00:00","breadcrumb":{"@id":"https:\/\/meritstarlit.com\/sr\/vec-je-pocela-pretprodaja-30-merit-starlit-rezidencija#breadcrumb"},"inLanguage":"sr-RS","potentialAction":[{"@type":"ReadAction","target":["https:\/\/meritstarlit.com\/sr\/vec-je-pocela-pretprodaja-30-merit-starlit-rezidencija"]}]},{"@type":"BreadcrumbList","@id":"https:\/\/meritstarlit.com\/sr\/vec-je-pocela-pretprodaja-30-merit-starlit-rezidencija#breadcrumb","itemListElement":[{"@type":"ListItem","position":1,"name":"Anasayfa","item":"https:\/\/meritstarlit.com\/sr"},{"@type":"ListItem","position":2,"name":"JEDINSTVENA INVESTICIONA PRILIKA &#8211; POSJEDUJTE JEDNU OD PRESTI\u017dNIH REZIDENCIJA NA 8. SPRATU!"}]}]}},"_links":{"self":[{"href":"https:\/\/meritstarlit.com\/sr\/wp-json\/wp\/v2\/pages\/746"}],"collection":[{"href":"https:\/\/meritstarlit.com\/sr\/wp-json\/wp\/v2\/pages"}],"about":[{"href":"https:\/\/meritstarlit.com\/sr\/wp-json\/wp\/v2\/types\/page"}],"author":[{"embeddable":true,"href":"https:\/\/meritstarlit.com\/sr\/wp-json\/wp\/v2\/users\/2"}],"replies":[{"embeddable":true,"href":"https:\/\/meritstarlit.com\/sr\/wp-json\/wp\/v2\/comments?post=746"}],"version-history":[{"count":9,"href":"https:\/\/meritstarlit.com\/sr\/wp-json\/wp\/v2\/pages\/746\/revisions"}],"predecessor-version":[{"id":2142,"href":"https:\/\/meritstarlit.com\/sr\/wp-json\/wp\/v2\/pages\/746\/revisions\/2142"}],"wp:attachment":[{"href":"https:\/\/meritstarlit.com\/sr\/wp-json\/wp\/v2\/media?parent=746"}],"curies":[{"name":"wp","href":"https:\/\/api.w.org\/{rel}","templated":true}]}}