{"id":732,"date":"2021-04-09T18:19:39","date_gmt":"2021-04-09T18:19:39","guid":{"rendered":"https:\/\/meritstarlit.com\/adriyatik-kiyisinda-luks-bir-yasama-hazir-misiniz"},"modified":"2022-10-22T14:47:43","modified_gmt":"2022-10-22T14:47:43","slug":"jeste-li-spremni-za-luksuzan-zivot-na-jadranskoj-obali","status":"publish","type":"page","link":"https:\/\/meritstarlit.com\/sr\/jeste-li-spremni-za-luksuzan-zivot-na-jadranskoj-obali","title":{"rendered":"JESTE LI SPREMNI ZA LUKSUZNI \u017dIVOT NA JADRANSKOJ OBALI?"},"content":{"rendered":"\n<p><strong>Merit International otvara vrata privilegovanog i luksuznog \u017eivota u Budvi, crnogorskoj prijestonici turizma. Crna Gora je mala, ali prelijepa zemlja, zemlja kontrasta \u2013 \u017eelite li istra\u017eiti najdublji kanjon u Euvopi, pro\u0161etati starim gradom i posmatrati jedinstveni prizor zalaska sunca na Jadranu, ne propustite ovaj poziv!<\/strong><\/p>\n\n\n\n<p>Novi projekat Merit Internationala, Merit Starlit Hotel &amp; Residence, izdi\u017ee se na cetralnoj lokaciji Budve, \u0161armantnog primorskog grada Crne Gore. Svih 49 rezidencija Merit Starlit imaju pogled na Jadransko more i to je pogled koji oduzima dah. Na\u0161 projekat ima nevjerovatnu lokaciju, blizu istorijskih i prirodnih ljepota Crne Gore. Na primjer, \u0161armantni Stari grad Budve udaljen je samo nekoliko koraka od hotela Merit Starlit. Potrebno je samo 5 minuta vo\u017enje od Starlit-a do Svetog Stefana, koji je jedan od najva\u017enijih brendova crnogorskog turizma i nudi fascinantan pogled na zalazak sunca. Nacionalni parkovi Durmitor, Lov\u0107en, Biogradska gora i Skadarsko jezero, \u010dekaju stanovnike Merit Starlita koji vole da u\u017eivaju u prirodi.<\/p>\n\n\n\n<p><strong>Prirodni raj<\/strong><\/p>\n\n\n\n<p><strong>Kanjon rijeke Tare<\/strong> na Durmitoru, najve\u0107i u Evropi i drugi po dubini na svijetu, svojim posjetiteljima nudi \u0161irok spektar mogu\u0107nosti, od vrhunskih sportova do doma\u0107e kuhinje. Kotor je jedno od najpopularnijih mjesta na Jadranu. Ovdje svake godine pristaje 5000 kruzera. Kotor je udaljen samo 25 minuta od Merit Starlit-a. Od Starlita je za sat vremena mogu\u0107e do\u0107i do <strong>manastira Ostrog<\/strong>, koji je jedna od najsvetijih pravoslavnih gra\u0111evina i koju posjeti na hiljade ljudi svake godine.<strong> \u017dabljak i Kola\u0161in<\/strong> su popularna skijali\u0161ta u Evropi, koja sa svojim brojnim stazama privla\u010dne ljubitelje skijanja, i do njih je mogu\u0107e do\u0107i za samo dva i po sata. Goste koji vole more i sunce u Budvi \u010deka veliko iznena\u0111enje. Na 3 do 30 minuta od Merit Starlita udaljeno je 30 pla\u017ea s plavom zastavom. \u0160tavi\u0161e, jedna od njih je Starlit Beach Club &amp; Restaurant koji \u0107e slu\u017eiti samo gostima Merita!<\/p>\n\n\n\n<p><strong>Svaki trenutak za Vas je poseban!<\/strong><\/p>\n\n\n\n<p>Merit Starlit Hotel &amp; Residence otvara vrata privilegovanog \u017eivota u srcu Budve. Broji 44 hotelske sobe i 49 rezidencija, kao i dva restorana, SPA i fitness centar koji \u0107e pru\u017eati usluge svjetske klase. Svi stanovnici Merit Starlita mo\u0107i \u0107e da u\u017eivaju \u200b\u200bu privilegijama na\u0161eg hotela s pet zvjezdica 24 sata dnevno, a bi\u0107e udaljeni samo jedan telefonski poziv od Meritovih karakteristi\u010dnih usluga &#8211; Concierge &amp; Pro Butler i svjetski poznatih kuhinja. Meritov vozni park \u0107e biti na raspolaganju vlasnicima rezidencija, tokom njihovog boravka u Budvi. Tako\u0111e, vlasnici \u0107e po \u017eelji mo\u0107i u\u017eivati \u200b\u200bi u jedinstvenim i prekrasnim pla\u017eama sa na\u0161om privatnom jahtom &#8222;Spirit of Merit&#8220;.<\/p>\n\n\n\n<div class=\"counts\">\n    <div class=\"count\">\n        <strong>16.000 M2<\/strong>\n        <p>Unutra\u0161nje povr\u0161ina<\/p>\n    <\/div>\n    <div class=\"count\">\n        <strong>49<\/strong>\n        <p>Rezidencija<\/p>\n    <\/div>\n    <div class=\"count\">\n        <strong>44<\/strong>\n        <p>Hotelske sobe<\/p>\n    <\/div>\n    <div class=\"count\">\n        <strong>2023<\/strong>\n        <p>Datum zavr\u0161etka<\/p>\n    <\/div>\n<\/div>\n\n\n\n<figure class=\"wp-block-image size-large\"><img loading=\"lazy\" width=\"1024\" height=\"683\" src=\"https:\/\/meritstarlit.com\/wp-content\/uploads\/2021\/05\/G5A9597-1024x683.jpg\" alt=\"\" class=\"wp-image-909\" srcset=\"https:\/\/meritstarlit.com\/wp-content\/uploads\/2021\/05\/G5A9597-1024x683.jpg 1024w, https:\/\/meritstarlit.com\/wp-content\/uploads\/2021\/05\/G5A9597-300x200.jpg 300w, https:\/\/meritstarlit.com\/wp-content\/uploads\/2021\/05\/G5A9597-768x512.jpg 768w, https:\/\/meritstarlit.com\/wp-content\/uploads\/2021\/05\/G5A9597.jpg 1200w\" sizes=\"(max-width: 1024px) 100vw, 1024px\" \/><\/figure>\n\n\n\n<figure class=\"wp-block-image size-large\"><img loading=\"lazy\" width=\"1024\" height=\"683\" src=\"https:\/\/meritstarlit.com\/wp-content\/uploads\/2021\/05\/LuciceBeach-1024x683.jpg\" alt=\"\" class=\"wp-image-913\" srcset=\"https:\/\/meritstarlit.com\/wp-content\/uploads\/2021\/05\/LuciceBeach-1024x683.jpg 1024w, https:\/\/meritstarlit.com\/wp-content\/uploads\/2021\/05\/LuciceBeach-300x200.jpg 300w, https:\/\/meritstarlit.com\/wp-content\/uploads\/2021\/05\/LuciceBeach-768x512.jpg 768w, https:\/\/meritstarlit.com\/wp-content\/uploads\/2021\/05\/LuciceBeach.jpg 1200w\" sizes=\"(max-width: 1024px) 100vw, 1024px\" \/><\/figure>\n","protected":false},"excerpt":{"rendered":"<p>Merit International otvara vrata privilegovanog i luksuznog \u017eivota u Budvi, crnogorskoj prijestonici turizma. Crna Gora je mala, ali prelijepa zemlja, zemlja kontrasta \u2013 \u017eelite li istra\u017eiti najdublji kanjon u Euvopi, pro\u0161etati starim gradom i posmatrati jedinstveni prizor zalaska sunca na Jadranu, ne propustite ovaj poziv! Novi projekat Merit Internationala, Merit Starlit Hotel &amp; Residence, izdi\u017ee [&hellip;]<\/p>\n","protected":false},"author":2,"featured_media":0,"parent":0,"menu_order":0,"comment_status":"closed","ping_status":"closed","template":"","meta":[],"yoast_head":"<!-- This site is optimized with the Yoast SEO plugin v17.0 - https:\/\/yoast.com\/wordpress\/plugins\/seo\/ -->\n<title>JESTE LI SPREMNI ZA LUKSUZNI \u017dIVOT NA JADRANSKOJ OBALI? - Merit Starlit<\/title>\n<meta name=\"robots\" content=\"index, follow, max-snippet:-1, max-image-preview:large, max-video-preview:-1\" \/>\n<link rel=\"canonical\" href=\"https:\/\/meritstarlit.com\/sr\/jeste-li-spremni-za-luksuzan-zivot-na-jadranskoj-obali\" \/>\n<meta property=\"og:locale\" content=\"sr_RS\" \/>\n<meta property=\"og:type\" content=\"article\" \/>\n<meta property=\"og:title\" content=\"JESTE LI SPREMNI ZA LUKSUZNI \u017dIVOT NA JADRANSKOJ OBALI? - Merit Starlit\" \/>\n<meta property=\"og:description\" content=\"Merit International otvara vrata privilegovanog i luksuznog \u017eivota u Budvi, crnogorskoj prijestonici turizma. Crna Gora je mala, ali prelijepa zemlja, zemlja kontrasta \u2013 \u017eelite li istra\u017eiti najdublji kanjon u Euvopi, pro\u0161etati starim gradom i posmatrati jedinstveni prizor zalaska sunca na Jadranu, ne propustite ovaj poziv! Novi projekat Merit Internationala, Merit Starlit Hotel &amp; Residence, izdi\u017ee [&hellip;]\" \/>\n<meta property=\"og:url\" content=\"https:\/\/meritstarlit.com\/sr\/jeste-li-spremni-za-luksuzan-zivot-na-jadranskoj-obali\" \/>\n<meta property=\"og:site_name\" content=\"Merit Starlit\" \/>\n<meta property=\"article:modified_time\" content=\"2022-10-22T14:47:43+00:00\" \/>\n<meta property=\"og:image\" content=\"https:\/\/meritstarlit.com\/wp-content\/uploads\/2021\/05\/G5A9597-1024x683.jpg\" \/>\n<meta name=\"twitter:card\" content=\"summary_large_image\" \/>\n<meta name=\"twitter:label1\" content=\"\u041f\u0440\u043e\u0446\u0435\u045a\u0435\u043d\u043e \u0432\u0440\u0435\u043c\u0435 \u0447\u0438\u0442\u0430\u045a\u0430\" \/>\n\t<meta name=\"twitter:data1\" content=\"3 \u043c\u0438\u043d\u0443\u0442\u0430\" \/>\n<script type=\"application\/ld+json\" class=\"yoast-schema-graph\">{\"@context\":\"https:\/\/schema.org\",\"@graph\":[{\"@type\":\"WebSite\",\"@id\":\"https:\/\/meritstarlit.com\/#website\",\"url\":\"https:\/\/meritstarlit.com\/\",\"name\":\"Merit Starlit\",\"description\":\"Merit International&#039;\\u0131n yeni projesi Merit Starlit Hotel &amp; Residence, Montenegro\\u2019nun b\\u00fcy\\u00fcleyici sahil kenti Budva\\u2019n\\u0131n en merkezi konumunda y\\u00fckseliyor.\",\"potentialAction\":[{\"@type\":\"SearchAction\",\"target\":{\"@type\":\"EntryPoint\",\"urlTemplate\":\"https:\/\/meritstarlit.com\/?s={search_term_string}\"},\"query-input\":\"required name=search_term_string\"}],\"inLanguage\":\"sr-RS\"},{\"@type\":\"ImageObject\",\"@id\":\"https:\/\/meritstarlit.com\/sr\/jeste-li-spremni-za-luksuzan-zivot-na-jadranskoj-obali#primaryimage\",\"inLanguage\":\"sr-RS\",\"url\":\"https:\/\/meritstarlit.com\/wp-content\/uploads\/2021\/05\/G5A9597.jpg\",\"contentUrl\":\"https:\/\/meritstarlit.com\/wp-content\/uploads\/2021\/05\/G5A9597.jpg\",\"width\":1200,\"height\":800},{\"@type\":\"WebPage\",\"@id\":\"https:\/\/meritstarlit.com\/sr\/jeste-li-spremni-za-luksuzan-zivot-na-jadranskoj-obali#webpage\",\"url\":\"https:\/\/meritstarlit.com\/sr\/jeste-li-spremni-za-luksuzan-zivot-na-jadranskoj-obali\",\"name\":\"JESTE LI SPREMNI ZA LUKSUZNI \\u017dIVOT NA JADRANSKOJ OBALI? - Merit Starlit\",\"isPartOf\":{\"@id\":\"https:\/\/meritstarlit.com\/#website\"},\"primaryImageOfPage\":{\"@id\":\"https:\/\/meritstarlit.com\/sr\/jeste-li-spremni-za-luksuzan-zivot-na-jadranskoj-obali#primaryimage\"},\"datePublished\":\"2021-04-09T18:19:39+00:00\",\"dateModified\":\"2022-10-22T14:47:43+00:00\",\"breadcrumb\":{\"@id\":\"https:\/\/meritstarlit.com\/sr\/jeste-li-spremni-za-luksuzan-zivot-na-jadranskoj-obali#breadcrumb\"},\"inLanguage\":\"sr-RS\",\"potentialAction\":[{\"@type\":\"ReadAction\",\"target\":[\"https:\/\/meritstarlit.com\/sr\/jeste-li-spremni-za-luksuzan-zivot-na-jadranskoj-obali\"]}]},{\"@type\":\"BreadcrumbList\",\"@id\":\"https:\/\/meritstarlit.com\/sr\/jeste-li-spremni-za-luksuzan-zivot-na-jadranskoj-obali#breadcrumb\",\"itemListElement\":[{\"@type\":\"ListItem\",\"position\":1,\"name\":\"Anasayfa\",\"item\":\"https:\/\/meritstarlit.com\/sr\"},{\"@type\":\"ListItem\",\"position\":2,\"name\":\"JESTE LI SPREMNI ZA LUKSUZNI \\u017dIVOT NA JADRANSKOJ OBALI?\"}]}]}<\/script>\n<!-- \/ Yoast SEO plugin. -->","yoast_head_json":{"title":"JESTE LI SPREMNI ZA LUKSUZNI \u017dIVOT NA JADRANSKOJ OBALI? - Merit Starlit","robots":{"index":"index","follow":"follow","max-snippet":"max-snippet:-1","max-image-preview":"max-image-preview:large","max-video-preview":"max-video-preview:-1"},"canonical":"https:\/\/meritstarlit.com\/sr\/jeste-li-spremni-za-luksuzan-zivot-na-jadranskoj-obali","og_locale":"sr_RS","og_type":"article","og_title":"JESTE LI SPREMNI ZA LUKSUZNI \u017dIVOT NA JADRANSKOJ OBALI? - Merit Starlit","og_description":"Merit International otvara vrata privilegovanog i luksuznog \u017eivota u Budvi, crnogorskoj prijestonici turizma. Crna Gora je mala, ali prelijepa zemlja, zemlja kontrasta \u2013 \u017eelite li istra\u017eiti najdublji kanjon u Euvopi, pro\u0161etati starim gradom i posmatrati jedinstveni prizor zalaska sunca na Jadranu, ne propustite ovaj poziv! Novi projekat Merit Internationala, Merit Starlit Hotel &amp; Residence, izdi\u017ee [&hellip;]","og_url":"https:\/\/meritstarlit.com\/sr\/jeste-li-spremni-za-luksuzan-zivot-na-jadranskoj-obali","og_site_name":"Merit Starlit","article_modified_time":"2022-10-22T14:47:43+00:00","og_image":[{"url":"https:\/\/meritstarlit.com\/wp-content\/uploads\/2021\/05\/G5A9597-1024x683.jpg"}],"twitter_card":"summary_large_image","twitter_misc":{"\u041f\u0440\u043e\u0446\u0435\u045a\u0435\u043d\u043e \u0432\u0440\u0435\u043c\u0435 \u0447\u0438\u0442\u0430\u045a\u0430":"3 \u043c\u0438\u043d\u0443\u0442\u0430"},"schema":{"@context":"https:\/\/schema.org","@graph":[{"@type":"WebSite","@id":"https:\/\/meritstarlit.com\/#website","url":"https:\/\/meritstarlit.com\/","name":"Merit Starlit","description":"Merit International&#039;\u0131n yeni projesi Merit Starlit Hotel &amp; Residence, Montenegro\u2019nun b\u00fcy\u00fcleyici sahil kenti Budva\u2019n\u0131n en merkezi konumunda y\u00fckseliyor.","potentialAction":[{"@type":"SearchAction","target":{"@type":"EntryPoint","urlTemplate":"https:\/\/meritstarlit.com\/?s={search_term_string}"},"query-input":"required name=search_term_string"}],"inLanguage":"sr-RS"},{"@type":"ImageObject","@id":"https:\/\/meritstarlit.com\/sr\/jeste-li-spremni-za-luksuzan-zivot-na-jadranskoj-obali#primaryimage","inLanguage":"sr-RS","url":"https:\/\/meritstarlit.com\/wp-content\/uploads\/2021\/05\/G5A9597.jpg","contentUrl":"https:\/\/meritstarlit.com\/wp-content\/uploads\/2021\/05\/G5A9597.jpg","width":1200,"height":800},{"@type":"WebPage","@id":"https:\/\/meritstarlit.com\/sr\/jeste-li-spremni-za-luksuzan-zivot-na-jadranskoj-obali#webpage","url":"https:\/\/meritstarlit.com\/sr\/jeste-li-spremni-za-luksuzan-zivot-na-jadranskoj-obali","name":"JESTE LI SPREMNI ZA LUKSUZNI \u017dIVOT NA JADRANSKOJ OBALI? - Merit Starlit","isPartOf":{"@id":"https:\/\/meritstarlit.com\/#website"},"primaryImageOfPage":{"@id":"https:\/\/meritstarlit.com\/sr\/jeste-li-spremni-za-luksuzan-zivot-na-jadranskoj-obali#primaryimage"},"datePublished":"2021-04-09T18:19:39+00:00","dateModified":"2022-10-22T14:47:43+00:00","breadcrumb":{"@id":"https:\/\/meritstarlit.com\/sr\/jeste-li-spremni-za-luksuzan-zivot-na-jadranskoj-obali#breadcrumb"},"inLanguage":"sr-RS","potentialAction":[{"@type":"ReadAction","target":["https:\/\/meritstarlit.com\/sr\/jeste-li-spremni-za-luksuzan-zivot-na-jadranskoj-obali"]}]},{"@type":"BreadcrumbList","@id":"https:\/\/meritstarlit.com\/sr\/jeste-li-spremni-za-luksuzan-zivot-na-jadranskoj-obali#breadcrumb","itemListElement":[{"@type":"ListItem","position":1,"name":"Anasayfa","item":"https:\/\/meritstarlit.com\/sr"},{"@type":"ListItem","position":2,"name":"JESTE LI SPREMNI ZA LUKSUZNI \u017dIVOT NA JADRANSKOJ OBALI?"}]}]}},"_links":{"self":[{"href":"https:\/\/meritstarlit.com\/sr\/wp-json\/wp\/v2\/pages\/732"}],"collection":[{"href":"https:\/\/meritstarlit.com\/sr\/wp-json\/wp\/v2\/pages"}],"about":[{"href":"https:\/\/meritstarlit.com\/sr\/wp-json\/wp\/v2\/types\/page"}],"author":[{"embeddable":true,"href":"https:\/\/meritstarlit.com\/sr\/wp-json\/wp\/v2\/users\/2"}],"replies":[{"embeddable":true,"href":"https:\/\/meritstarlit.com\/sr\/wp-json\/wp\/v2\/comments?post=732"}],"version-history":[{"count":5,"href":"https:\/\/meritstarlit.com\/sr\/wp-json\/wp\/v2\/pages\/732\/revisions"}],"predecessor-version":[{"id":2139,"href":"https:\/\/meritstarlit.com\/sr\/wp-json\/wp\/v2\/pages\/732\/revisions\/2139"}],"wp:attachment":[{"href":"https:\/\/meritstarlit.com\/sr\/wp-json\/wp\/v2\/media?parent=732"}],"curies":[{"name":"wp","href":"https:\/\/api.w.org\/{rel}","templated":true}]}}