{"id":718,"date":"2021-04-09T18:26:58","date_gmt":"2021-04-09T18:26:58","guid":{"rendered":"https:\/\/meritstarlit.com\/meritin-ilk-condo-hotel-projesi"},"modified":"2022-10-22T14:54:21","modified_gmt":"2022-10-22T14:54:21","slug":"merit-ov-prvi-condo-hotel-projekat","status":"publish","type":"page","link":"https:\/\/meritstarlit.com\/sr\/merit-ov-prvi-condo-hotel-projekat","title":{"rendered":"MERIT-OV PRVI &#8222;CONDO HOTEL&#8220; PROJEKAT"},"content":{"rendered":"\n<p><strong>Merit International, jedan od najve\u0107ih turisti\u010dkih brendova Turske, sada 34-godi\u0161nje iskustvo dijeli s investitorima kroz projekat Merit Starlit, izgra\u0111en u Budvi. Merit Starlit prvi je &#8222;Condo Hotel&#8220; projekat Merit Grupe, koji pru\u017ea prili\u010dno visoku kvalitetu ulaganja u sredi\u0161tu Evrope.<\/strong><\/p>\n\n\n\n<p>Merit Starlit Hotel &amp; Residence je &#8222;Condo Hotel&#8220; projekat koji djeluje u skladu sa zakonima i propisima Crne Gore. Sustav &#8222;Condo Hotel&#8220; sistem predstavlja jedinstvenau mogu\u0107nost ulaganja, koja integr\u0161e hotelske i rezidencijalne usluge. Merit International, koji je u\u0161ao u \u010detvrtu godinu poslovanja u Crnoj Gori, po prvi put kroz ovaj projekat dijeli 34 godine iskustva u turisti\u010dkoj industriji. Na\u0161 projekt, osim \u0161to investitorima daje &#8222;vlasni\u010dka prava&#8220;, nudi i mogu\u0107nost kori\u0161\u0107enja usluga izdavanja rezidencija, u periodu kada vlasnici istih ne borave u Budvi.<\/p>\n\n\n\n<p><strong>Nezavisni vlasni\u010dki list<\/strong><\/p>\n\n\n\n<p>Od zavr\u0161etka Merit Starlit Hotel &amp; Residence 2023 godine, 49 uglednih investitora \u0107e imati nezavisno zemlji\u0161te u svojim rukama. Ulaga\u010di, ne samo da su svjedoci brzog uva\u017eavanja kupljenih nekretnina u Budvi &#8211; \u201eNovoj zvijezdi turizma\u201c, ve\u0107 i visoki prihodi od iznajmljivanja svojih stanova putem Merit International-a mogu tako\u0111e omogu\u0107iti ulaga\u010dima da brzo povrate novac ulo\u017een u nekretninu. Zahvaljuju\u0107i ovom savr\u0161enom sistemu koji je kompatibilan sa konceptom &#8222;godi\u0161njeg odmora i ulaganja&#8220;, ugledni vlasnici Merit uskoro \u0107e u\u017eivati u svojim rezidencijama, uz &#8222;vlasni\u010dki list&#8220; koji \u0107e dobiti, a ima\u0107e i prihode od iznajmljivanja u eurima.<\/p>\n\n\n\n<figure class=\"wp-block-image size-large\"><img loading=\"lazy\" width=\"1024\" height=\"683\" src=\"https:\/\/meritstarlit.com\/wp-content\/uploads\/2021\/05\/starlit03-1024x683.jpg\" alt=\"\" class=\"wp-image-725\" srcset=\"https:\/\/meritstarlit.com\/wp-content\/uploads\/2021\/05\/starlit03-1024x683.jpg 1024w, https:\/\/meritstarlit.com\/wp-content\/uploads\/2021\/05\/starlit03-300x200.jpg 300w, https:\/\/meritstarlit.com\/wp-content\/uploads\/2021\/05\/starlit03-768x512.jpg 768w, https:\/\/meritstarlit.com\/wp-content\/uploads\/2021\/05\/starlit03.jpg 1200w\" sizes=\"(max-width: 1024px) 100vw, 1024px\" \/><\/figure>\n","protected":false},"excerpt":{"rendered":"<p>Merit International, jedan od najve\u0107ih turisti\u010dkih brendova Turske, sada 34-godi\u0161nje iskustvo dijeli s investitorima kroz projekat Merit Starlit, izgra\u0111en u Budvi. Merit Starlit prvi je &#8222;Condo Hotel&#8220; projekat Merit Grupe, koji pru\u017ea prili\u010dno visoku kvalitetu ulaganja u sredi\u0161tu Evrope. Merit Starlit Hotel &amp; Residence je &#8222;Condo Hotel&#8220; projekat koji djeluje u skladu sa zakonima i [&hellip;]<\/p>\n","protected":false},"author":2,"featured_media":0,"parent":0,"menu_order":0,"comment_status":"closed","ping_status":"closed","template":"","meta":[],"yoast_head":"<!-- This site is optimized with the Yoast SEO plugin v17.0 - https:\/\/yoast.com\/wordpress\/plugins\/seo\/ -->\n<title>MERIT-OV PRVI &quot;CONDO HOTEL&quot; PROJEKAT - Merit Starlit<\/title>\n<meta name=\"robots\" content=\"index, follow, max-snippet:-1, max-image-preview:large, max-video-preview:-1\" \/>\n<link rel=\"canonical\" href=\"https:\/\/meritstarlit.com\/sr\/merit-ov-prvi-condo-hotel-projekat\" \/>\n<meta property=\"og:locale\" content=\"sr_RS\" \/>\n<meta property=\"og:type\" content=\"article\" \/>\n<meta property=\"og:title\" content=\"MERIT-OV PRVI &quot;CONDO HOTEL&quot; PROJEKAT - Merit Starlit\" \/>\n<meta property=\"og:description\" content=\"Merit International, jedan od najve\u0107ih turisti\u010dkih brendova Turske, sada 34-godi\u0161nje iskustvo dijeli s investitorima kroz projekat Merit Starlit, izgra\u0111en u Budvi. Merit Starlit prvi je &#8222;Condo Hotel&#8220; projekat Merit Grupe, koji pru\u017ea prili\u010dno visoku kvalitetu ulaganja u sredi\u0161tu Evrope. Merit Starlit Hotel &amp; Residence je &#8222;Condo Hotel&#8220; projekat koji djeluje u skladu sa zakonima i [&hellip;]\" \/>\n<meta property=\"og:url\" content=\"https:\/\/meritstarlit.com\/sr\/merit-ov-prvi-condo-hotel-projekat\" \/>\n<meta property=\"og:site_name\" content=\"Merit Starlit\" \/>\n<meta property=\"article:modified_time\" content=\"2022-10-22T14:54:21+00:00\" \/>\n<meta property=\"og:image\" content=\"https:\/\/meritstarlit.com\/wp-content\/uploads\/2021\/05\/starlit03-1024x683.jpg\" \/>\n<meta name=\"twitter:card\" content=\"summary_large_image\" \/>\n<meta name=\"twitter:label1\" content=\"\u041f\u0440\u043e\u0446\u0435\u045a\u0435\u043d\u043e \u0432\u0440\u0435\u043c\u0435 \u0447\u0438\u0442\u0430\u045a\u0430\" \/>\n\t<meta name=\"twitter:data1\" content=\"2 \u043c\u0438\u043d\u0443\u0442\u0430\" \/>\n<script type=\"application\/ld+json\" class=\"yoast-schema-graph\">{\"@context\":\"https:\/\/schema.org\",\"@graph\":[{\"@type\":\"WebSite\",\"@id\":\"https:\/\/meritstarlit.com\/#website\",\"url\":\"https:\/\/meritstarlit.com\/\",\"name\":\"Merit Starlit\",\"description\":\"Merit International&#039;\\u0131n yeni projesi Merit Starlit Hotel &amp; Residence, Montenegro\\u2019nun b\\u00fcy\\u00fcleyici sahil kenti Budva\\u2019n\\u0131n en merkezi konumunda y\\u00fckseliyor.\",\"potentialAction\":[{\"@type\":\"SearchAction\",\"target\":{\"@type\":\"EntryPoint\",\"urlTemplate\":\"https:\/\/meritstarlit.com\/?s={search_term_string}\"},\"query-input\":\"required name=search_term_string\"}],\"inLanguage\":\"sr-RS\"},{\"@type\":\"ImageObject\",\"@id\":\"https:\/\/meritstarlit.com\/sr\/merit-ov-prvi-condo-hotel-projekat#primaryimage\",\"inLanguage\":\"sr-RS\",\"url\":\"https:\/\/meritstarlit.com\/wp-content\/uploads\/2021\/05\/starlit03.jpg\",\"contentUrl\":\"https:\/\/meritstarlit.com\/wp-content\/uploads\/2021\/05\/starlit03.jpg\",\"width\":1200,\"height\":800},{\"@type\":\"WebPage\",\"@id\":\"https:\/\/meritstarlit.com\/sr\/merit-ov-prvi-condo-hotel-projekat#webpage\",\"url\":\"https:\/\/meritstarlit.com\/sr\/merit-ov-prvi-condo-hotel-projekat\",\"name\":\"MERIT-OV PRVI \\\"CONDO HOTEL\\\" PROJEKAT - Merit Starlit\",\"isPartOf\":{\"@id\":\"https:\/\/meritstarlit.com\/#website\"},\"primaryImageOfPage\":{\"@id\":\"https:\/\/meritstarlit.com\/sr\/merit-ov-prvi-condo-hotel-projekat#primaryimage\"},\"datePublished\":\"2021-04-09T18:26:58+00:00\",\"dateModified\":\"2022-10-22T14:54:21+00:00\",\"breadcrumb\":{\"@id\":\"https:\/\/meritstarlit.com\/sr\/merit-ov-prvi-condo-hotel-projekat#breadcrumb\"},\"inLanguage\":\"sr-RS\",\"potentialAction\":[{\"@type\":\"ReadAction\",\"target\":[\"https:\/\/meritstarlit.com\/sr\/merit-ov-prvi-condo-hotel-projekat\"]}]},{\"@type\":\"BreadcrumbList\",\"@id\":\"https:\/\/meritstarlit.com\/sr\/merit-ov-prvi-condo-hotel-projekat#breadcrumb\",\"itemListElement\":[{\"@type\":\"ListItem\",\"position\":1,\"name\":\"Anasayfa\",\"item\":\"https:\/\/meritstarlit.com\/sr\"},{\"@type\":\"ListItem\",\"position\":2,\"name\":\"MERIT-OV PRVI &#8220;CONDO HOTEL&#8221; PROJEKAT\"}]}]}<\/script>\n<!-- \/ Yoast SEO plugin. -->","yoast_head_json":{"title":"MERIT-OV PRVI \"CONDO HOTEL\" PROJEKAT - Merit Starlit","robots":{"index":"index","follow":"follow","max-snippet":"max-snippet:-1","max-image-preview":"max-image-preview:large","max-video-preview":"max-video-preview:-1"},"canonical":"https:\/\/meritstarlit.com\/sr\/merit-ov-prvi-condo-hotel-projekat","og_locale":"sr_RS","og_type":"article","og_title":"MERIT-OV PRVI \"CONDO HOTEL\" PROJEKAT - Merit Starlit","og_description":"Merit International, jedan od najve\u0107ih turisti\u010dkih brendova Turske, sada 34-godi\u0161nje iskustvo dijeli s investitorima kroz projekat Merit Starlit, izgra\u0111en u Budvi. Merit Starlit prvi je &#8222;Condo Hotel&#8220; projekat Merit Grupe, koji pru\u017ea prili\u010dno visoku kvalitetu ulaganja u sredi\u0161tu Evrope. Merit Starlit Hotel &amp; Residence je &#8222;Condo Hotel&#8220; projekat koji djeluje u skladu sa zakonima i [&hellip;]","og_url":"https:\/\/meritstarlit.com\/sr\/merit-ov-prvi-condo-hotel-projekat","og_site_name":"Merit Starlit","article_modified_time":"2022-10-22T14:54:21+00:00","og_image":[{"url":"https:\/\/meritstarlit.com\/wp-content\/uploads\/2021\/05\/starlit03-1024x683.jpg"}],"twitter_card":"summary_large_image","twitter_misc":{"\u041f\u0440\u043e\u0446\u0435\u045a\u0435\u043d\u043e \u0432\u0440\u0435\u043c\u0435 \u0447\u0438\u0442\u0430\u045a\u0430":"2 \u043c\u0438\u043d\u0443\u0442\u0430"},"schema":{"@context":"https:\/\/schema.org","@graph":[{"@type":"WebSite","@id":"https:\/\/meritstarlit.com\/#website","url":"https:\/\/meritstarlit.com\/","name":"Merit Starlit","description":"Merit International&#039;\u0131n yeni projesi Merit Starlit Hotel &amp; Residence, Montenegro\u2019nun b\u00fcy\u00fcleyici sahil kenti Budva\u2019n\u0131n en merkezi konumunda y\u00fckseliyor.","potentialAction":[{"@type":"SearchAction","target":{"@type":"EntryPoint","urlTemplate":"https:\/\/meritstarlit.com\/?s={search_term_string}"},"query-input":"required name=search_term_string"}],"inLanguage":"sr-RS"},{"@type":"ImageObject","@id":"https:\/\/meritstarlit.com\/sr\/merit-ov-prvi-condo-hotel-projekat#primaryimage","inLanguage":"sr-RS","url":"https:\/\/meritstarlit.com\/wp-content\/uploads\/2021\/05\/starlit03.jpg","contentUrl":"https:\/\/meritstarlit.com\/wp-content\/uploads\/2021\/05\/starlit03.jpg","width":1200,"height":800},{"@type":"WebPage","@id":"https:\/\/meritstarlit.com\/sr\/merit-ov-prvi-condo-hotel-projekat#webpage","url":"https:\/\/meritstarlit.com\/sr\/merit-ov-prvi-condo-hotel-projekat","name":"MERIT-OV PRVI \"CONDO HOTEL\" PROJEKAT - Merit Starlit","isPartOf":{"@id":"https:\/\/meritstarlit.com\/#website"},"primaryImageOfPage":{"@id":"https:\/\/meritstarlit.com\/sr\/merit-ov-prvi-condo-hotel-projekat#primaryimage"},"datePublished":"2021-04-09T18:26:58+00:00","dateModified":"2022-10-22T14:54:21+00:00","breadcrumb":{"@id":"https:\/\/meritstarlit.com\/sr\/merit-ov-prvi-condo-hotel-projekat#breadcrumb"},"inLanguage":"sr-RS","potentialAction":[{"@type":"ReadAction","target":["https:\/\/meritstarlit.com\/sr\/merit-ov-prvi-condo-hotel-projekat"]}]},{"@type":"BreadcrumbList","@id":"https:\/\/meritstarlit.com\/sr\/merit-ov-prvi-condo-hotel-projekat#breadcrumb","itemListElement":[{"@type":"ListItem","position":1,"name":"Anasayfa","item":"https:\/\/meritstarlit.com\/sr"},{"@type":"ListItem","position":2,"name":"MERIT-OV PRVI &#8220;CONDO HOTEL&#8221; PROJEKAT"}]}]}},"_links":{"self":[{"href":"https:\/\/meritstarlit.com\/sr\/wp-json\/wp\/v2\/pages\/718"}],"collection":[{"href":"https:\/\/meritstarlit.com\/sr\/wp-json\/wp\/v2\/pages"}],"about":[{"href":"https:\/\/meritstarlit.com\/sr\/wp-json\/wp\/v2\/types\/page"}],"author":[{"embeddable":true,"href":"https:\/\/meritstarlit.com\/sr\/wp-json\/wp\/v2\/users\/2"}],"replies":[{"embeddable":true,"href":"https:\/\/meritstarlit.com\/sr\/wp-json\/wp\/v2\/comments?post=718"}],"version-history":[{"count":4,"href":"https:\/\/meritstarlit.com\/sr\/wp-json\/wp\/v2\/pages\/718\/revisions"}],"predecessor-version":[{"id":2140,"href":"https:\/\/meritstarlit.com\/sr\/wp-json\/wp\/v2\/pages\/718\/revisions\/2140"}],"wp:attachment":[{"href":"https:\/\/meritstarlit.com\/sr\/wp-json\/wp\/v2\/media?parent=718"}],"curies":[{"name":"wp","href":"https:\/\/api.w.org\/{rel}","templated":true}]}}