{"id":708,"date":"2021-04-09T18:29:59","date_gmt":"2021-04-09T18:29:59","guid":{"rendered":"https:\/\/meritstarlit.com\/size-ve-ailenize-oturma-izni"},"modified":"2022-10-22T13:34:22","modified_gmt":"2022-10-22T13:34:22","slug":"dozvola-boravka-za-vas-i-vasu-porodicu","status":"publish","type":"page","link":"https:\/\/meritstarlit.com\/sr\/dozvola-boravka-za-vas-i-vasu-porodicu","title":{"rendered":"DOZVOLA ZA BORAVAK ZA MERIT STARLIT VLASNIKE"},"content":{"rendered":"\n<p><strong>Starlit projekat Merit International-a, nalazi se u sredi\u0161tu Balkana. Vlasnici 49 stanova mogu dobiti boravi\u0161nu dozvolu u Crnoj Gori nakon dobijanja vlasni\u010dkog lista.<\/strong><\/p>\n\n\n\n<p>49 privilegovanih investitora i njihovih porodica, ne samo da \u0107e posjedovati nekretnine sa visokim prihodima, ve\u0107 \u0107e tako\u0111e dobiti &#8222;dozvolu za boravak&#8220; od sjajne zvijezde Evrope, Crne Gore. U ovom procesu ne samo da \u0107emo investitorima pru\u017eiti potrebnu pravnu podr\u0161ku, ve\u0107 \u0107emo vam pomo\u0107i i da iskoristite prednosti boravi\u0161ne dozvole.<\/p>\n\n\n\n<p><strong>Za\u0161to Crna Gora?<\/strong><\/p>\n\n\n\n<ul><li>Crna Gora, koja je stekla nezavisnost 2006., pristupila je NATO -u 2017. godine.<\/li><li>Crna Gora sprovodi demokratski sistem i prognozira se da \u0107e se pridru\u017eiti<strong> Evropskoj uniji 2025<\/strong>. godine. Zvani\u010dna valuta je <strong>Euro.<\/strong><\/li><li>Od 2007. do 2018. godine broj turista koji svake godine posjeti ovu zemlju pove\u0107ao se za <strong>rekordnih 7%<\/strong>. Crna Gora se smatra zvijezdom u usponu u svjetskoj turisti\u010dkoj industriji. Broj turista koji posjeti Crnu Goru svake godine iznosi 2 miliona, \u0161to pokazuje trend rasta iz godine u godinu.<\/li><li>Ljudi koji ula\u017eu u Crnu Goru imaju ista prava kao i gra\u0111ani Crne Gore. Crna Gora ure\u0111uje pravni sustav u skladu s <strong>&#8222;Kopenha\u0161kim standardima&#8220;<\/strong> Evropske unije i pru\u017ea za\u0161titu stranim ulaga\u010dima.<\/li><li>Prema zakonu objavljenom 2015. godine, stranci i \u010dlanovi njihovih obitelji koji ula\u017eu u nekretnine u Crnoj Gori-bez obzira na cijenu nekretnine-mogu dobiti boravi\u0161nu dozvolu.<\/li><\/ul>\n\n\n\n<p><strong>Koje su privilegije boravi\u0161ne dozvole u Crnoj Gori?<\/strong><\/p>\n\n\n\n<ul><li>Crna Gora je zemlja s najni\u017eim porezom na dobit i porez na dobit (9%) u Evropi. Tako\u0111e, Crna Gora je potpisala porezni ugovor s Turskom.<\/li><li><strong>Cijene ku\u0107a i automobila<\/strong> u Crnoj Gori su vrlo pristupa\u010dne, posebno pri kupovini nekretnina, porezne stope su izuzetno niske, a imovinska prava strogo za\u0161ti\u0107ena zakonom.<\/li><li>Nakon dobijanja boravi\u0161ne dozvole imate pravo na <strong>besplatno obrazovanje<\/strong> u Crnoj Gori.<\/li><li>Mo\u017eete lak\u0161e pristupiti <strong>bankovnom sistemu.<\/strong><\/li><li><strong>Donosi vam veliko olak\u0161anje pri ulasku i izlasku iz Crne Gore.<\/strong><\/li><li>Pru\u017ea mogu\u0107nost kori\u0161\u0107enja sistema <strong>socijalnog osiguranja.<\/strong><\/li><\/ul>\n\n\n\n<figure class=\"wp-block-image size-large\"><img loading=\"lazy\" width=\"1024\" height=\"683\" src=\"https:\/\/meritstarlit.com\/wp-content\/uploads\/2021\/05\/5DM45981a-1024x683.jpg\" alt=\"\" class=\"wp-image-709\" srcset=\"https:\/\/meritstarlit.com\/wp-content\/uploads\/2021\/05\/5DM45981a-1024x683.jpg 1024w, https:\/\/meritstarlit.com\/wp-content\/uploads\/2021\/05\/5DM45981a-300x200.jpg 300w, https:\/\/meritstarlit.com\/wp-content\/uploads\/2021\/05\/5DM45981a-768x512.jpg 768w, https:\/\/meritstarlit.com\/wp-content\/uploads\/2021\/05\/5DM45981a.jpg 1200w\" sizes=\"(max-width: 1024px) 100vw, 1024px\" \/><\/figure>\n","protected":false},"excerpt":{"rendered":"<p>Starlit projekat Merit International-a, nalazi se u sredi\u0161tu Balkana. Vlasnici 49 stanova mogu dobiti boravi\u0161nu dozvolu u Crnoj Gori nakon dobijanja vlasni\u010dkog lista. 49 privilegovanih investitora i njihovih porodica, ne samo da \u0107e posjedovati nekretnine sa visokim prihodima, ve\u0107 \u0107e tako\u0111e dobiti &#8222;dozvolu za boravak&#8220; od sjajne zvijezde Evrope, Crne Gore. U ovom procesu ne [&hellip;]<\/p>\n","protected":false},"author":2,"featured_media":0,"parent":0,"menu_order":0,"comment_status":"closed","ping_status":"closed","template":"","meta":[],"yoast_head":"<!-- This site is optimized with the Yoast SEO plugin v17.0 - https:\/\/yoast.com\/wordpress\/plugins\/seo\/ -->\n<title>DOZVOLA ZA BORAVAK ZA MERIT STARLIT VLASNIKE - Merit Starlit<\/title>\n<meta name=\"robots\" content=\"index, follow, max-snippet:-1, max-image-preview:large, max-video-preview:-1\" \/>\n<link rel=\"canonical\" href=\"https:\/\/meritstarlit.com\/sr\/dozvola-boravka-za-vas-i-vasu-porodicu\" \/>\n<meta property=\"og:locale\" content=\"sr_RS\" \/>\n<meta property=\"og:type\" content=\"article\" \/>\n<meta property=\"og:title\" content=\"DOZVOLA ZA BORAVAK ZA MERIT STARLIT VLASNIKE - Merit Starlit\" \/>\n<meta property=\"og:description\" content=\"Starlit projekat Merit International-a, nalazi se u sredi\u0161tu Balkana. Vlasnici 49 stanova mogu dobiti boravi\u0161nu dozvolu u Crnoj Gori nakon dobijanja vlasni\u010dkog lista. 49 privilegovanih investitora i njihovih porodica, ne samo da \u0107e posjedovati nekretnine sa visokim prihodima, ve\u0107 \u0107e tako\u0111e dobiti &#8222;dozvolu za boravak&#8220; od sjajne zvijezde Evrope, Crne Gore. U ovom procesu ne [&hellip;]\" \/>\n<meta property=\"og:url\" content=\"https:\/\/meritstarlit.com\/sr\/dozvola-boravka-za-vas-i-vasu-porodicu\" \/>\n<meta property=\"og:site_name\" content=\"Merit Starlit\" \/>\n<meta property=\"article:modified_time\" content=\"2022-10-22T13:34:22+00:00\" \/>\n<meta property=\"og:image\" content=\"https:\/\/meritstarlit.com\/wp-content\/uploads\/2021\/05\/5DM45981a-1024x683.jpg\" \/>\n<meta name=\"twitter:card\" content=\"summary_large_image\" \/>\n<meta name=\"twitter:label1\" content=\"\u041f\u0440\u043e\u0446\u0435\u045a\u0435\u043d\u043e \u0432\u0440\u0435\u043c\u0435 \u0447\u0438\u0442\u0430\u045a\u0430\" \/>\n\t<meta name=\"twitter:data1\" content=\"2 \u043c\u0438\u043d\u0443\u0442\u0430\" \/>\n<script type=\"application\/ld+json\" class=\"yoast-schema-graph\">{\"@context\":\"https:\/\/schema.org\",\"@graph\":[{\"@type\":\"WebSite\",\"@id\":\"https:\/\/meritstarlit.com\/#website\",\"url\":\"https:\/\/meritstarlit.com\/\",\"name\":\"Merit Starlit\",\"description\":\"Merit International&#039;\\u0131n yeni projesi Merit Starlit Hotel &amp; Residence, Montenegro\\u2019nun b\\u00fcy\\u00fcleyici sahil kenti Budva\\u2019n\\u0131n en merkezi konumunda y\\u00fckseliyor.\",\"potentialAction\":[{\"@type\":\"SearchAction\",\"target\":{\"@type\":\"EntryPoint\",\"urlTemplate\":\"https:\/\/meritstarlit.com\/?s={search_term_string}\"},\"query-input\":\"required name=search_term_string\"}],\"inLanguage\":\"sr-RS\"},{\"@type\":\"ImageObject\",\"@id\":\"https:\/\/meritstarlit.com\/sr\/dozvola-boravka-za-vas-i-vasu-porodicu#primaryimage\",\"inLanguage\":\"sr-RS\",\"url\":\"https:\/\/meritstarlit.com\/wp-content\/uploads\/2021\/05\/5DM45981a.jpg\",\"contentUrl\":\"https:\/\/meritstarlit.com\/wp-content\/uploads\/2021\/05\/5DM45981a.jpg\",\"width\":1200,\"height\":800},{\"@type\":\"WebPage\",\"@id\":\"https:\/\/meritstarlit.com\/sr\/dozvola-boravka-za-vas-i-vasu-porodicu#webpage\",\"url\":\"https:\/\/meritstarlit.com\/sr\/dozvola-boravka-za-vas-i-vasu-porodicu\",\"name\":\"DOZVOLA ZA BORAVAK ZA MERIT STARLIT VLASNIKE - Merit Starlit\",\"isPartOf\":{\"@id\":\"https:\/\/meritstarlit.com\/#website\"},\"primaryImageOfPage\":{\"@id\":\"https:\/\/meritstarlit.com\/sr\/dozvola-boravka-za-vas-i-vasu-porodicu#primaryimage\"},\"datePublished\":\"2021-04-09T18:29:59+00:00\",\"dateModified\":\"2022-10-22T13:34:22+00:00\",\"breadcrumb\":{\"@id\":\"https:\/\/meritstarlit.com\/sr\/dozvola-boravka-za-vas-i-vasu-porodicu#breadcrumb\"},\"inLanguage\":\"sr-RS\",\"potentialAction\":[{\"@type\":\"ReadAction\",\"target\":[\"https:\/\/meritstarlit.com\/sr\/dozvola-boravka-za-vas-i-vasu-porodicu\"]}]},{\"@type\":\"BreadcrumbList\",\"@id\":\"https:\/\/meritstarlit.com\/sr\/dozvola-boravka-za-vas-i-vasu-porodicu#breadcrumb\",\"itemListElement\":[{\"@type\":\"ListItem\",\"position\":1,\"name\":\"Anasayfa\",\"item\":\"https:\/\/meritstarlit.com\/sr\"},{\"@type\":\"ListItem\",\"position\":2,\"name\":\"DOZVOLA ZA BORAVAK ZA MERIT STARLIT VLASNIKE\"}]}]}<\/script>\n<!-- \/ Yoast SEO plugin. -->","yoast_head_json":{"title":"DOZVOLA ZA BORAVAK ZA MERIT STARLIT VLASNIKE - Merit Starlit","robots":{"index":"index","follow":"follow","max-snippet":"max-snippet:-1","max-image-preview":"max-image-preview:large","max-video-preview":"max-video-preview:-1"},"canonical":"https:\/\/meritstarlit.com\/sr\/dozvola-boravka-za-vas-i-vasu-porodicu","og_locale":"sr_RS","og_type":"article","og_title":"DOZVOLA ZA BORAVAK ZA MERIT STARLIT VLASNIKE - Merit Starlit","og_description":"Starlit projekat Merit International-a, nalazi se u sredi\u0161tu Balkana. Vlasnici 49 stanova mogu dobiti boravi\u0161nu dozvolu u Crnoj Gori nakon dobijanja vlasni\u010dkog lista. 49 privilegovanih investitora i njihovih porodica, ne samo da \u0107e posjedovati nekretnine sa visokim prihodima, ve\u0107 \u0107e tako\u0111e dobiti &#8222;dozvolu za boravak&#8220; od sjajne zvijezde Evrope, Crne Gore. U ovom procesu ne [&hellip;]","og_url":"https:\/\/meritstarlit.com\/sr\/dozvola-boravka-za-vas-i-vasu-porodicu","og_site_name":"Merit Starlit","article_modified_time":"2022-10-22T13:34:22+00:00","og_image":[{"url":"https:\/\/meritstarlit.com\/wp-content\/uploads\/2021\/05\/5DM45981a-1024x683.jpg"}],"twitter_card":"summary_large_image","twitter_misc":{"\u041f\u0440\u043e\u0446\u0435\u045a\u0435\u043d\u043e \u0432\u0440\u0435\u043c\u0435 \u0447\u0438\u0442\u0430\u045a\u0430":"2 \u043c\u0438\u043d\u0443\u0442\u0430"},"schema":{"@context":"https:\/\/schema.org","@graph":[{"@type":"WebSite","@id":"https:\/\/meritstarlit.com\/#website","url":"https:\/\/meritstarlit.com\/","name":"Merit Starlit","description":"Merit International&#039;\u0131n yeni projesi Merit Starlit Hotel &amp; Residence, Montenegro\u2019nun b\u00fcy\u00fcleyici sahil kenti Budva\u2019n\u0131n en merkezi konumunda y\u00fckseliyor.","potentialAction":[{"@type":"SearchAction","target":{"@type":"EntryPoint","urlTemplate":"https:\/\/meritstarlit.com\/?s={search_term_string}"},"query-input":"required name=search_term_string"}],"inLanguage":"sr-RS"},{"@type":"ImageObject","@id":"https:\/\/meritstarlit.com\/sr\/dozvola-boravka-za-vas-i-vasu-porodicu#primaryimage","inLanguage":"sr-RS","url":"https:\/\/meritstarlit.com\/wp-content\/uploads\/2021\/05\/5DM45981a.jpg","contentUrl":"https:\/\/meritstarlit.com\/wp-content\/uploads\/2021\/05\/5DM45981a.jpg","width":1200,"height":800},{"@type":"WebPage","@id":"https:\/\/meritstarlit.com\/sr\/dozvola-boravka-za-vas-i-vasu-porodicu#webpage","url":"https:\/\/meritstarlit.com\/sr\/dozvola-boravka-za-vas-i-vasu-porodicu","name":"DOZVOLA ZA BORAVAK ZA MERIT STARLIT VLASNIKE - Merit Starlit","isPartOf":{"@id":"https:\/\/meritstarlit.com\/#website"},"primaryImageOfPage":{"@id":"https:\/\/meritstarlit.com\/sr\/dozvola-boravka-za-vas-i-vasu-porodicu#primaryimage"},"datePublished":"2021-04-09T18:29:59+00:00","dateModified":"2022-10-22T13:34:22+00:00","breadcrumb":{"@id":"https:\/\/meritstarlit.com\/sr\/dozvola-boravka-za-vas-i-vasu-porodicu#breadcrumb"},"inLanguage":"sr-RS","potentialAction":[{"@type":"ReadAction","target":["https:\/\/meritstarlit.com\/sr\/dozvola-boravka-za-vas-i-vasu-porodicu"]}]},{"@type":"BreadcrumbList","@id":"https:\/\/meritstarlit.com\/sr\/dozvola-boravka-za-vas-i-vasu-porodicu#breadcrumb","itemListElement":[{"@type":"ListItem","position":1,"name":"Anasayfa","item":"https:\/\/meritstarlit.com\/sr"},{"@type":"ListItem","position":2,"name":"DOZVOLA ZA BORAVAK ZA MERIT STARLIT VLASNIKE"}]}]}},"_links":{"self":[{"href":"https:\/\/meritstarlit.com\/sr\/wp-json\/wp\/v2\/pages\/708"}],"collection":[{"href":"https:\/\/meritstarlit.com\/sr\/wp-json\/wp\/v2\/pages"}],"about":[{"href":"https:\/\/meritstarlit.com\/sr\/wp-json\/wp\/v2\/types\/page"}],"author":[{"embeddable":true,"href":"https:\/\/meritstarlit.com\/sr\/wp-json\/wp\/v2\/users\/2"}],"replies":[{"embeddable":true,"href":"https:\/\/meritstarlit.com\/sr\/wp-json\/wp\/v2\/comments?post=708"}],"version-history":[{"count":3,"href":"https:\/\/meritstarlit.com\/sr\/wp-json\/wp\/v2\/pages\/708\/revisions"}],"predecessor-version":[{"id":2109,"href":"https:\/\/meritstarlit.com\/sr\/wp-json\/wp\/v2\/pages\/708\/revisions\/2109"}],"wp:attachment":[{"href":"https:\/\/meritstarlit.com\/sr\/wp-json\/wp\/v2\/media?parent=708"}],"curies":[{"name":"wp","href":"https:\/\/api.w.org\/{rel}","templated":true}]}}