{"id":698,"date":"2021-04-09T18:31:27","date_gmt":"2021-04-09T18:31:27","guid":{"rendered":"https:\/\/meritstarlit.com\/meritin-harikalar-diyarina-hos-geldiniz"},"modified":"2022-10-22T14:55:22","modified_gmt":"2022-10-22T14:55:22","slug":"dobro-dosli-u-carobni-svijet-merita","status":"publish","type":"page","link":"https:\/\/meritstarlit.com\/sr\/dobro-dosli-u-carobni-svijet-merita","title":{"rendered":"PRIDRU\u017dITE NAM SE NA OVOJ JADRANSKOJ AVANTURI"},"content":{"rendered":"\n<p><strong>Merit Starlit ne samo da vam pru\u017ea veli\u010danstvenu nekretninu smje\u0161tenu u samom sredi\u0161tu Crne Gore, ve\u0107 kada jednom postanete vlasnik Starlit Residence, tako\u0111e \u0107ete zakora\u010diti u Meritov svijet pun privilegija.<\/strong><\/p>\n\n\n\n<p><\/p>\n\n\n\n<p><strong>NOVO DRU\u0160TVENO OKRU\u017dENJE<\/strong><\/p>\n\n\n\n<p>Sla\u017eemo li se svi koliko je va\u017eno i vrijedno poslovno umre\u017eavanje? U Merit Starlitu svi \u0107e dragi gosti imati priliku upoznati i povezati se sa brojnim uspje\u0161nim ljudima, a networking \u0107e dovesti do novih poslova, pru\u017eiti nove ideje i perspektive. Uspjeh u poslu je stvaranje veza. <strong>Zato je Merit Starlit pravo mjesto za vas.<\/strong><\/p>\n\n\n\n<p><strong>POVRATAK OD IZDAVANJA U EURIMA<\/strong><\/p>\n\n\n\n<p>Grad Budva, u kojem se svake godine udvostru\u010di broj turista, ima samo 1.500 hotelskih kreveta s pet zvjezdica. To zna\u010di da \u0107e ulaganje u Merit Starlit Residences donijeti sjajne povrate za 49 sretnih investitora. Vlasnici Merit Starlit Residences mo\u0107i \u0107e prepustiti finansijsko upravljanje investicijom Meritovim profesionalcima. Merit International ima \u0161irok portfolio klijenata, \u010dak i ako ste daleko, lako mo\u017eete imati koristi od usluga izdavanja nekretnine. Povrat od izdavanja va\u0161e imovine izra\u010dunava se u eurima, tako da \u0107ete imati koristi od dosljednosti Crne Gore i njene valute.<\/p>\n\n\n\n<p><\/p>\n\n\n\n<p><meta charset=\"utf-8\"><\/p>\n\n\n\n<figure class=\"wp-block-image size-large\"><img loading=\"lazy\" width=\"1024\" height=\"932\" src=\"https:\/\/meritstarlit.com\/wp-content\/uploads\/2022\/10\/Starlit-Kapak-1024x932.jpg\" alt=\"\" class=\"wp-image-1933\" srcset=\"https:\/\/meritstarlit.com\/wp-content\/uploads\/2022\/10\/Starlit-Kapak-1024x932.jpg 1024w, https:\/\/meritstarlit.com\/wp-content\/uploads\/2022\/10\/Starlit-Kapak-300x273.jpg 300w, https:\/\/meritstarlit.com\/wp-content\/uploads\/2022\/10\/Starlit-Kapak-768x699.jpg 768w, https:\/\/meritstarlit.com\/wp-content\/uploads\/2022\/10\/Starlit-Kapak.jpg 1099w\" sizes=\"(max-width: 1024px) 100vw, 1024px\" \/><\/figure>\n","protected":false},"excerpt":{"rendered":"<p>Merit Starlit ne samo da vam pru\u017ea veli\u010danstvenu nekretninu smje\u0161tenu u samom sredi\u0161tu Crne Gore, ve\u0107 kada jednom postanete vlasnik Starlit Residence, tako\u0111e \u0107ete zakora\u010diti u Meritov svijet pun privilegija. NOVO DRU\u0160TVENO OKRU\u017dENJE Sla\u017eemo li se svi koliko je va\u017eno i vrijedno poslovno umre\u017eavanje? U Merit Starlitu svi \u0107e dragi gosti imati priliku upoznati i [&hellip;]<\/p>\n","protected":false},"author":2,"featured_media":0,"parent":0,"menu_order":0,"comment_status":"closed","ping_status":"closed","template":"","meta":[],"yoast_head":"<!-- This site is optimized with the Yoast SEO plugin v17.0 - https:\/\/yoast.com\/wordpress\/plugins\/seo\/ -->\n<title>PRIDRU\u017dITE NAM SE NA OVOJ JADRANSKOJ AVANTURI - Merit Starlit<\/title>\n<meta name=\"robots\" content=\"index, follow, max-snippet:-1, max-image-preview:large, max-video-preview:-1\" \/>\n<link rel=\"canonical\" href=\"https:\/\/meritstarlit.com\/sr\/dobro-dosli-u-carobni-svijet-merita\" \/>\n<meta property=\"og:locale\" content=\"sr_RS\" \/>\n<meta property=\"og:type\" content=\"article\" \/>\n<meta property=\"og:title\" content=\"PRIDRU\u017dITE NAM SE NA OVOJ JADRANSKOJ AVANTURI - Merit Starlit\" \/>\n<meta property=\"og:description\" content=\"Merit Starlit ne samo da vam pru\u017ea veli\u010danstvenu nekretninu smje\u0161tenu u samom sredi\u0161tu Crne Gore, ve\u0107 kada jednom postanete vlasnik Starlit Residence, tako\u0111e \u0107ete zakora\u010diti u Meritov svijet pun privilegija. NOVO DRU\u0160TVENO OKRU\u017dENJE Sla\u017eemo li se svi koliko je va\u017eno i vrijedno poslovno umre\u017eavanje? U Merit Starlitu svi \u0107e dragi gosti imati priliku upoznati i [&hellip;]\" \/>\n<meta property=\"og:url\" content=\"https:\/\/meritstarlit.com\/sr\/dobro-dosli-u-carobni-svijet-merita\" \/>\n<meta property=\"og:site_name\" content=\"Merit Starlit\" \/>\n<meta property=\"article:modified_time\" content=\"2022-10-22T14:55:22+00:00\" \/>\n<meta property=\"og:image\" content=\"https:\/\/meritstarlit.com\/wp-content\/uploads\/2022\/10\/Starlit-Kapak-1024x932.jpg\" \/>\n<meta name=\"twitter:card\" content=\"summary_large_image\" \/>\n<meta name=\"twitter:label1\" content=\"\u041f\u0440\u043e\u0446\u0435\u045a\u0435\u043d\u043e \u0432\u0440\u0435\u043c\u0435 \u0447\u0438\u0442\u0430\u045a\u0430\" \/>\n\t<meta name=\"twitter:data1\" content=\"1 \u043c\u0438\u043d\u0443\u0442\" \/>\n<script type=\"application\/ld+json\" class=\"yoast-schema-graph\">{\"@context\":\"https:\/\/schema.org\",\"@graph\":[{\"@type\":\"WebSite\",\"@id\":\"https:\/\/meritstarlit.com\/#website\",\"url\":\"https:\/\/meritstarlit.com\/\",\"name\":\"Merit Starlit\",\"description\":\"Merit International&#039;\\u0131n yeni projesi Merit Starlit Hotel &amp; Residence, Montenegro\\u2019nun b\\u00fcy\\u00fcleyici sahil kenti Budva\\u2019n\\u0131n en merkezi konumunda y\\u00fckseliyor.\",\"potentialAction\":[{\"@type\":\"SearchAction\",\"target\":{\"@type\":\"EntryPoint\",\"urlTemplate\":\"https:\/\/meritstarlit.com\/?s={search_term_string}\"},\"query-input\":\"required name=search_term_string\"}],\"inLanguage\":\"sr-RS\"},{\"@type\":\"ImageObject\",\"@id\":\"https:\/\/meritstarlit.com\/sr\/dobro-dosli-u-carobni-svijet-merita#primaryimage\",\"inLanguage\":\"sr-RS\",\"url\":\"https:\/\/meritstarlit.com\/wp-content\/uploads\/2022\/10\/Starlit-Kapak.jpg\",\"contentUrl\":\"https:\/\/meritstarlit.com\/wp-content\/uploads\/2022\/10\/Starlit-Kapak.jpg\",\"width\":1099,\"height\":1000},{\"@type\":\"WebPage\",\"@id\":\"https:\/\/meritstarlit.com\/sr\/dobro-dosli-u-carobni-svijet-merita#webpage\",\"url\":\"https:\/\/meritstarlit.com\/sr\/dobro-dosli-u-carobni-svijet-merita\",\"name\":\"PRIDRU\\u017dITE NAM SE NA OVOJ JADRANSKOJ AVANTURI - Merit Starlit\",\"isPartOf\":{\"@id\":\"https:\/\/meritstarlit.com\/#website\"},\"primaryImageOfPage\":{\"@id\":\"https:\/\/meritstarlit.com\/sr\/dobro-dosli-u-carobni-svijet-merita#primaryimage\"},\"datePublished\":\"2021-04-09T18:31:27+00:00\",\"dateModified\":\"2022-10-22T14:55:22+00:00\",\"breadcrumb\":{\"@id\":\"https:\/\/meritstarlit.com\/sr\/dobro-dosli-u-carobni-svijet-merita#breadcrumb\"},\"inLanguage\":\"sr-RS\",\"potentialAction\":[{\"@type\":\"ReadAction\",\"target\":[\"https:\/\/meritstarlit.com\/sr\/dobro-dosli-u-carobni-svijet-merita\"]}]},{\"@type\":\"BreadcrumbList\",\"@id\":\"https:\/\/meritstarlit.com\/sr\/dobro-dosli-u-carobni-svijet-merita#breadcrumb\",\"itemListElement\":[{\"@type\":\"ListItem\",\"position\":1,\"name\":\"Anasayfa\",\"item\":\"https:\/\/meritstarlit.com\/sr\"},{\"@type\":\"ListItem\",\"position\":2,\"name\":\"PRIDRU\\u017dITE NAM SE NA OVOJ JADRANSKOJ AVANTURI\"}]}]}<\/script>\n<!-- \/ Yoast SEO plugin. -->","yoast_head_json":{"title":"PRIDRU\u017dITE NAM SE NA OVOJ JADRANSKOJ AVANTURI - Merit Starlit","robots":{"index":"index","follow":"follow","max-snippet":"max-snippet:-1","max-image-preview":"max-image-preview:large","max-video-preview":"max-video-preview:-1"},"canonical":"https:\/\/meritstarlit.com\/sr\/dobro-dosli-u-carobni-svijet-merita","og_locale":"sr_RS","og_type":"article","og_title":"PRIDRU\u017dITE NAM SE NA OVOJ JADRANSKOJ AVANTURI - Merit Starlit","og_description":"Merit Starlit ne samo da vam pru\u017ea veli\u010danstvenu nekretninu smje\u0161tenu u samom sredi\u0161tu Crne Gore, ve\u0107 kada jednom postanete vlasnik Starlit Residence, tako\u0111e \u0107ete zakora\u010diti u Meritov svijet pun privilegija. NOVO DRU\u0160TVENO OKRU\u017dENJE Sla\u017eemo li se svi koliko je va\u017eno i vrijedno poslovno umre\u017eavanje? U Merit Starlitu svi \u0107e dragi gosti imati priliku upoznati i [&hellip;]","og_url":"https:\/\/meritstarlit.com\/sr\/dobro-dosli-u-carobni-svijet-merita","og_site_name":"Merit Starlit","article_modified_time":"2022-10-22T14:55:22+00:00","og_image":[{"url":"https:\/\/meritstarlit.com\/wp-content\/uploads\/2022\/10\/Starlit-Kapak-1024x932.jpg"}],"twitter_card":"summary_large_image","twitter_misc":{"\u041f\u0440\u043e\u0446\u0435\u045a\u0435\u043d\u043e \u0432\u0440\u0435\u043c\u0435 \u0447\u0438\u0442\u0430\u045a\u0430":"1 \u043c\u0438\u043d\u0443\u0442"},"schema":{"@context":"https:\/\/schema.org","@graph":[{"@type":"WebSite","@id":"https:\/\/meritstarlit.com\/#website","url":"https:\/\/meritstarlit.com\/","name":"Merit Starlit","description":"Merit International&#039;\u0131n yeni projesi Merit Starlit Hotel &amp; Residence, Montenegro\u2019nun b\u00fcy\u00fcleyici sahil kenti Budva\u2019n\u0131n en merkezi konumunda y\u00fckseliyor.","potentialAction":[{"@type":"SearchAction","target":{"@type":"EntryPoint","urlTemplate":"https:\/\/meritstarlit.com\/?s={search_term_string}"},"query-input":"required name=search_term_string"}],"inLanguage":"sr-RS"},{"@type":"ImageObject","@id":"https:\/\/meritstarlit.com\/sr\/dobro-dosli-u-carobni-svijet-merita#primaryimage","inLanguage":"sr-RS","url":"https:\/\/meritstarlit.com\/wp-content\/uploads\/2022\/10\/Starlit-Kapak.jpg","contentUrl":"https:\/\/meritstarlit.com\/wp-content\/uploads\/2022\/10\/Starlit-Kapak.jpg","width":1099,"height":1000},{"@type":"WebPage","@id":"https:\/\/meritstarlit.com\/sr\/dobro-dosli-u-carobni-svijet-merita#webpage","url":"https:\/\/meritstarlit.com\/sr\/dobro-dosli-u-carobni-svijet-merita","name":"PRIDRU\u017dITE NAM SE NA OVOJ JADRANSKOJ AVANTURI - Merit Starlit","isPartOf":{"@id":"https:\/\/meritstarlit.com\/#website"},"primaryImageOfPage":{"@id":"https:\/\/meritstarlit.com\/sr\/dobro-dosli-u-carobni-svijet-merita#primaryimage"},"datePublished":"2021-04-09T18:31:27+00:00","dateModified":"2022-10-22T14:55:22+00:00","breadcrumb":{"@id":"https:\/\/meritstarlit.com\/sr\/dobro-dosli-u-carobni-svijet-merita#breadcrumb"},"inLanguage":"sr-RS","potentialAction":[{"@type":"ReadAction","target":["https:\/\/meritstarlit.com\/sr\/dobro-dosli-u-carobni-svijet-merita"]}]},{"@type":"BreadcrumbList","@id":"https:\/\/meritstarlit.com\/sr\/dobro-dosli-u-carobni-svijet-merita#breadcrumb","itemListElement":[{"@type":"ListItem","position":1,"name":"Anasayfa","item":"https:\/\/meritstarlit.com\/sr"},{"@type":"ListItem","position":2,"name":"PRIDRU\u017dITE NAM SE NA OVOJ JADRANSKOJ AVANTURI"}]}]}},"_links":{"self":[{"href":"https:\/\/meritstarlit.com\/sr\/wp-json\/wp\/v2\/pages\/698"}],"collection":[{"href":"https:\/\/meritstarlit.com\/sr\/wp-json\/wp\/v2\/pages"}],"about":[{"href":"https:\/\/meritstarlit.com\/sr\/wp-json\/wp\/v2\/types\/page"}],"author":[{"embeddable":true,"href":"https:\/\/meritstarlit.com\/sr\/wp-json\/wp\/v2\/users\/2"}],"replies":[{"embeddable":true,"href":"https:\/\/meritstarlit.com\/sr\/wp-json\/wp\/v2\/comments?post=698"}],"version-history":[{"count":7,"href":"https:\/\/meritstarlit.com\/sr\/wp-json\/wp\/v2\/pages\/698\/revisions"}],"predecessor-version":[{"id":2141,"href":"https:\/\/meritstarlit.com\/sr\/wp-json\/wp\/v2\/pages\/698\/revisions\/2141"}],"wp:attachment":[{"href":"https:\/\/meritstarlit.com\/sr\/wp-json\/wp\/v2\/media?parent=698"}],"curies":[{"name":"wp","href":"https:\/\/api.w.org\/{rel}","templated":true}]}}