{"id":680,"date":"2021-04-18T18:42:34","date_gmt":"2021-04-18T18:42:34","guid":{"rendered":"https:\/\/meritstarlit.com\/merit-misafirlerine-ozel-muhtesem-bir-plaj"},"modified":"2021-11-02T12:31:50","modified_gmt":"2021-11-02T12:31:50","slug":"predivna-privatna-plaza-za-meritove-goste","status":"publish","type":"page","link":"https:\/\/meritstarlit.com\/sr\/predivna-privatna-plaza-za-meritove-goste","title":{"rendered":"PREDIVNA PRIVATNA PLA\u017dA ZA MERITOVE GOSTE"},"content":{"rendered":"\n<p><strong>Stanovnici Merit Hotel &amp; Residence u\u017eivat \u0107e u nezaboravnom ljetnjem iskustvu koje podrazumijeva muziku, hranu i zabavu na butik pla\u017ei u centru Budve. Pripremljena s luksuznim konceptom &#8222;boutique beach&#8220;, pla\u017ea Starlit \u0107e biti va\u0161a omiljena adresa tokom ljetnih dana<\/strong><\/p>\n\n\n\n<p>Merit Starlit Hotel &amp; Residence nalazi se u samom centru Budve i nudi privatnu pla\u017eu za goste koji vole more i pla\u017eu. Do\u017eivljaj &#8222;Boutique Beach&#8220; ovdje vam je na dohvat ruke. Usluga buggy vozila \u0107e biti dostupne od Merit Starlit Hotel &amp; Residence do Starlit pla\u017ee tokom cijelog dana. Na Starlit pla\u017ei nalazi se divan restoran koji \u0107e va\u0161 odmor u Crnoj Gori u\u010diniti nezaboravnim, u kojem mo\u017eete degustirati najukusnija jela u gradu. Iskusni kulinarski tim Merit-a, priprema\u0107e vam lagane, svje\u017ee i originalne jelovnike temeljene na jedinstvenim mediteranskim ukusima. Kako ve\u010de bude odmicalo, mjesto \u0107e se pretvoriti u no\u0107ni klub u kojem \u0107e se odr\u017eavati privatne zabave uz o\u010daravaju\u0107i zalazak Jadrana.<\/p>\n\n\n\n<figure class=\"wp-block-gallery columns-1 is-cropped\"><ul class=\"blocks-gallery-grid\"><li class=\"blocks-gallery-item\"><figure><img loading=\"lazy\" width=\"1024\" height=\"683\" src=\"https:\/\/meritstarlit.com\/wp-content\/uploads\/2021\/09\/Beach-Eg\u0306lenen-insanlar-1024x683.jpg\" alt=\"\" data-id=\"1495\" data-full-url=\"https:\/\/meritstarlit.com\/wp-content\/uploads\/2021\/09\/Beach-Eg\u0306lenen-insanlar-scaled.jpg\" data-link=\"https:\/\/meritstarlit.com\/merit-misafirlerine-ozel-muhtesem-bir-plaj\/crowdofpeopleorfriendsrunstosunsetsea-beach\" class=\"wp-image-1499\" srcset=\"https:\/\/meritstarlit.com\/wp-content\/uploads\/2021\/09\/Beach-Eg\u0306lenen-insanlar-1024x683.jpg 1024w, https:\/\/meritstarlit.com\/wp-content\/uploads\/2021\/09\/Beach-Eg\u0306lenen-insanlar-300x200.jpg 300w, https:\/\/meritstarlit.com\/wp-content\/uploads\/2021\/09\/Beach-Eg\u0306lenen-insanlar-768x513.jpg 768w, https:\/\/meritstarlit.com\/wp-content\/uploads\/2021\/09\/Beach-Eg\u0306lenen-insanlar-1536x1025.jpg 1536w, https:\/\/meritstarlit.com\/wp-content\/uploads\/2021\/09\/Beach-Eg\u0306lenen-insanlar-2048x1367.jpg 2048w\" sizes=\"(max-width: 1024px) 100vw, 1024px\" \/><\/figure><\/li><\/ul><\/figure>\n","protected":false},"excerpt":{"rendered":"<p>Stanovnici Merit Hotel &amp; Residence u\u017eivat \u0107e u nezaboravnom ljetnjem iskustvu koje podrazumijeva muziku, hranu i zabavu na butik pla\u017ei u centru Budve. Pripremljena s luksuznim konceptom &#8222;boutique beach&#8220;, pla\u017ea Starlit \u0107e biti va\u0161a omiljena adresa tokom ljetnih dana Merit Starlit Hotel &amp; Residence nalazi se u samom centru Budve i nudi privatnu pla\u017eu za [&hellip;]<\/p>\n","protected":false},"author":2,"featured_media":0,"parent":0,"menu_order":0,"comment_status":"closed","ping_status":"closed","template":"","meta":[],"yoast_head":"<!-- This site is optimized with the Yoast SEO plugin v17.0 - https:\/\/yoast.com\/wordpress\/plugins\/seo\/ -->\n<title>PREDIVNA PRIVATNA PLA\u017dA ZA MERITOVE GOSTE - Merit Starlit<\/title>\n<meta name=\"robots\" content=\"index, follow, max-snippet:-1, max-image-preview:large, max-video-preview:-1\" \/>\n<link rel=\"canonical\" href=\"https:\/\/meritstarlit.com\/sr\/predivna-privatna-plaza-za-meritove-goste\" \/>\n<meta property=\"og:locale\" content=\"sr_RS\" \/>\n<meta property=\"og:type\" content=\"article\" \/>\n<meta property=\"og:title\" content=\"PREDIVNA PRIVATNA PLA\u017dA ZA MERITOVE GOSTE - Merit Starlit\" \/>\n<meta property=\"og:description\" content=\"Stanovnici Merit Hotel &amp; Residence u\u017eivat \u0107e u nezaboravnom ljetnjem iskustvu koje podrazumijeva muziku, hranu i zabavu na butik pla\u017ei u centru Budve. Pripremljena s luksuznim konceptom &#8222;boutique beach&#8220;, pla\u017ea Starlit \u0107e biti va\u0161a omiljena adresa tokom ljetnih dana Merit Starlit Hotel &amp; Residence nalazi se u samom centru Budve i nudi privatnu pla\u017eu za [&hellip;]\" \/>\n<meta property=\"og:url\" content=\"https:\/\/meritstarlit.com\/sr\/predivna-privatna-plaza-za-meritove-goste\" \/>\n<meta property=\"og:site_name\" content=\"Merit Starlit\" \/>\n<meta property=\"article:modified_time\" content=\"2021-11-02T12:31:50+00:00\" \/>\n<meta property=\"og:image\" content=\"https:\/\/meritstarlit.com\/wp-content\/uploads\/2021\/09\/Beach-Eg\u0306lenen-insanlar-1024x683.jpg\" \/>\n<meta name=\"twitter:card\" content=\"summary_large_image\" \/>\n<meta name=\"twitter:label1\" content=\"\u041f\u0440\u043e\u0446\u0435\u045a\u0435\u043d\u043e \u0432\u0440\u0435\u043c\u0435 \u0447\u0438\u0442\u0430\u045a\u0430\" \/>\n\t<meta name=\"twitter:data1\" content=\"1 \u043c\u0438\u043d\u0443\u0442\" \/>\n<script type=\"application\/ld+json\" class=\"yoast-schema-graph\">{\"@context\":\"https:\/\/schema.org\",\"@graph\":[{\"@type\":\"WebSite\",\"@id\":\"https:\/\/meritstarlit.com\/#website\",\"url\":\"https:\/\/meritstarlit.com\/\",\"name\":\"Merit Starlit\",\"description\":\"Merit International&#039;\\u0131n yeni projesi Merit Starlit Hotel &amp; Residence, Montenegro\\u2019nun b\\u00fcy\\u00fcleyici sahil kenti Budva\\u2019n\\u0131n en merkezi konumunda y\\u00fckseliyor.\",\"potentialAction\":[{\"@type\":\"SearchAction\",\"target\":{\"@type\":\"EntryPoint\",\"urlTemplate\":\"https:\/\/meritstarlit.com\/?s={search_term_string}\"},\"query-input\":\"required name=search_term_string\"}],\"inLanguage\":\"sr-RS\"},{\"@type\":\"ImageObject\",\"@id\":\"https:\/\/meritstarlit.com\/sr\/predivna-privatna-plaza-za-meritove-goste#primaryimage\",\"inLanguage\":\"sr-RS\",\"url\":\"https:\/\/meritstarlit.com\/wp-content\/uploads\/2021\/09\/Beach-Eg\\u0306lenen-insanlar-scaled.jpg\",\"contentUrl\":\"https:\/\/meritstarlit.com\/wp-content\/uploads\/2021\/09\/Beach-Eg\\u0306lenen-insanlar-scaled.jpg\",\"width\":2560,\"height\":1709},{\"@type\":\"WebPage\",\"@id\":\"https:\/\/meritstarlit.com\/sr\/predivna-privatna-plaza-za-meritove-goste#webpage\",\"url\":\"https:\/\/meritstarlit.com\/sr\/predivna-privatna-plaza-za-meritove-goste\",\"name\":\"PREDIVNA PRIVATNA PLA\\u017dA ZA MERITOVE GOSTE - Merit Starlit\",\"isPartOf\":{\"@id\":\"https:\/\/meritstarlit.com\/#website\"},\"primaryImageOfPage\":{\"@id\":\"https:\/\/meritstarlit.com\/sr\/predivna-privatna-plaza-za-meritove-goste#primaryimage\"},\"datePublished\":\"2021-04-18T18:42:34+00:00\",\"dateModified\":\"2021-11-02T12:31:50+00:00\",\"breadcrumb\":{\"@id\":\"https:\/\/meritstarlit.com\/sr\/predivna-privatna-plaza-za-meritove-goste#breadcrumb\"},\"inLanguage\":\"sr-RS\",\"potentialAction\":[{\"@type\":\"ReadAction\",\"target\":[\"https:\/\/meritstarlit.com\/sr\/predivna-privatna-plaza-za-meritove-goste\"]}]},{\"@type\":\"BreadcrumbList\",\"@id\":\"https:\/\/meritstarlit.com\/sr\/predivna-privatna-plaza-za-meritove-goste#breadcrumb\",\"itemListElement\":[{\"@type\":\"ListItem\",\"position\":1,\"name\":\"Anasayfa\",\"item\":\"https:\/\/meritstarlit.com\/sr\"},{\"@type\":\"ListItem\",\"position\":2,\"name\":\"PREDIVNA PRIVATNA PLA\\u017dA ZA MERITOVE GOSTE\"}]}]}<\/script>\n<!-- \/ Yoast SEO plugin. -->","yoast_head_json":{"title":"PREDIVNA PRIVATNA PLA\u017dA ZA MERITOVE GOSTE - Merit Starlit","robots":{"index":"index","follow":"follow","max-snippet":"max-snippet:-1","max-image-preview":"max-image-preview:large","max-video-preview":"max-video-preview:-1"},"canonical":"https:\/\/meritstarlit.com\/sr\/predivna-privatna-plaza-za-meritove-goste","og_locale":"sr_RS","og_type":"article","og_title":"PREDIVNA PRIVATNA PLA\u017dA ZA MERITOVE GOSTE - Merit Starlit","og_description":"Stanovnici Merit Hotel &amp; Residence u\u017eivat \u0107e u nezaboravnom ljetnjem iskustvu koje podrazumijeva muziku, hranu i zabavu na butik pla\u017ei u centru Budve. Pripremljena s luksuznim konceptom &#8222;boutique beach&#8220;, pla\u017ea Starlit \u0107e biti va\u0161a omiljena adresa tokom ljetnih dana Merit Starlit Hotel &amp; Residence nalazi se u samom centru Budve i nudi privatnu pla\u017eu za [&hellip;]","og_url":"https:\/\/meritstarlit.com\/sr\/predivna-privatna-plaza-za-meritove-goste","og_site_name":"Merit Starlit","article_modified_time":"2021-11-02T12:31:50+00:00","og_image":[{"url":"https:\/\/meritstarlit.com\/wp-content\/uploads\/2021\/09\/Beach-Eg\u0306lenen-insanlar-1024x683.jpg"}],"twitter_card":"summary_large_image","twitter_misc":{"\u041f\u0440\u043e\u0446\u0435\u045a\u0435\u043d\u043e \u0432\u0440\u0435\u043c\u0435 \u0447\u0438\u0442\u0430\u045a\u0430":"1 \u043c\u0438\u043d\u0443\u0442"},"schema":{"@context":"https:\/\/schema.org","@graph":[{"@type":"WebSite","@id":"https:\/\/meritstarlit.com\/#website","url":"https:\/\/meritstarlit.com\/","name":"Merit Starlit","description":"Merit International&#039;\u0131n yeni projesi Merit Starlit Hotel &amp; Residence, Montenegro\u2019nun b\u00fcy\u00fcleyici sahil kenti Budva\u2019n\u0131n en merkezi konumunda y\u00fckseliyor.","potentialAction":[{"@type":"SearchAction","target":{"@type":"EntryPoint","urlTemplate":"https:\/\/meritstarlit.com\/?s={search_term_string}"},"query-input":"required name=search_term_string"}],"inLanguage":"sr-RS"},{"@type":"ImageObject","@id":"https:\/\/meritstarlit.com\/sr\/predivna-privatna-plaza-za-meritove-goste#primaryimage","inLanguage":"sr-RS","url":"https:\/\/meritstarlit.com\/wp-content\/uploads\/2021\/09\/Beach-Eg\u0306lenen-insanlar-scaled.jpg","contentUrl":"https:\/\/meritstarlit.com\/wp-content\/uploads\/2021\/09\/Beach-Eg\u0306lenen-insanlar-scaled.jpg","width":2560,"height":1709},{"@type":"WebPage","@id":"https:\/\/meritstarlit.com\/sr\/predivna-privatna-plaza-za-meritove-goste#webpage","url":"https:\/\/meritstarlit.com\/sr\/predivna-privatna-plaza-za-meritove-goste","name":"PREDIVNA PRIVATNA PLA\u017dA ZA MERITOVE GOSTE - Merit Starlit","isPartOf":{"@id":"https:\/\/meritstarlit.com\/#website"},"primaryImageOfPage":{"@id":"https:\/\/meritstarlit.com\/sr\/predivna-privatna-plaza-za-meritove-goste#primaryimage"},"datePublished":"2021-04-18T18:42:34+00:00","dateModified":"2021-11-02T12:31:50+00:00","breadcrumb":{"@id":"https:\/\/meritstarlit.com\/sr\/predivna-privatna-plaza-za-meritove-goste#breadcrumb"},"inLanguage":"sr-RS","potentialAction":[{"@type":"ReadAction","target":["https:\/\/meritstarlit.com\/sr\/predivna-privatna-plaza-za-meritove-goste"]}]},{"@type":"BreadcrumbList","@id":"https:\/\/meritstarlit.com\/sr\/predivna-privatna-plaza-za-meritove-goste#breadcrumb","itemListElement":[{"@type":"ListItem","position":1,"name":"Anasayfa","item":"https:\/\/meritstarlit.com\/sr"},{"@type":"ListItem","position":2,"name":"PREDIVNA PRIVATNA PLA\u017dA ZA MERITOVE GOSTE"}]}]}},"_links":{"self":[{"href":"https:\/\/meritstarlit.com\/sr\/wp-json\/wp\/v2\/pages\/680"}],"collection":[{"href":"https:\/\/meritstarlit.com\/sr\/wp-json\/wp\/v2\/pages"}],"about":[{"href":"https:\/\/meritstarlit.com\/sr\/wp-json\/wp\/v2\/types\/page"}],"author":[{"embeddable":true,"href":"https:\/\/meritstarlit.com\/sr\/wp-json\/wp\/v2\/users\/2"}],"replies":[{"embeddable":true,"href":"https:\/\/meritstarlit.com\/sr\/wp-json\/wp\/v2\/comments?post=680"}],"version-history":[{"count":5,"href":"https:\/\/meritstarlit.com\/sr\/wp-json\/wp\/v2\/pages\/680\/revisions"}],"predecessor-version":[{"id":1770,"href":"https:\/\/meritstarlit.com\/sr\/wp-json\/wp\/v2\/pages\/680\/revisions\/1770"}],"wp:attachment":[{"href":"https:\/\/meritstarlit.com\/sr\/wp-json\/wp\/v2\/media?parent=680"}],"curies":[{"name":"wp","href":"https:\/\/api.w.org\/{rel}","templated":true}]}}