{"id":662,"date":"2021-04-18T18:44:36","date_gmt":"2021-04-18T18:44:36","guid":{"rendered":"https:\/\/meritstarlit.com\/sevdiginiz-lezzetler-budvada-da-sizinle"},"modified":"2022-10-22T14:38:03","modified_gmt":"2022-10-22T14:38:03","slug":"ukusi-koje-volite-su-sa-vama-u-budvi","status":"publish","type":"page","link":"https:\/\/meritstarlit.com\/sr\/ukusi-koje-volite-su-sa-vama-u-budvi","title":{"rendered":"SVIJET IZUZETNIH UKUSA I BESKRAJNIH U\u017dITAKA"},"content":{"rendered":"\n<p><strong>Kada se jednostavni i svje\u017ei sastojci pretvore u gastronomsku rapsodiju. Dobrodo\u0161li u Merit Starlit \u2013 svijet izuzetnih ukusa i beskrajnog u\u017eitka!<\/strong><\/p>\n\n\n\n<p>Merit Starlit Hotel &amp; Residence se nalazi u samom centru Budve. Dva fantasti\u010dna restorana u prizemlju na\u0161eg projekta, \u010dekaju na Vas. Na\u0161i vrhunski restorani, koji \u0107e napraviti razliku svojim rasko\u0161nim jelovnicima, posebnim receptima i originalnim prezentacijama koje pa\u017eljivo pripremaju Meritovi kuvari, tako\u0111e pru\u017eaju usluge za stanovnike Merit Starlit rezidencija 24\/7. Na\u0161i restorani \u0107e gostima pru\u017eiti najrje\u0111e okuse svjetskih kuhinja i mogu zadovoljiti \u010de\u017enju gostiju za turskom kuhinjom u ovoj stranoj zemlji. Tre\u0107e mjesto pru\u017eanja usluga gostima je \u201cRoof Lounge Bar\u201d koji se nalazi na terasi Merit Starlit-a. Na terasi obasjanoj svjetlo\u0161\u0107u zvijezda mo\u017eete u\u017eivati u ukusnoj hrani i pi\u0107u uz o\u010daravaju\u0107i panoramski pogled na more i Jadran.<\/p>\n\n\n\n<figure class=\"wp-block-image size-large\"><img loading=\"lazy\" width=\"1024\" height=\"683\" src=\"https:\/\/meritstarlit.com\/wp-content\/uploads\/2021\/05\/rest-1-1024x683.jpg\" alt=\"\" class=\"wp-image-669\" srcset=\"https:\/\/meritstarlit.com\/wp-content\/uploads\/2021\/05\/rest-1-1024x683.jpg 1024w, https:\/\/meritstarlit.com\/wp-content\/uploads\/2021\/05\/rest-1-300x200.jpg 300w, https:\/\/meritstarlit.com\/wp-content\/uploads\/2021\/05\/rest-1-768x512.jpg 768w, https:\/\/meritstarlit.com\/wp-content\/uploads\/2021\/05\/rest-1.jpg 1200w\" sizes=\"(max-width: 1024px) 100vw, 1024px\" \/><\/figure>\n\n\n\n<figure class=\"wp-block-image size-large\"><img loading=\"lazy\" width=\"1024\" height=\"683\" src=\"https:\/\/meritstarlit.com\/wp-content\/uploads\/2021\/05\/rest-2-1024x683.jpg\" alt=\"\" class=\"wp-image-670\" srcset=\"https:\/\/meritstarlit.com\/wp-content\/uploads\/2021\/05\/rest-2-1024x683.jpg 1024w, https:\/\/meritstarlit.com\/wp-content\/uploads\/2021\/05\/rest-2-300x200.jpg 300w, https:\/\/meritstarlit.com\/wp-content\/uploads\/2021\/05\/rest-2-768x512.jpg 768w, https:\/\/meritstarlit.com\/wp-content\/uploads\/2021\/05\/rest-2.jpg 1200w\" sizes=\"(max-width: 1024px) 100vw, 1024px\" \/><\/figure>\n","protected":false},"excerpt":{"rendered":"<p>Kada se jednostavni i svje\u017ei sastojci pretvore u gastronomsku rapsodiju. Dobrodo\u0161li u Merit Starlit \u2013 svijet izuzetnih ukusa i beskrajnog u\u017eitka! Merit Starlit Hotel &amp; Residence se nalazi u samom centru Budve. Dva fantasti\u010dna restorana u prizemlju na\u0161eg projekta, \u010dekaju na Vas. Na\u0161i vrhunski restorani, koji \u0107e napraviti razliku svojim rasko\u0161nim jelovnicima, posebnim receptima i [&hellip;]<\/p>\n","protected":false},"author":2,"featured_media":0,"parent":0,"menu_order":0,"comment_status":"closed","ping_status":"closed","template":"","meta":[],"yoast_head":"<!-- This site is optimized with the Yoast SEO plugin v17.0 - https:\/\/yoast.com\/wordpress\/plugins\/seo\/ -->\n<title>SVIJET IZUZETNIH UKUSA I BESKRAJNIH U\u017dITAKA - Merit Starlit<\/title>\n<meta name=\"robots\" content=\"index, follow, max-snippet:-1, max-image-preview:large, max-video-preview:-1\" \/>\n<link rel=\"canonical\" href=\"https:\/\/meritstarlit.com\/sr\/ukusi-koje-volite-su-sa-vama-u-budvi\" \/>\n<meta property=\"og:locale\" content=\"sr_RS\" \/>\n<meta property=\"og:type\" content=\"article\" \/>\n<meta property=\"og:title\" content=\"SVIJET IZUZETNIH UKUSA I BESKRAJNIH U\u017dITAKA - Merit Starlit\" \/>\n<meta property=\"og:description\" content=\"Kada se jednostavni i svje\u017ei sastojci pretvore u gastronomsku rapsodiju. Dobrodo\u0161li u Merit Starlit \u2013 svijet izuzetnih ukusa i beskrajnog u\u017eitka! Merit Starlit Hotel &amp; Residence se nalazi u samom centru Budve. Dva fantasti\u010dna restorana u prizemlju na\u0161eg projekta, \u010dekaju na Vas. Na\u0161i vrhunski restorani, koji \u0107e napraviti razliku svojim rasko\u0161nim jelovnicima, posebnim receptima i [&hellip;]\" \/>\n<meta property=\"og:url\" content=\"https:\/\/meritstarlit.com\/sr\/ukusi-koje-volite-su-sa-vama-u-budvi\" \/>\n<meta property=\"og:site_name\" content=\"Merit Starlit\" \/>\n<meta property=\"article:modified_time\" content=\"2022-10-22T14:38:03+00:00\" \/>\n<meta property=\"og:image\" content=\"https:\/\/meritstarlit.com\/wp-content\/uploads\/2021\/05\/rest-1-1024x683.jpg\" \/>\n<meta name=\"twitter:card\" content=\"summary_large_image\" \/>\n<meta name=\"twitter:label1\" content=\"\u041f\u0440\u043e\u0446\u0435\u045a\u0435\u043d\u043e \u0432\u0440\u0435\u043c\u0435 \u0447\u0438\u0442\u0430\u045a\u0430\" \/>\n\t<meta name=\"twitter:data1\" content=\"1 \u043c\u0438\u043d\u0443\u0442\" \/>\n<script type=\"application\/ld+json\" class=\"yoast-schema-graph\">{\"@context\":\"https:\/\/schema.org\",\"@graph\":[{\"@type\":\"WebSite\",\"@id\":\"https:\/\/meritstarlit.com\/#website\",\"url\":\"https:\/\/meritstarlit.com\/\",\"name\":\"Merit Starlit\",\"description\":\"Merit International&#039;\\u0131n yeni projesi Merit Starlit Hotel &amp; Residence, Montenegro\\u2019nun b\\u00fcy\\u00fcleyici sahil kenti Budva\\u2019n\\u0131n en merkezi konumunda y\\u00fckseliyor.\",\"potentialAction\":[{\"@type\":\"SearchAction\",\"target\":{\"@type\":\"EntryPoint\",\"urlTemplate\":\"https:\/\/meritstarlit.com\/?s={search_term_string}\"},\"query-input\":\"required name=search_term_string\"}],\"inLanguage\":\"sr-RS\"},{\"@type\":\"ImageObject\",\"@id\":\"https:\/\/meritstarlit.com\/sr\/ukusi-koje-volite-su-sa-vama-u-budvi#primaryimage\",\"inLanguage\":\"sr-RS\",\"url\":\"https:\/\/meritstarlit.com\/wp-content\/uploads\/2021\/05\/rest-1.jpg\",\"contentUrl\":\"https:\/\/meritstarlit.com\/wp-content\/uploads\/2021\/05\/rest-1.jpg\",\"width\":1200,\"height\":800},{\"@type\":\"WebPage\",\"@id\":\"https:\/\/meritstarlit.com\/sr\/ukusi-koje-volite-su-sa-vama-u-budvi#webpage\",\"url\":\"https:\/\/meritstarlit.com\/sr\/ukusi-koje-volite-su-sa-vama-u-budvi\",\"name\":\"SVIJET IZUZETNIH UKUSA I BESKRAJNIH U\\u017dITAKA - Merit Starlit\",\"isPartOf\":{\"@id\":\"https:\/\/meritstarlit.com\/#website\"},\"primaryImageOfPage\":{\"@id\":\"https:\/\/meritstarlit.com\/sr\/ukusi-koje-volite-su-sa-vama-u-budvi#primaryimage\"},\"datePublished\":\"2021-04-18T18:44:36+00:00\",\"dateModified\":\"2022-10-22T14:38:03+00:00\",\"breadcrumb\":{\"@id\":\"https:\/\/meritstarlit.com\/sr\/ukusi-koje-volite-su-sa-vama-u-budvi#breadcrumb\"},\"inLanguage\":\"sr-RS\",\"potentialAction\":[{\"@type\":\"ReadAction\",\"target\":[\"https:\/\/meritstarlit.com\/sr\/ukusi-koje-volite-su-sa-vama-u-budvi\"]}]},{\"@type\":\"BreadcrumbList\",\"@id\":\"https:\/\/meritstarlit.com\/sr\/ukusi-koje-volite-su-sa-vama-u-budvi#breadcrumb\",\"itemListElement\":[{\"@type\":\"ListItem\",\"position\":1,\"name\":\"Anasayfa\",\"item\":\"https:\/\/meritstarlit.com\/sr\"},{\"@type\":\"ListItem\",\"position\":2,\"name\":\"SVIJET IZUZETNIH UKUSA I BESKRAJNIH U\\u017dITAKA\"}]}]}<\/script>\n<!-- \/ Yoast SEO plugin. -->","yoast_head_json":{"title":"SVIJET IZUZETNIH UKUSA I BESKRAJNIH U\u017dITAKA - Merit Starlit","robots":{"index":"index","follow":"follow","max-snippet":"max-snippet:-1","max-image-preview":"max-image-preview:large","max-video-preview":"max-video-preview:-1"},"canonical":"https:\/\/meritstarlit.com\/sr\/ukusi-koje-volite-su-sa-vama-u-budvi","og_locale":"sr_RS","og_type":"article","og_title":"SVIJET IZUZETNIH UKUSA I BESKRAJNIH U\u017dITAKA - Merit Starlit","og_description":"Kada se jednostavni i svje\u017ei sastojci pretvore u gastronomsku rapsodiju. Dobrodo\u0161li u Merit Starlit \u2013 svijet izuzetnih ukusa i beskrajnog u\u017eitka! Merit Starlit Hotel &amp; Residence se nalazi u samom centru Budve. Dva fantasti\u010dna restorana u prizemlju na\u0161eg projekta, \u010dekaju na Vas. Na\u0161i vrhunski restorani, koji \u0107e napraviti razliku svojim rasko\u0161nim jelovnicima, posebnim receptima i [&hellip;]","og_url":"https:\/\/meritstarlit.com\/sr\/ukusi-koje-volite-su-sa-vama-u-budvi","og_site_name":"Merit Starlit","article_modified_time":"2022-10-22T14:38:03+00:00","og_image":[{"url":"https:\/\/meritstarlit.com\/wp-content\/uploads\/2021\/05\/rest-1-1024x683.jpg"}],"twitter_card":"summary_large_image","twitter_misc":{"\u041f\u0440\u043e\u0446\u0435\u045a\u0435\u043d\u043e \u0432\u0440\u0435\u043c\u0435 \u0447\u0438\u0442\u0430\u045a\u0430":"1 \u043c\u0438\u043d\u0443\u0442"},"schema":{"@context":"https:\/\/schema.org","@graph":[{"@type":"WebSite","@id":"https:\/\/meritstarlit.com\/#website","url":"https:\/\/meritstarlit.com\/","name":"Merit Starlit","description":"Merit International&#039;\u0131n yeni projesi Merit Starlit Hotel &amp; Residence, Montenegro\u2019nun b\u00fcy\u00fcleyici sahil kenti Budva\u2019n\u0131n en merkezi konumunda y\u00fckseliyor.","potentialAction":[{"@type":"SearchAction","target":{"@type":"EntryPoint","urlTemplate":"https:\/\/meritstarlit.com\/?s={search_term_string}"},"query-input":"required name=search_term_string"}],"inLanguage":"sr-RS"},{"@type":"ImageObject","@id":"https:\/\/meritstarlit.com\/sr\/ukusi-koje-volite-su-sa-vama-u-budvi#primaryimage","inLanguage":"sr-RS","url":"https:\/\/meritstarlit.com\/wp-content\/uploads\/2021\/05\/rest-1.jpg","contentUrl":"https:\/\/meritstarlit.com\/wp-content\/uploads\/2021\/05\/rest-1.jpg","width":1200,"height":800},{"@type":"WebPage","@id":"https:\/\/meritstarlit.com\/sr\/ukusi-koje-volite-su-sa-vama-u-budvi#webpage","url":"https:\/\/meritstarlit.com\/sr\/ukusi-koje-volite-su-sa-vama-u-budvi","name":"SVIJET IZUZETNIH UKUSA I BESKRAJNIH U\u017dITAKA - Merit Starlit","isPartOf":{"@id":"https:\/\/meritstarlit.com\/#website"},"primaryImageOfPage":{"@id":"https:\/\/meritstarlit.com\/sr\/ukusi-koje-volite-su-sa-vama-u-budvi#primaryimage"},"datePublished":"2021-04-18T18:44:36+00:00","dateModified":"2022-10-22T14:38:03+00:00","breadcrumb":{"@id":"https:\/\/meritstarlit.com\/sr\/ukusi-koje-volite-su-sa-vama-u-budvi#breadcrumb"},"inLanguage":"sr-RS","potentialAction":[{"@type":"ReadAction","target":["https:\/\/meritstarlit.com\/sr\/ukusi-koje-volite-su-sa-vama-u-budvi"]}]},{"@type":"BreadcrumbList","@id":"https:\/\/meritstarlit.com\/sr\/ukusi-koje-volite-su-sa-vama-u-budvi#breadcrumb","itemListElement":[{"@type":"ListItem","position":1,"name":"Anasayfa","item":"https:\/\/meritstarlit.com\/sr"},{"@type":"ListItem","position":2,"name":"SVIJET IZUZETNIH UKUSA I BESKRAJNIH U\u017dITAKA"}]}]}},"_links":{"self":[{"href":"https:\/\/meritstarlit.com\/sr\/wp-json\/wp\/v2\/pages\/662"}],"collection":[{"href":"https:\/\/meritstarlit.com\/sr\/wp-json\/wp\/v2\/pages"}],"about":[{"href":"https:\/\/meritstarlit.com\/sr\/wp-json\/wp\/v2\/types\/page"}],"author":[{"embeddable":true,"href":"https:\/\/meritstarlit.com\/sr\/wp-json\/wp\/v2\/users\/2"}],"replies":[{"embeddable":true,"href":"https:\/\/meritstarlit.com\/sr\/wp-json\/wp\/v2\/comments?post=662"}],"version-history":[{"count":3,"href":"https:\/\/meritstarlit.com\/sr\/wp-json\/wp\/v2\/pages\/662\/revisions"}],"predecessor-version":[{"id":2132,"href":"https:\/\/meritstarlit.com\/sr\/wp-json\/wp\/v2\/pages\/662\/revisions\/2132"}],"wp:attachment":[{"href":"https:\/\/meritstarlit.com\/sr\/wp-json\/wp\/v2\/media?parent=662"}],"curies":[{"name":"wp","href":"https:\/\/api.w.org\/{rel}","templated":true}]}}