{"id":630,"date":"2021-05-07T19:05:20","date_gmt":"2021-05-07T19:05:20","guid":{"rendered":"https:\/\/meritstarlit.com\/akdenizin-en-guzel-koylarini-spirit-of-merit-ile-gezin"},"modified":"2022-10-22T14:32:24","modified_gmt":"2022-10-22T14:32:24","slug":"posjetite-najljepse-uvale-mediterana-uz-spirit-of-merit","status":"publish","type":"page","link":"https:\/\/meritstarlit.com\/sr\/posjetite-najljepse-uvale-mediterana-uz-spirit-of-merit","title":{"rendered":"VA\u0160A OMILJENA LJETNJA AVANTURA \u010cEKA VAS NA BRODU!"},"content":{"rendered":"\n<p><strong>Luksuzna jahta Merit International-a, &#8222;Spirit of Merit&#8220;, \u010deka vas u marini u Budvi, u neposrednoj blizini Merit Starlita, kako bi vam dane u Budvi u\u010dinila nezaboravnim.<\/strong><\/p>\n\n\n\n<p>Iskusite vrhunsku uslugu, privatnost i luksuz s na\u0161om jahtom &#8222;Spirit of Merit&#8220;. Na\u0161 kapetan i kabinsko osoblje \u0107e ploviti sa vama do pla\u017ea s Plavom zastavom i skrivenih uvala Budve, pretvaraju\u0107i va\u0161 odmor u fantasti\u010dno iskustvo.<\/p>\n\n\n\n<p>Ultraluksuznu \u201cMangustu 80\u201d, koju Merit International nudi svojim gostima u Budvi, krase najluksuzniji brendovi. Na\u0161a motorna jahta, koja mo\u017ee razviti brzinu do 45 \u010dvorova, nudi na\u0161im gostima zabavan, siguran i privatan odmor s jelovnicima hrane i pi\u0107a po mjeri svakog gosta.  .<\/p>\n\n\n\n<p><\/p>\n\n\n\n<figure class=\"wp-block-image size-large\"><img loading=\"lazy\" width=\"1024\" height=\"433\" src=\"https:\/\/meritstarlit.com\/wp-content\/uploads\/2022\/10\/WhatsApp-Image-2022-10-13-at-15.33-1024x433.jpg\" alt=\"\" class=\"wp-image-1916\" srcset=\"https:\/\/meritstarlit.com\/wp-content\/uploads\/2022\/10\/WhatsApp-Image-2022-10-13-at-15.33-1024x433.jpg 1024w, https:\/\/meritstarlit.com\/wp-content\/uploads\/2022\/10\/WhatsApp-Image-2022-10-13-at-15.33-300x127.jpg 300w, https:\/\/meritstarlit.com\/wp-content\/uploads\/2022\/10\/WhatsApp-Image-2022-10-13-at-15.33-768x324.jpg 768w, https:\/\/meritstarlit.com\/wp-content\/uploads\/2022\/10\/WhatsApp-Image-2022-10-13-at-15.33-1536x649.jpg 1536w, https:\/\/meritstarlit.com\/wp-content\/uploads\/2022\/10\/WhatsApp-Image-2022-10-13-at-15.33.jpg 1600w\" sizes=\"(max-width: 1024px) 100vw, 1024px\" \/><\/figure>\n\n\n\n<figure class=\"wp-block-image size-large\"><img loading=\"lazy\" width=\"1024\" height=\"682\" src=\"https:\/\/meritstarlit.com\/wp-content\/uploads\/2022\/10\/WhatsApp-Image-2022-10-13-at-15.37-1024x682.jpg\" alt=\"\" class=\"wp-image-1924\" srcset=\"https:\/\/meritstarlit.com\/wp-content\/uploads\/2022\/10\/WhatsApp-Image-2022-10-13-at-15.37-1024x682.jpg 1024w, https:\/\/meritstarlit.com\/wp-content\/uploads\/2022\/10\/WhatsApp-Image-2022-10-13-at-15.37-300x200.jpg 300w, https:\/\/meritstarlit.com\/wp-content\/uploads\/2022\/10\/WhatsApp-Image-2022-10-13-at-15.37-768x512.jpg 768w, https:\/\/meritstarlit.com\/wp-content\/uploads\/2022\/10\/WhatsApp-Image-2022-10-13-at-15.37-1536x1023.jpg 1536w, https:\/\/meritstarlit.com\/wp-content\/uploads\/2022\/10\/WhatsApp-Image-2022-10-13-at-15.37.jpg 1600w\" sizes=\"(max-width: 1024px) 100vw, 1024px\" \/><\/figure>\n\n\n\n<figure class=\"wp-block-embed is-type-video is-provider-youtube wp-block-embed-youtube wp-embed-aspect-16-9 wp-has-aspect-ratio\"><div class=\"wp-block-embed__wrapper\">\n<iframe loading=\"lazy\" title=\"Join us on this Adriatic journey!\" width=\"500\" height=\"281\" src=\"https:\/\/www.youtube.com\/embed\/BxuGKj7iu9I?feature=oembed\" frameborder=\"0\" allow=\"accelerometer; autoplay; clipboard-write; encrypted-media; gyroscope; picture-in-picture\" allowfullscreen><\/iframe>\n<\/div><\/figure>\n","protected":false},"excerpt":{"rendered":"<p>Luksuzna jahta Merit International-a, &#8222;Spirit of Merit&#8220;, \u010deka vas u marini u Budvi, u neposrednoj blizini Merit Starlita, kako bi vam dane u Budvi u\u010dinila nezaboravnim. Iskusite vrhunsku uslugu, privatnost i luksuz s na\u0161om jahtom &#8222;Spirit of Merit&#8220;. Na\u0161 kapetan i kabinsko osoblje \u0107e ploviti sa vama do pla\u017ea s Plavom zastavom i skrivenih uvala [&hellip;]<\/p>\n","protected":false},"author":2,"featured_media":0,"parent":0,"menu_order":0,"comment_status":"closed","ping_status":"closed","template":"","meta":[],"yoast_head":"<!-- This site is optimized with the Yoast SEO plugin v17.0 - https:\/\/yoast.com\/wordpress\/plugins\/seo\/ -->\n<title>VA\u0160A OMILJENA LJETNJA AVANTURA \u010cEKA VAS NA BRODU! - Merit Starlit<\/title>\n<meta name=\"robots\" content=\"index, follow, max-snippet:-1, max-image-preview:large, max-video-preview:-1\" \/>\n<link rel=\"canonical\" href=\"https:\/\/meritstarlit.com\/sr\/posjetite-najljepse-uvale-mediterana-uz-spirit-of-merit\" \/>\n<meta property=\"og:locale\" content=\"sr_RS\" \/>\n<meta property=\"og:type\" content=\"article\" \/>\n<meta property=\"og:title\" content=\"VA\u0160A OMILJENA LJETNJA AVANTURA \u010cEKA VAS NA BRODU! - Merit Starlit\" \/>\n<meta property=\"og:description\" content=\"Luksuzna jahta Merit International-a, &#8222;Spirit of Merit&#8220;, \u010deka vas u marini u Budvi, u neposrednoj blizini Merit Starlita, kako bi vam dane u Budvi u\u010dinila nezaboravnim. Iskusite vrhunsku uslugu, privatnost i luksuz s na\u0161om jahtom &#8222;Spirit of Merit&#8220;. Na\u0161 kapetan i kabinsko osoblje \u0107e ploviti sa vama do pla\u017ea s Plavom zastavom i skrivenih uvala [&hellip;]\" \/>\n<meta property=\"og:url\" content=\"https:\/\/meritstarlit.com\/sr\/posjetite-najljepse-uvale-mediterana-uz-spirit-of-merit\" \/>\n<meta property=\"og:site_name\" content=\"Merit Starlit\" \/>\n<meta property=\"article:modified_time\" content=\"2022-10-22T14:32:24+00:00\" \/>\n<meta property=\"og:image\" content=\"https:\/\/meritstarlit.com\/wp-content\/uploads\/2022\/10\/WhatsApp-Image-2022-10-13-at-15.33-1024x433.jpg\" \/>\n<meta name=\"twitter:card\" content=\"summary_large_image\" \/>\n<meta name=\"twitter:label1\" content=\"\u041f\u0440\u043e\u0446\u0435\u045a\u0435\u043d\u043e \u0432\u0440\u0435\u043c\u0435 \u0447\u0438\u0442\u0430\u045a\u0430\" \/>\n\t<meta name=\"twitter:data1\" content=\"1 \u043c\u0438\u043d\u0443\u0442\" \/>\n<script type=\"application\/ld+json\" class=\"yoast-schema-graph\">{\"@context\":\"https:\/\/schema.org\",\"@graph\":[{\"@type\":\"WebSite\",\"@id\":\"https:\/\/meritstarlit.com\/#website\",\"url\":\"https:\/\/meritstarlit.com\/\",\"name\":\"Merit Starlit\",\"description\":\"Merit International&#039;\\u0131n yeni projesi Merit Starlit Hotel &amp; Residence, Montenegro\\u2019nun b\\u00fcy\\u00fcleyici sahil kenti Budva\\u2019n\\u0131n en merkezi konumunda y\\u00fckseliyor.\",\"potentialAction\":[{\"@type\":\"SearchAction\",\"target\":{\"@type\":\"EntryPoint\",\"urlTemplate\":\"https:\/\/meritstarlit.com\/?s={search_term_string}\"},\"query-input\":\"required name=search_term_string\"}],\"inLanguage\":\"sr-RS\"},{\"@type\":\"ImageObject\",\"@id\":\"https:\/\/meritstarlit.com\/sr\/posjetite-najljepse-uvale-mediterana-uz-spirit-of-merit#primaryimage\",\"inLanguage\":\"sr-RS\",\"url\":\"https:\/\/meritstarlit.com\/wp-content\/uploads\/2022\/10\/WhatsApp-Image-2022-10-13-at-15.33.jpg\",\"contentUrl\":\"https:\/\/meritstarlit.com\/wp-content\/uploads\/2022\/10\/WhatsApp-Image-2022-10-13-at-15.33.jpg\",\"width\":1600,\"height\":676},{\"@type\":\"WebPage\",\"@id\":\"https:\/\/meritstarlit.com\/sr\/posjetite-najljepse-uvale-mediterana-uz-spirit-of-merit#webpage\",\"url\":\"https:\/\/meritstarlit.com\/sr\/posjetite-najljepse-uvale-mediterana-uz-spirit-of-merit\",\"name\":\"VA\\u0160A OMILJENA LJETNJA AVANTURA \\u010cEKA VAS NA BRODU! - Merit Starlit\",\"isPartOf\":{\"@id\":\"https:\/\/meritstarlit.com\/#website\"},\"primaryImageOfPage\":{\"@id\":\"https:\/\/meritstarlit.com\/sr\/posjetite-najljepse-uvale-mediterana-uz-spirit-of-merit#primaryimage\"},\"datePublished\":\"2021-05-07T19:05:20+00:00\",\"dateModified\":\"2022-10-22T14:32:24+00:00\",\"breadcrumb\":{\"@id\":\"https:\/\/meritstarlit.com\/sr\/posjetite-najljepse-uvale-mediterana-uz-spirit-of-merit#breadcrumb\"},\"inLanguage\":\"sr-RS\",\"potentialAction\":[{\"@type\":\"ReadAction\",\"target\":[\"https:\/\/meritstarlit.com\/sr\/posjetite-najljepse-uvale-mediterana-uz-spirit-of-merit\"]}]},{\"@type\":\"BreadcrumbList\",\"@id\":\"https:\/\/meritstarlit.com\/sr\/posjetite-najljepse-uvale-mediterana-uz-spirit-of-merit#breadcrumb\",\"itemListElement\":[{\"@type\":\"ListItem\",\"position\":1,\"name\":\"Anasayfa\",\"item\":\"https:\/\/meritstarlit.com\/sr\"},{\"@type\":\"ListItem\",\"position\":2,\"name\":\"VA\\u0160A OMILJENA LJETNJA AVANTURA \\u010cEKA VAS NA BRODU!\"}]}]}<\/script>\n<!-- \/ Yoast SEO plugin. -->","yoast_head_json":{"title":"VA\u0160A OMILJENA LJETNJA AVANTURA \u010cEKA VAS NA BRODU! - Merit Starlit","robots":{"index":"index","follow":"follow","max-snippet":"max-snippet:-1","max-image-preview":"max-image-preview:large","max-video-preview":"max-video-preview:-1"},"canonical":"https:\/\/meritstarlit.com\/sr\/posjetite-najljepse-uvale-mediterana-uz-spirit-of-merit","og_locale":"sr_RS","og_type":"article","og_title":"VA\u0160A OMILJENA LJETNJA AVANTURA \u010cEKA VAS NA BRODU! - Merit Starlit","og_description":"Luksuzna jahta Merit International-a, &#8222;Spirit of Merit&#8220;, \u010deka vas u marini u Budvi, u neposrednoj blizini Merit Starlita, kako bi vam dane u Budvi u\u010dinila nezaboravnim. Iskusite vrhunsku uslugu, privatnost i luksuz s na\u0161om jahtom &#8222;Spirit of Merit&#8220;. Na\u0161 kapetan i kabinsko osoblje \u0107e ploviti sa vama do pla\u017ea s Plavom zastavom i skrivenih uvala [&hellip;]","og_url":"https:\/\/meritstarlit.com\/sr\/posjetite-najljepse-uvale-mediterana-uz-spirit-of-merit","og_site_name":"Merit Starlit","article_modified_time":"2022-10-22T14:32:24+00:00","og_image":[{"url":"https:\/\/meritstarlit.com\/wp-content\/uploads\/2022\/10\/WhatsApp-Image-2022-10-13-at-15.33-1024x433.jpg"}],"twitter_card":"summary_large_image","twitter_misc":{"\u041f\u0440\u043e\u0446\u0435\u045a\u0435\u043d\u043e \u0432\u0440\u0435\u043c\u0435 \u0447\u0438\u0442\u0430\u045a\u0430":"1 \u043c\u0438\u043d\u0443\u0442"},"schema":{"@context":"https:\/\/schema.org","@graph":[{"@type":"WebSite","@id":"https:\/\/meritstarlit.com\/#website","url":"https:\/\/meritstarlit.com\/","name":"Merit Starlit","description":"Merit International&#039;\u0131n yeni projesi Merit Starlit Hotel &amp; Residence, Montenegro\u2019nun b\u00fcy\u00fcleyici sahil kenti Budva\u2019n\u0131n en merkezi konumunda y\u00fckseliyor.","potentialAction":[{"@type":"SearchAction","target":{"@type":"EntryPoint","urlTemplate":"https:\/\/meritstarlit.com\/?s={search_term_string}"},"query-input":"required name=search_term_string"}],"inLanguage":"sr-RS"},{"@type":"ImageObject","@id":"https:\/\/meritstarlit.com\/sr\/posjetite-najljepse-uvale-mediterana-uz-spirit-of-merit#primaryimage","inLanguage":"sr-RS","url":"https:\/\/meritstarlit.com\/wp-content\/uploads\/2022\/10\/WhatsApp-Image-2022-10-13-at-15.33.jpg","contentUrl":"https:\/\/meritstarlit.com\/wp-content\/uploads\/2022\/10\/WhatsApp-Image-2022-10-13-at-15.33.jpg","width":1600,"height":676},{"@type":"WebPage","@id":"https:\/\/meritstarlit.com\/sr\/posjetite-najljepse-uvale-mediterana-uz-spirit-of-merit#webpage","url":"https:\/\/meritstarlit.com\/sr\/posjetite-najljepse-uvale-mediterana-uz-spirit-of-merit","name":"VA\u0160A OMILJENA LJETNJA AVANTURA \u010cEKA VAS NA BRODU! - Merit Starlit","isPartOf":{"@id":"https:\/\/meritstarlit.com\/#website"},"primaryImageOfPage":{"@id":"https:\/\/meritstarlit.com\/sr\/posjetite-najljepse-uvale-mediterana-uz-spirit-of-merit#primaryimage"},"datePublished":"2021-05-07T19:05:20+00:00","dateModified":"2022-10-22T14:32:24+00:00","breadcrumb":{"@id":"https:\/\/meritstarlit.com\/sr\/posjetite-najljepse-uvale-mediterana-uz-spirit-of-merit#breadcrumb"},"inLanguage":"sr-RS","potentialAction":[{"@type":"ReadAction","target":["https:\/\/meritstarlit.com\/sr\/posjetite-najljepse-uvale-mediterana-uz-spirit-of-merit"]}]},{"@type":"BreadcrumbList","@id":"https:\/\/meritstarlit.com\/sr\/posjetite-najljepse-uvale-mediterana-uz-spirit-of-merit#breadcrumb","itemListElement":[{"@type":"ListItem","position":1,"name":"Anasayfa","item":"https:\/\/meritstarlit.com\/sr"},{"@type":"ListItem","position":2,"name":"VA\u0160A OMILJENA LJETNJA AVANTURA \u010cEKA VAS NA BRODU!"}]}]}},"_links":{"self":[{"href":"https:\/\/meritstarlit.com\/sr\/wp-json\/wp\/v2\/pages\/630"}],"collection":[{"href":"https:\/\/meritstarlit.com\/sr\/wp-json\/wp\/v2\/pages"}],"about":[{"href":"https:\/\/meritstarlit.com\/sr\/wp-json\/wp\/v2\/types\/page"}],"author":[{"embeddable":true,"href":"https:\/\/meritstarlit.com\/sr\/wp-json\/wp\/v2\/users\/2"}],"replies":[{"embeddable":true,"href":"https:\/\/meritstarlit.com\/sr\/wp-json\/wp\/v2\/comments?post=630"}],"version-history":[{"count":5,"href":"https:\/\/meritstarlit.com\/sr\/wp-json\/wp\/v2\/pages\/630\/revisions"}],"predecessor-version":[{"id":2129,"href":"https:\/\/meritstarlit.com\/sr\/wp-json\/wp\/v2\/pages\/630\/revisions\/2129"}],"wp:attachment":[{"href":"https:\/\/meritstarlit.com\/sr\/wp-json\/wp\/v2\/media?parent=630"}],"curies":[{"name":"wp","href":"https:\/\/api.w.org\/{rel}","templated":true}]}}