{"id":622,"date":"2021-05-07T19:14:58","date_gmt":"2021-05-07T19:14:58","guid":{"rendered":"https:\/\/meritstarlit.com\/rezidanslar"},"modified":"2022-10-22T14:01:06","modified_gmt":"2022-10-22T14:01:06","slug":"rezidanslar","status":"publish","type":"page","link":"https:\/\/meritstarlit.com\/sr\/rezidanslar","title":{"rendered":"MERIT STARLIT ULTRA LUKSUZNE REZIDENCIJE NA 8. SPRATU SU NA PRODAJI!"},"content":{"rendered":"\n<p><strong>Merit International \u010dini sve da stvori \u201cMerit Starlit Residence\u201d za ljude koji tra\u017ee luksuz, plemeniti i novi \u017eivot u Budvi, koja je poznata i kao Majami Evrope. Rezidencije \u0107e biti zavr\u0161ene u toku 2023. Na\u0161ih 30 od 49 rezidencija su ve\u0107 prodate! Ne propustite ovu jedinstvenu priliku da budete vlasnik jedne od presti\u017enih rezidencija na 8. spratu!<\/strong><\/p>\n\n\n\n<p>Merit Starlit Hotel &amp; Residence, novi projekt Merit International-a, koji je u izgradnji u Crnoj Gori, uskoro \u0107e postati nova omiljena destinacija u Budvi. Starlit zgrada broji 44 hotelske sobe, 49 stambenih apartmana &#8211; rezidencija, dva elegantna restorana, jedan krovni lounge bar, SPA i wellness centar, privatnu pla\u017eu i kazino. Svih 49 rezidencija Merit Starlit-a u\u017eiva fenomenalan pogled na prelijepo Jadransko more. Tipovi rezidencija se kre\u0107u od jedne do dvije spava\u0107e sobe, pozivaju\u0107i vas da u\u017eivate u luksuznom i plemenitom \u017eivotu u Budvi. Starlit Residence karakteri\u0161e moderan stil, izvrstan dizajn enterijera i jedinstvena prirodna ljepota. Ugledni stanovnici Merit Starlita mo\u0107i \u0107e u\u017eivati \u200b\u200bu privilegijama na\u0161eg hotela s pet zvjezdica, 24 sata dnevno. Od Meritovih karakteristi\u010dnih usluga &#8211; Concierge &amp; Pro Butler servisa i ukusa svjetski poznatih kuhinja, dijeli\u0107e vas samo jedan telefonski poziv. Tokom va\u0161eg boravka u Budvi, na\u0161 vozni park \u0107e vam biti na raspolaganju, a mo\u0107i \u0107ete u\u017eivati \u200b\u200bi u jedinstvenim pla\u017eama, koje su ozna\u010dene plavom zastavom, dok plovite na\u0161om privatnom jahtom &#8222;Spirit of Merit&#8220;.<\/p>\n\n\n\n<p><strong>Kombinujte odmor i ulaganje<\/strong><\/p>\n\n\n\n<p>Merit Starlit Residence, koji \u0107e biti zavr\u0161en u toku 2023. godine, tako\u0111e nudi vrlo atraktivne mogu\u0107nosti svojim ulaga\u010dima. Na\u0161ih 49 uglednih doma\u0107ih, stranih, individualnih ili korporativnih ulaga\u010da dobi\u0107e vlasni\u010dke listove po zavr\u0161etku gradnje Merit Starlit Hotel &amp; Residence u 2023. Na taj \u0107e na\u010din, s jedne strane, ulaga\u010di svjedo\u010diti brzom pove\u0107anju cijena njihovih nekretnina u Budvi, \u201cnovoj zvijezdi turizma\u201d. S druge strane, iznajmljivanjem svojih nekretnina putem Merit International -a, tako\u0111e \u0107e u\u017eivati \u200b\u200bu brzom povratu kapitala ulo\u017eenog u nekretninu. \u0160tavi\u0161e, zahvaljuju\u0107i nekretnini koju su kupili, oni i njihove porodice ima\u0107e pravo na boravi\u0161nu dozvolu u Crnoj Gori. Zahvaljuju\u0107i ovom savr\u0161enom sistemu koji je kompatibilan sa konceptom &#8222;godi\u0161njeg odmora i ulaganja&#8220;, ugledni vlasnici Meritovih rezidencija \u0107e dobiti vlasni\u010dki list, a istovremeno \u0107e imati i prihode od iznajmljivanja u eurima. U Budvi, gradu u kojem se broj turista iz godine u godinu eksponencijalno pove\u0107ava, postoji samo 1500 kreveta sa pet zvjezdica. Ovo je samo jedan, od mnogo razloga da investirate u ovaj projekat! <\/p>\n\n\n\n<style>\n.wp-block-buttons{\n        display: grid;\n    grid-template-columns: auto auto;\n}\n\n.wp-block-button{\nmargin:0;\nbackground-color:#32373c;\ntext-align:center;\n}\n<\/style>\n\n\n\n<figure class=\"wp-block-image size-full\"><img loading=\"lazy\" width=\"1024\" height=\"680\" src=\"https:\/\/meritstarlit.com\/wp-content\/uploads\/2022\/10\/Plans-8-EN.jpg\" alt=\"\" class=\"wp-image-1832\" srcset=\"https:\/\/meritstarlit.com\/wp-content\/uploads\/2022\/10\/Plans-8-EN.jpg 1024w, https:\/\/meritstarlit.com\/wp-content\/uploads\/2022\/10\/Plans-8-EN-300x199.jpg 300w, https:\/\/meritstarlit.com\/wp-content\/uploads\/2022\/10\/Plans-8-EN-768x510.jpg 768w\" sizes=\"(max-width: 1024px) 100vw, 1024px\" \/><\/figure>\n","protected":false},"excerpt":{"rendered":"<p>Merit International \u010dini sve da stvori \u201cMerit Starlit Residence\u201d za ljude koji tra\u017ee luksuz, plemeniti i novi \u017eivot u Budvi, koja je poznata i kao Majami Evrope. Rezidencije \u0107e biti zavr\u0161ene u toku 2023. Na\u0161ih 30 od 49 rezidencija su ve\u0107 prodate! Ne propustite ovu jedinstvenu priliku da budete vlasnik jedne od presti\u017enih rezidencija na [&hellip;]<\/p>\n","protected":false},"author":2,"featured_media":0,"parent":0,"menu_order":0,"comment_status":"closed","ping_status":"closed","template":"","meta":[],"yoast_head":"<!-- This site is optimized with the Yoast SEO plugin v17.0 - https:\/\/yoast.com\/wordpress\/plugins\/seo\/ -->\n<title>MERIT STARLIT ULTRA LUKSUZNE REZIDENCIJE NA 8. SPRATU SU NA PRODAJI! - Merit Starlit<\/title>\n<meta name=\"robots\" content=\"index, follow, max-snippet:-1, max-image-preview:large, max-video-preview:-1\" \/>\n<link rel=\"canonical\" href=\"https:\/\/meritstarlit.com\/sr\/rezidanslar\" \/>\n<meta property=\"og:locale\" content=\"sr_RS\" \/>\n<meta property=\"og:type\" content=\"article\" \/>\n<meta property=\"og:title\" content=\"MERIT STARLIT ULTRA LUKSUZNE REZIDENCIJE NA 8. SPRATU SU NA PRODAJI! - Merit Starlit\" \/>\n<meta property=\"og:description\" content=\"Merit International \u010dini sve da stvori \u201cMerit Starlit Residence\u201d za ljude koji tra\u017ee luksuz, plemeniti i novi \u017eivot u Budvi, koja je poznata i kao Majami Evrope. Rezidencije \u0107e biti zavr\u0161ene u toku 2023. Na\u0161ih 30 od 49 rezidencija su ve\u0107 prodate! Ne propustite ovu jedinstvenu priliku da budete vlasnik jedne od presti\u017enih rezidencija na [&hellip;]\" \/>\n<meta property=\"og:url\" content=\"https:\/\/meritstarlit.com\/sr\/rezidanslar\" \/>\n<meta property=\"og:site_name\" content=\"Merit Starlit\" \/>\n<meta property=\"article:modified_time\" content=\"2022-10-22T14:01:06+00:00\" \/>\n<meta property=\"og:image\" content=\"https:\/\/meritstarlit.com\/wp-content\/uploads\/2022\/10\/Plans-8-EN.jpg\" \/>\n<meta name=\"twitter:card\" content=\"summary_large_image\" \/>\n<meta name=\"twitter:label1\" content=\"\u041f\u0440\u043e\u0446\u0435\u045a\u0435\u043d\u043e \u0432\u0440\u0435\u043c\u0435 \u0447\u0438\u0442\u0430\u045a\u0430\" \/>\n\t<meta name=\"twitter:data1\" content=\"2 \u043c\u0438\u043d\u0443\u0442\u0430\" \/>\n<script type=\"application\/ld+json\" class=\"yoast-schema-graph\">{\"@context\":\"https:\/\/schema.org\",\"@graph\":[{\"@type\":\"WebSite\",\"@id\":\"https:\/\/meritstarlit.com\/#website\",\"url\":\"https:\/\/meritstarlit.com\/\",\"name\":\"Merit Starlit\",\"description\":\"Merit International&#039;\\u0131n yeni projesi Merit Starlit Hotel &amp; Residence, Montenegro\\u2019nun b\\u00fcy\\u00fcleyici sahil kenti Budva\\u2019n\\u0131n en merkezi konumunda y\\u00fckseliyor.\",\"potentialAction\":[{\"@type\":\"SearchAction\",\"target\":{\"@type\":\"EntryPoint\",\"urlTemplate\":\"https:\/\/meritstarlit.com\/?s={search_term_string}\"},\"query-input\":\"required name=search_term_string\"}],\"inLanguage\":\"sr-RS\"},{\"@type\":\"ImageObject\",\"@id\":\"https:\/\/meritstarlit.com\/sr\/rezidanslar#primaryimage\",\"inLanguage\":\"sr-RS\",\"url\":\"https:\/\/meritstarlit.com\/wp-content\/uploads\/2022\/10\/Plans-8-EN.jpg\",\"contentUrl\":\"https:\/\/meritstarlit.com\/wp-content\/uploads\/2022\/10\/Plans-8-EN.jpg\",\"width\":1024,\"height\":680},{\"@type\":\"WebPage\",\"@id\":\"https:\/\/meritstarlit.com\/sr\/rezidanslar#webpage\",\"url\":\"https:\/\/meritstarlit.com\/sr\/rezidanslar\",\"name\":\"MERIT STARLIT ULTRA LUKSUZNE REZIDENCIJE NA 8. SPRATU SU NA PRODAJI! - Merit Starlit\",\"isPartOf\":{\"@id\":\"https:\/\/meritstarlit.com\/#website\"},\"primaryImageOfPage\":{\"@id\":\"https:\/\/meritstarlit.com\/sr\/rezidanslar#primaryimage\"},\"datePublished\":\"2021-05-07T19:14:58+00:00\",\"dateModified\":\"2022-10-22T14:01:06+00:00\",\"breadcrumb\":{\"@id\":\"https:\/\/meritstarlit.com\/sr\/rezidanslar#breadcrumb\"},\"inLanguage\":\"sr-RS\",\"potentialAction\":[{\"@type\":\"ReadAction\",\"target\":[\"https:\/\/meritstarlit.com\/sr\/rezidanslar\"]}]},{\"@type\":\"BreadcrumbList\",\"@id\":\"https:\/\/meritstarlit.com\/sr\/rezidanslar#breadcrumb\",\"itemListElement\":[{\"@type\":\"ListItem\",\"position\":1,\"name\":\"Anasayfa\",\"item\":\"https:\/\/meritstarlit.com\/sr\"},{\"@type\":\"ListItem\",\"position\":2,\"name\":\"MERIT STARLIT ULTRA LUKSUZNE REZIDENCIJE NA 8. SPRATU SU NA PRODAJI!\"}]}]}<\/script>\n<!-- \/ Yoast SEO plugin. -->","yoast_head_json":{"title":"MERIT STARLIT ULTRA LUKSUZNE REZIDENCIJE NA 8. SPRATU SU NA PRODAJI! - Merit Starlit","robots":{"index":"index","follow":"follow","max-snippet":"max-snippet:-1","max-image-preview":"max-image-preview:large","max-video-preview":"max-video-preview:-1"},"canonical":"https:\/\/meritstarlit.com\/sr\/rezidanslar","og_locale":"sr_RS","og_type":"article","og_title":"MERIT STARLIT ULTRA LUKSUZNE REZIDENCIJE NA 8. SPRATU SU NA PRODAJI! - Merit Starlit","og_description":"Merit International \u010dini sve da stvori \u201cMerit Starlit Residence\u201d za ljude koji tra\u017ee luksuz, plemeniti i novi \u017eivot u Budvi, koja je poznata i kao Majami Evrope. Rezidencije \u0107e biti zavr\u0161ene u toku 2023. Na\u0161ih 30 od 49 rezidencija su ve\u0107 prodate! Ne propustite ovu jedinstvenu priliku da budete vlasnik jedne od presti\u017enih rezidencija na [&hellip;]","og_url":"https:\/\/meritstarlit.com\/sr\/rezidanslar","og_site_name":"Merit Starlit","article_modified_time":"2022-10-22T14:01:06+00:00","og_image":[{"url":"https:\/\/meritstarlit.com\/wp-content\/uploads\/2022\/10\/Plans-8-EN.jpg"}],"twitter_card":"summary_large_image","twitter_misc":{"\u041f\u0440\u043e\u0446\u0435\u045a\u0435\u043d\u043e \u0432\u0440\u0435\u043c\u0435 \u0447\u0438\u0442\u0430\u045a\u0430":"2 \u043c\u0438\u043d\u0443\u0442\u0430"},"schema":{"@context":"https:\/\/schema.org","@graph":[{"@type":"WebSite","@id":"https:\/\/meritstarlit.com\/#website","url":"https:\/\/meritstarlit.com\/","name":"Merit Starlit","description":"Merit International&#039;\u0131n yeni projesi Merit Starlit Hotel &amp; Residence, Montenegro\u2019nun b\u00fcy\u00fcleyici sahil kenti Budva\u2019n\u0131n en merkezi konumunda y\u00fckseliyor.","potentialAction":[{"@type":"SearchAction","target":{"@type":"EntryPoint","urlTemplate":"https:\/\/meritstarlit.com\/?s={search_term_string}"},"query-input":"required name=search_term_string"}],"inLanguage":"sr-RS"},{"@type":"ImageObject","@id":"https:\/\/meritstarlit.com\/sr\/rezidanslar#primaryimage","inLanguage":"sr-RS","url":"https:\/\/meritstarlit.com\/wp-content\/uploads\/2022\/10\/Plans-8-EN.jpg","contentUrl":"https:\/\/meritstarlit.com\/wp-content\/uploads\/2022\/10\/Plans-8-EN.jpg","width":1024,"height":680},{"@type":"WebPage","@id":"https:\/\/meritstarlit.com\/sr\/rezidanslar#webpage","url":"https:\/\/meritstarlit.com\/sr\/rezidanslar","name":"MERIT STARLIT ULTRA LUKSUZNE REZIDENCIJE NA 8. SPRATU SU NA PRODAJI! - Merit Starlit","isPartOf":{"@id":"https:\/\/meritstarlit.com\/#website"},"primaryImageOfPage":{"@id":"https:\/\/meritstarlit.com\/sr\/rezidanslar#primaryimage"},"datePublished":"2021-05-07T19:14:58+00:00","dateModified":"2022-10-22T14:01:06+00:00","breadcrumb":{"@id":"https:\/\/meritstarlit.com\/sr\/rezidanslar#breadcrumb"},"inLanguage":"sr-RS","potentialAction":[{"@type":"ReadAction","target":["https:\/\/meritstarlit.com\/sr\/rezidanslar"]}]},{"@type":"BreadcrumbList","@id":"https:\/\/meritstarlit.com\/sr\/rezidanslar#breadcrumb","itemListElement":[{"@type":"ListItem","position":1,"name":"Anasayfa","item":"https:\/\/meritstarlit.com\/sr"},{"@type":"ListItem","position":2,"name":"MERIT STARLIT ULTRA LUKSUZNE REZIDENCIJE NA 8. SPRATU SU NA PRODAJI!"}]}]}},"_links":{"self":[{"href":"https:\/\/meritstarlit.com\/sr\/wp-json\/wp\/v2\/pages\/622"}],"collection":[{"href":"https:\/\/meritstarlit.com\/sr\/wp-json\/wp\/v2\/pages"}],"about":[{"href":"https:\/\/meritstarlit.com\/sr\/wp-json\/wp\/v2\/types\/page"}],"author":[{"embeddable":true,"href":"https:\/\/meritstarlit.com\/sr\/wp-json\/wp\/v2\/users\/2"}],"replies":[{"embeddable":true,"href":"https:\/\/meritstarlit.com\/sr\/wp-json\/wp\/v2\/comments?post=622"}],"version-history":[{"count":6,"href":"https:\/\/meritstarlit.com\/sr\/wp-json\/wp\/v2\/pages\/622\/revisions"}],"predecessor-version":[{"id":2111,"href":"https:\/\/meritstarlit.com\/sr\/wp-json\/wp\/v2\/pages\/622\/revisions\/2111"}],"wp:attachment":[{"href":"https:\/\/meritstarlit.com\/sr\/wp-json\/wp\/v2\/media?parent=622"}],"curies":[{"name":"wp","href":"https:\/\/api.w.org\/{rel}","templated":true}]}}