{"id":628,"date":"2021-05-07T19:05:20","date_gmt":"2021-05-07T19:05:20","guid":{"rendered":"https:\/\/meritstarlit.com\/akdenizin-en-guzel-koylarini-spirit-of-merit-ile-gezin"},"modified":"2022-10-15T15:49:14","modified_gmt":"2022-10-15T15:49:14","slug":"%d0%bf%d0%be%d1%81%d0%b5%d1%82%d0%b8%d1%82%d0%b5-%d0%b2%d0%be%d1%81%d1%85%d0%b8%d1%82%d0%b8%d1%82%d0%b5%d0%bb%d1%8c%d0%bd%d1%8b%d0%b5-%d0%b1%d1%83%d1%85%d1%82%d1%8b-%d1%81%d1%80%d0%b5%d0%b4%d0%b8","status":"publish","type":"page","link":"https:\/\/meritstarlit.com\/ru\/%d0%bf%d0%be%d1%81%d0%b5%d1%82%d0%b8%d1%82%d0%b5-%d0%b2%d0%be%d1%81%d1%85%d0%b8%d1%82%d0%b8%d1%82%d0%b5%d0%bb%d1%8c%d0%bd%d1%8b%d0%b5-%d0%b1%d1%83%d1%85%d1%82%d1%8b-%d1%81%d1%80%d0%b5%d0%b4%d0%b8","title":{"rendered":"\u041f\u041e\u0421\u0415\u0422\u0418\u0422\u0415 \u0412\u041e\u0421\u0425\u0418\u0422\u0418\u0422\u0415\u041b\u042c\u041d\u042b\u0415 \u0411\u0423\u0425\u0422\u042b \u0421\u0420\u0415\u0414\u0418\u0417\u0415\u041c\u041d\u041e\u041c\u041e\u0420\u042c\u042f \u041d\u0410 \u201cSPIRIT OF MERIT\u201d"},"content":{"rendered":"\n<p><strong><strong>\u041b\u042e\u041a\u0421\u041e\u0412\u0410\u042f \u042f\u0425\u0422\u0410 \u201cSPIRIT OF MER\u0130T\u201d \u041a\u041e\u041c\u041f\u0410\u041d\u0418\u0418 MER\u0130T INTERNATIONAL \u041e\u0416\u0418\u0414\u0410\u0415\u0422 \u0412\u0410\u0421 \u0412 \u042f\u0425\u0422\u0415\u041d\u041d\u041e\u0419 \u041f\u0420\u0418\u0421\u0422\u0410\u041d\u0418 \u0414\u0423\u041a\u041b\u0418 \u041d\u0415\u0414\u0410\u041b\u0415\u041a\u041e \u041e\u0422 \u041a\u041e\u041c\u041f\u041b\u0415\u041a\u0421\u0410 MER\u0130T STARL\u0130T \u0414\u041b\u042f \u0422\u041e\u0413\u041e, \u0427\u0422\u041e\u0411\u042b \u041f\u0420\u0418\u0412\u041d\u0415\u0421\u0422\u0418 \u041d\u0415\u0417\u0410\u0411\u042b\u0412\u0410\u0415\u041c\u042b\u0415 \u0412\u041f\u0415\u0427\u0410\u0422\u041b\u0415\u041d\u0418\u042f \u0412 \u0412\u0410\u0428\u0415 \u041f\u0420\u041e\u0416\u0418\u0412\u0410\u041d\u0418\u0415 \u0412 \u0411\u0423\u0414\u0412\u0415.<\/strong><\/strong><\/p>\n\n\n\n<p>Budva, Adriyatik k\u0131y\u0131s\u0131ndaki birbirinden g\u00fczel plajlar\u0131yla \u201cMontenegro\u2019nun Miamisi\u201d olarak an\u0131l\u0131r. 35 km\u2019lik bir k\u0131y\u0131 \u0411\u0443\u0434\u0432\u0430 \u0438\u043c\u0435\u043d\u0443\u0435\u0442\u0441\u044f \u043a\u0430\u043a \u201c\u0447\u0435\u0440\u043d\u043e\u0433\u043e\u0440\u0441\u043a\u0430\u044f \u041c\u0430\u0439\u0430\u043c\u0438\u201d \u0431\u043b\u0430\u0433\u043e\u0434\u0430\u0440\u044f \u0441\u0432\u043e\u0438\u043c \u043f\u0440\u0435\u043a\u0440\u0430\u0441\u043d\u044b\u043c \u043f\u043b\u044f\u0436\u0430\u043c \u043d\u0430 \u0410\u0434\u0440\u0438\u0430\u0442\u0438\u0447\u0435\u0441\u043a\u043e\u043c \u043f\u043e\u0431\u0435\u0440\u0435\u0436\u044c\u0435. \u0411\u0443\u0434\u0432\u0430\u043d\u0441\u043a\u0430\u044f \u0440\u0438\u0432\u044c\u0435\u0440\u0430 \u043e\u0445\u0432\u0430\u0442\u044b\u0432\u0430\u0435\u0442 35-\u043a\u0438\u043b\u043e\u043c\u0435\u0442\u0440\u043e\u0432\u0443\u044e \u0431\u0435\u0440\u0435\u0433\u043e\u0432\u0443\u044e \u043f\u043e\u043b\u043e\u0441\u0443 \u0438 \u0434\u0435\u0439\u0441\u0442\u0432\u0438\u0442\u0435\u043b\u044c\u043d\u043e \u044f\u0432\u043b\u044f\u0435\u0442\u0441\u044f \u043d\u0435\u0437\u0430\u0431\u0432\u0435\u043d\u043d\u043e\u0439 \u043c\u0435\u0447\u0442\u043e\u0439 \u043b\u044e\u0431\u0438\u0442\u0435\u043b\u0435\u0439 \u043c\u043e\u0440\u044f \u0438 \u0441\u043e\u043b\u043d\u0446\u0430. \u041f\u043e\u043c\u0438\u043c\u043e Starlit Beach Club &amp; Restroran, \u043d\u0430\u0445\u043e\u0434\u044f\u0449\u0435\u0433\u043e\u0441\u044f \u0432 \u043d\u0435\u0441\u043a\u043e\u043b\u044c\u043a\u0438\u0445 \u043c\u0438\u043d\u0443\u0442\u0430\u0445 \u0445\u043e\u0434\u044c\u0431\u044b, \u0442\u0430\u043a\u0436\u0435 \u0438\u043c\u0435\u0435\u0442\u0441\u044f 30 \u0440\u0430\u0437\u043b\u0438\u0447\u043d\u044b\u0445 \u043f\u043b\u044f\u0436\u0435\u0439, \u0440\u0430\u0441\u043f\u043e\u043b\u043e\u0436\u0435\u043d\u043d\u044b\u0445 \u0432 3-20 \u043c\u0438\u043d\u0443\u0442\u0430\u0445 \u0445\u043e\u0434\u044c\u0431\u044b \u043e\u0442 \u041a\u043e\u043c\u043f\u043b\u0435\u043a\u0441\u0430 Merit Starlit Hotel &amp; Residence. \u0427\u0430\u0441\u0442\u043d\u044b\u0435 \u044f\u0445\u0442\u0435\u043d\u043d\u044b\u0435 \u0442\u0443\u0440\u044b, \u043d\u0435\u0441\u043e\u043c\u043d\u0435\u043d\u043d\u043e, \u044f\u0432\u043b\u044f\u044e\u0442\u0441\u044f \u0441\u0430\u043c\u044b\u043c \u043f\u0440\u0438\u0432\u043b\u0435\u043a\u0430\u0442\u0435\u043b\u044c\u043d\u044b\u043c \u0441\u043f\u043e\u0441\u043e\u0431\u043e\u043c \u0434\u043b\u044f \u043f\u043e\u0441\u0435\u0449\u0435\u043d\u0438\u044f \u0432\u0435\u043b\u0438\u043a\u043e\u043b\u0435\u043f\u043d\u044b\u0445 \u043f\u043b\u044f\u0436\u0435\u0439, \u0431\u0443\u0445\u0442 \u0438 \u0434\u0440\u0435\u0432\u043d\u0438\u0445 \u0433\u043e\u0440\u043e\u0434\u043e\u0432 \u0411\u0443\u0434\u0432\u044b. \u0418\u043c\u0435\u043d\u043d\u043e \u0441 \u044d\u0442\u043e\u0439 \u0446\u0435\u043b\u044c\u044e \u0441\u043f\u0435\u0446\u0438\u0430\u043b\u044c\u043d\u043e \u0434\u043b\u044f \u0432\u0430\u0441 \u043f\u0440\u0435\u0434\u0443\u0441\u043c\u043e\u0442\u0440\u0435\u043d\u0430 \u044f\u0445\u0442\u0430 \u201cSpirit of Merit\u201d.<\/p>\n\n\n\n<p>\u0423\u043b\u044c\u0442\u0440\u0430-\u0440\u043e\u0441\u043a\u043e\u0448\u043d\u0430\u044f &#171;Mangusta 80&#187;, \u043a\u043e\u0442\u043e\u0440\u0443\u044e \u041a\u043e\u043c\u043f\u0430\u043d\u0438\u044f Merit International \u043f\u0440\u0435\u0434\u043b\u0430\u0433\u0430\u0435\u0442 \u0441\u0432\u043e\u0438\u043c \u0433\u043e\u0441\u0442\u044f\u043c \u0432 \u0411\u0443\u0434\u0432\u0435, \u0434\u0435\u043a\u043e\u0440\u0438\u0440\u043e\u0432\u0430\u043d\u0430 \u0441 \u043f\u0440\u0438\u0432\u043b\u0435\u0447\u0435\u043d\u0438\u0435\u043c \u0441\u0430\u043c\u044b\u0445 \u0438\u0437\u044b\u0441\u043a\u0430\u043d\u043d\u044b\u0445 \u0431\u0440\u0435\u043d\u0434\u043e\u0432. \u041d\u0430\u0448\u0430 \u043c\u043e\u0442\u043e\u0440\u043d\u0430\u044f \u044f\u0445\u0442\u0430, \u0440\u0430\u0437\u0432\u0438\u0432\u0430\u044e\u0449\u0430\u044f \u0441\u043a\u043e\u0440\u043e\u0441\u0442\u044c \u0434\u043e 45 \u0443\u0437\u043b\u043e\u0432, \u043f\u0440\u0435\u0434\u043b\u0430\u0433\u0430\u0435\u0442 \u0441\u0432\u043e\u0438\u043c \u0433\u043e\u0441\u0442\u044f\u043c \u0443\u0432\u043b\u0435\u043a\u0430\u0442\u0435\u043b\u044c\u043d\u044b\u0439, \u0431\u0435\u0437\u043e\u043f\u0430\u0441\u043d\u044b\u0439 \u0438 \u0443\u0435\u0434\u0438\u043d\u0435\u043d\u043d\u044b\u0439 \u043e\u0442\u0434\u044b\u0445 \u0441 \u0438\u043d\u0434\u0438\u0432\u0438\u0434\u0443\u0430\u043b\u044c\u043d\u044b\u043c \u043c\u0435\u043d\u044e \u0431\u043b\u044e\u0434 \u0438 \u043d\u0430\u043f\u0438\u0442\u043a\u043e\u0432, \u0430 \u0442\u0430\u043a\u0436\u0435 \u0441\u0432\u0435\u0442\u043e\u0432\u044b\u043c \u0438 \u043c\u0443\u0437\u044b\u043a\u0430\u043b\u044c\u043d\u044b\u043c \u0441\u043e\u043f\u0440\u043e\u0432\u043e\u0436\u0434\u0435\u043d\u0438\u0435\u043c. \u041f\u0440\u0438 \u0436\u0435\u043b\u0430\u043d\u0438\u0438 \u043d\u0430 \u201cSpirit of Merit\u201d \u0432\u044b \u0441\u043c\u043e\u0436\u0435\u0442\u0435 \u043f\u043e\u0441\u0435\u0442\u0438\u0442\u044c \u043e\u0442\u043c\u0435\u0447\u0435\u043d\u043d\u044b\u0435 \u0433\u043e\u043b\u0443\u0431\u044b\u043c \u0444\u043b\u0430\u0433\u043e\u043c\u043f\u043b\u044f\u0436\u0438 \u0438 \u0443\u0435\u0434\u0438\u043d\u0435\u043d\u043d\u044b\u0435 \u0431\u0443\u0445\u0442\u044b \u0411\u0443\u0434\u0432\u044b, \u0447\u0442\u043e \u0441\u0434\u0435\u043b\u0430\u0435\u0442 \u0432\u0430\u0448 \u043e\u0442\u0434\u044b\u0445 \u043d\u0435\u0437\u0430\u0431\u044b\u0432\u0430\u0435\u043c\u044b\u043c.<\/p>\n\n\n\n<figure class=\"wp-block-image size-large\"><img loading=\"lazy\" width=\"1024\" height=\"433\" src=\"https:\/\/meritstarlit.com\/wp-content\/uploads\/2022\/10\/WhatsApp-Image-2022-10-13-at-15.33-1024x433.jpg\" alt=\"\" class=\"wp-image-1915\" srcset=\"https:\/\/meritstarlit.com\/wp-content\/uploads\/2022\/10\/WhatsApp-Image-2022-10-13-at-15.33-1024x433.jpg 1024w, https:\/\/meritstarlit.com\/wp-content\/uploads\/2022\/10\/WhatsApp-Image-2022-10-13-at-15.33-300x127.jpg 300w, https:\/\/meritstarlit.com\/wp-content\/uploads\/2022\/10\/WhatsApp-Image-2022-10-13-at-15.33-768x324.jpg 768w, https:\/\/meritstarlit.com\/wp-content\/uploads\/2022\/10\/WhatsApp-Image-2022-10-13-at-15.33-1536x649.jpg 1536w, https:\/\/meritstarlit.com\/wp-content\/uploads\/2022\/10\/WhatsApp-Image-2022-10-13-at-15.33.jpg 1600w\" sizes=\"(max-width: 1024px) 100vw, 1024px\" \/><\/figure>\n\n\n\n<figure class=\"wp-block-image size-large\"><img loading=\"lazy\" width=\"1024\" height=\"682\" src=\"https:\/\/meritstarlit.com\/wp-content\/uploads\/2022\/10\/WhatsApp-Image-2022-10-13-at-15.37-1024x682.jpg\" alt=\"\" class=\"wp-image-1923\" srcset=\"https:\/\/meritstarlit.com\/wp-content\/uploads\/2022\/10\/WhatsApp-Image-2022-10-13-at-15.37-1024x682.jpg 1024w, https:\/\/meritstarlit.com\/wp-content\/uploads\/2022\/10\/WhatsApp-Image-2022-10-13-at-15.37-300x200.jpg 300w, https:\/\/meritstarlit.com\/wp-content\/uploads\/2022\/10\/WhatsApp-Image-2022-10-13-at-15.37-768x512.jpg 768w, https:\/\/meritstarlit.com\/wp-content\/uploads\/2022\/10\/WhatsApp-Image-2022-10-13-at-15.37-1536x1023.jpg 1536w, https:\/\/meritstarlit.com\/wp-content\/uploads\/2022\/10\/WhatsApp-Image-2022-10-13-at-15.37.jpg 1600w\" sizes=\"(max-width: 1024px) 100vw, 1024px\" \/><\/figure>\n\n\n\n<figure class=\"wp-block-embed is-type-video is-provider-youtube wp-block-embed-youtube wp-embed-aspect-16-9 wp-has-aspect-ratio\"><div class=\"wp-block-embed__wrapper\">\n<iframe loading=\"lazy\" title=\"Merit Starlit Budva\" width=\"500\" height=\"281\" src=\"https:\/\/www.youtube.com\/embed\/BxuGKj7iu9I?feature=oembed\" frameborder=\"0\" allow=\"accelerometer; autoplay; clipboard-write; encrypted-media; gyroscope; picture-in-picture\" allowfullscreen><\/iframe>\n<\/div><\/figure>\n","protected":false},"excerpt":{"rendered":"<p>\u041b\u042e\u041a\u0421\u041e\u0412\u0410\u042f \u042f\u0425\u0422\u0410 \u201cSPIRIT OF MER\u0130T\u201d \u041a\u041e\u041c\u041f\u0410\u041d\u0418\u0418 MER\u0130T INTERNATIONAL \u041e\u0416\u0418\u0414\u0410\u0415\u0422 \u0412\u0410\u0421 \u0412 \u042f\u0425\u0422\u0415\u041d\u041d\u041e\u0419 \u041f\u0420\u0418\u0421\u0422\u0410\u041d\u0418 \u0414\u0423\u041a\u041b\u0418 \u041d\u0415\u0414\u0410\u041b\u0415\u041a\u041e \u041e\u0422 \u041a\u041e\u041c\u041f\u041b\u0415\u041a\u0421\u0410 MER\u0130T STARL\u0130T \u0414\u041b\u042f \u0422\u041e\u0413\u041e, \u0427\u0422\u041e\u0411\u042b \u041f\u0420\u0418\u0412\u041d\u0415\u0421\u0422\u0418 \u041d\u0415\u0417\u0410\u0411\u042b\u0412\u0410\u0415\u041c\u042b\u0415 \u0412\u041f\u0415\u0427\u0410\u0422\u041b\u0415\u041d\u0418\u042f \u0412 \u0412\u0410\u0428\u0415 \u041f\u0420\u041e\u0416\u0418\u0412\u0410\u041d\u0418\u0415 \u0412 \u0411\u0423\u0414\u0412\u0415. Budva, Adriyatik k\u0131y\u0131s\u0131ndaki birbirinden g\u00fczel plajlar\u0131yla \u201cMontenegro\u2019nun Miamisi\u201d olarak an\u0131l\u0131r. 35 km\u2019lik bir k\u0131y\u0131 \u0411\u0443\u0434\u0432\u0430 \u0438\u043c\u0435\u043d\u0443\u0435\u0442\u0441\u044f \u043a\u0430\u043a \u201c\u0447\u0435\u0440\u043d\u043e\u0433\u043e\u0440\u0441\u043a\u0430\u044f \u041c\u0430\u0439\u0430\u043c\u0438\u201d \u0431\u043b\u0430\u0433\u043e\u0434\u0430\u0440\u044f \u0441\u0432\u043e\u0438\u043c \u043f\u0440\u0435\u043a\u0440\u0430\u0441\u043d\u044b\u043c \u043f\u043b\u044f\u0436\u0430\u043c \u043d\u0430 \u0410\u0434\u0440\u0438\u0430\u0442\u0438\u0447\u0435\u0441\u043a\u043e\u043c [&hellip;]<\/p>\n","protected":false},"author":2,"featured_media":0,"parent":0,"menu_order":0,"comment_status":"closed","ping_status":"closed","template":"","meta":[],"yoast_head":"<!-- This site is optimized with the Yoast SEO plugin v17.0 - https:\/\/yoast.com\/wordpress\/plugins\/seo\/ -->\n<title>\u041f\u041e\u0421\u0415\u0422\u0418\u0422\u0415 \u0412\u041e\u0421\u0425\u0418\u0422\u0418\u0422\u0415\u041b\u042c\u041d\u042b\u0415 \u0411\u0423\u0425\u0422\u042b \u0421\u0420\u0415\u0414\u0418\u0417\u0415\u041c\u041d\u041e\u041c\u041e\u0420\u042c\u042f \u041d\u0410 \u201cSPIRIT OF MERIT\u201d - Merit Starlit<\/title>\n<meta name=\"robots\" content=\"index, follow, max-snippet:-1, max-image-preview:large, max-video-preview:-1\" \/>\n<link rel=\"canonical\" href=\"https:\/\/meritstarlit.com\/ru\/%d0%bf%d0%be%d1%81%d0%b5%d1%82%d0%b8%d1%82%d0%b5-%d0%b2%d0%be%d1%81%d1%85%d0%b8%d1%82%d0%b8%d1%82%d0%b5%d0%bb%d1%8c%d0%bd%d1%8b%d0%b5-%d0%b1%d1%83%d1%85%d1%82%d1%8b-%d1%81%d1%80%d0%b5%d0%b4%d0%b8\" \/>\n<meta property=\"og:locale\" content=\"ru_RU\" \/>\n<meta property=\"og:type\" content=\"article\" \/>\n<meta property=\"og:title\" content=\"\u041f\u041e\u0421\u0415\u0422\u0418\u0422\u0415 \u0412\u041e\u0421\u0425\u0418\u0422\u0418\u0422\u0415\u041b\u042c\u041d\u042b\u0415 \u0411\u0423\u0425\u0422\u042b \u0421\u0420\u0415\u0414\u0418\u0417\u0415\u041c\u041d\u041e\u041c\u041e\u0420\u042c\u042f \u041d\u0410 \u201cSPIRIT OF MERIT\u201d - Merit Starlit\" \/>\n<meta property=\"og:description\" content=\"\u041b\u042e\u041a\u0421\u041e\u0412\u0410\u042f \u042f\u0425\u0422\u0410 \u201cSPIRIT OF MER\u0130T\u201d \u041a\u041e\u041c\u041f\u0410\u041d\u0418\u0418 MER\u0130T INTERNATIONAL \u041e\u0416\u0418\u0414\u0410\u0415\u0422 \u0412\u0410\u0421 \u0412 \u042f\u0425\u0422\u0415\u041d\u041d\u041e\u0419 \u041f\u0420\u0418\u0421\u0422\u0410\u041d\u0418 \u0414\u0423\u041a\u041b\u0418 \u041d\u0415\u0414\u0410\u041b\u0415\u041a\u041e \u041e\u0422 \u041a\u041e\u041c\u041f\u041b\u0415\u041a\u0421\u0410 MER\u0130T STARL\u0130T \u0414\u041b\u042f \u0422\u041e\u0413\u041e, \u0427\u0422\u041e\u0411\u042b \u041f\u0420\u0418\u0412\u041d\u0415\u0421\u0422\u0418 \u041d\u0415\u0417\u0410\u0411\u042b\u0412\u0410\u0415\u041c\u042b\u0415 \u0412\u041f\u0415\u0427\u0410\u0422\u041b\u0415\u041d\u0418\u042f \u0412 \u0412\u0410\u0428\u0415 \u041f\u0420\u041e\u0416\u0418\u0412\u0410\u041d\u0418\u0415 \u0412 \u0411\u0423\u0414\u0412\u0415. Budva, Adriyatik k\u0131y\u0131s\u0131ndaki birbirinden g\u00fczel plajlar\u0131yla \u201cMontenegro\u2019nun Miamisi\u201d olarak an\u0131l\u0131r. 35 km\u2019lik bir k\u0131y\u0131 \u0411\u0443\u0434\u0432\u0430 \u0438\u043c\u0435\u043d\u0443\u0435\u0442\u0441\u044f \u043a\u0430\u043a \u201c\u0447\u0435\u0440\u043d\u043e\u0433\u043e\u0440\u0441\u043a\u0430\u044f \u041c\u0430\u0439\u0430\u043c\u0438\u201d \u0431\u043b\u0430\u0433\u043e\u0434\u0430\u0440\u044f \u0441\u0432\u043e\u0438\u043c \u043f\u0440\u0435\u043a\u0440\u0430\u0441\u043d\u044b\u043c \u043f\u043b\u044f\u0436\u0430\u043c \u043d\u0430 \u0410\u0434\u0440\u0438\u0430\u0442\u0438\u0447\u0435\u0441\u043a\u043e\u043c [&hellip;]\" \/>\n<meta property=\"og:url\" content=\"https:\/\/meritstarlit.com\/ru\/%d0%bf%d0%be%d1%81%d0%b5%d1%82%d0%b8%d1%82%d0%b5-%d0%b2%d0%be%d1%81%d1%85%d0%b8%d1%82%d0%b8%d1%82%d0%b5%d0%bb%d1%8c%d0%bd%d1%8b%d0%b5-%d0%b1%d1%83%d1%85%d1%82%d1%8b-%d1%81%d1%80%d0%b5%d0%b4%d0%b8\" \/>\n<meta property=\"og:site_name\" content=\"Merit Starlit\" \/>\n<meta property=\"article:modified_time\" content=\"2022-10-15T15:49:14+00:00\" \/>\n<meta property=\"og:image\" content=\"https:\/\/meritstarlit.com\/wp-content\/uploads\/2022\/10\/WhatsApp-Image-2022-10-13-at-15.33-1024x433.jpg\" \/>\n<meta name=\"twitter:card\" content=\"summary_large_image\" \/>\n<meta name=\"twitter:label1\" content=\"\u041f\u0440\u0438\u043c\u0435\u0440\u043d\u043e\u0435 \u0432\u0440\u0435\u043c\u044f \u0434\u043b\u044f \u0447\u0442\u0435\u043d\u0438\u044f\" \/>\n\t<meta name=\"twitter:data1\" content=\"2 \u043c\u0438\u043d\u0443\u0442\u044b\" \/>\n<script type=\"application\/ld+json\" class=\"yoast-schema-graph\">{\"@context\":\"https:\/\/schema.org\",\"@graph\":[{\"@type\":\"WebSite\",\"@id\":\"https:\/\/meritstarlit.com\/#website\",\"url\":\"https:\/\/meritstarlit.com\/\",\"name\":\"Merit Starlit\",\"description\":\"Merit International&#039;\\u0131n yeni projesi Merit Starlit Hotel &amp; Residence, Montenegro\\u2019nun b\\u00fcy\\u00fcleyici sahil kenti Budva\\u2019n\\u0131n en merkezi konumunda y\\u00fckseliyor.\",\"potentialAction\":[{\"@type\":\"SearchAction\",\"target\":{\"@type\":\"EntryPoint\",\"urlTemplate\":\"https:\/\/meritstarlit.com\/?s={search_term_string}\"},\"query-input\":\"required name=search_term_string\"}],\"inLanguage\":\"ru-RU\"},{\"@type\":\"ImageObject\",\"@id\":\"https:\/\/meritstarlit.com\/ru\/%d0%bf%d0%be%d1%81%d0%b5%d1%82%d0%b8%d1%82%d0%b5-%d0%b2%d0%be%d1%81%d1%85%d0%b8%d1%82%d0%b8%d1%82%d0%b5%d0%bb%d1%8c%d0%bd%d1%8b%d0%b5-%d0%b1%d1%83%d1%85%d1%82%d1%8b-%d1%81%d1%80%d0%b5%d0%b4%d0%b8#primaryimage\",\"inLanguage\":\"ru-RU\",\"url\":\"https:\/\/meritstarlit.com\/wp-content\/uploads\/2022\/10\/WhatsApp-Image-2022-10-13-at-15.33.jpg\",\"contentUrl\":\"https:\/\/meritstarlit.com\/wp-content\/uploads\/2022\/10\/WhatsApp-Image-2022-10-13-at-15.33.jpg\",\"width\":1600,\"height\":676},{\"@type\":\"WebPage\",\"@id\":\"https:\/\/meritstarlit.com\/ru\/%d0%bf%d0%be%d1%81%d0%b5%d1%82%d0%b8%d1%82%d0%b5-%d0%b2%d0%be%d1%81%d1%85%d0%b8%d1%82%d0%b8%d1%82%d0%b5%d0%bb%d1%8c%d0%bd%d1%8b%d0%b5-%d0%b1%d1%83%d1%85%d1%82%d1%8b-%d1%81%d1%80%d0%b5%d0%b4%d0%b8#webpage\",\"url\":\"https:\/\/meritstarlit.com\/ru\/%d0%bf%d0%be%d1%81%d0%b5%d1%82%d0%b8%d1%82%d0%b5-%d0%b2%d0%be%d1%81%d1%85%d0%b8%d1%82%d0%b8%d1%82%d0%b5%d0%bb%d1%8c%d0%bd%d1%8b%d0%b5-%d0%b1%d1%83%d1%85%d1%82%d1%8b-%d1%81%d1%80%d0%b5%d0%b4%d0%b8\",\"name\":\"\\u041f\\u041e\\u0421\\u0415\\u0422\\u0418\\u0422\\u0415 \\u0412\\u041e\\u0421\\u0425\\u0418\\u0422\\u0418\\u0422\\u0415\\u041b\\u042c\\u041d\\u042b\\u0415 \\u0411\\u0423\\u0425\\u0422\\u042b \\u0421\\u0420\\u0415\\u0414\\u0418\\u0417\\u0415\\u041c\\u041d\\u041e\\u041c\\u041e\\u0420\\u042c\\u042f \\u041d\\u0410 \\u201cSPIRIT OF MERIT\\u201d - Merit Starlit\",\"isPartOf\":{\"@id\":\"https:\/\/meritstarlit.com\/#website\"},\"primaryImageOfPage\":{\"@id\":\"https:\/\/meritstarlit.com\/ru\/%d0%bf%d0%be%d1%81%d0%b5%d1%82%d0%b8%d1%82%d0%b5-%d0%b2%d0%be%d1%81%d1%85%d0%b8%d1%82%d0%b8%d1%82%d0%b5%d0%bb%d1%8c%d0%bd%d1%8b%d0%b5-%d0%b1%d1%83%d1%85%d1%82%d1%8b-%d1%81%d1%80%d0%b5%d0%b4%d0%b8#primaryimage\"},\"datePublished\":\"2021-05-07T19:05:20+00:00\",\"dateModified\":\"2022-10-15T15:49:14+00:00\",\"breadcrumb\":{\"@id\":\"https:\/\/meritstarlit.com\/ru\/%d0%bf%d0%be%d1%81%d0%b5%d1%82%d0%b8%d1%82%d0%b5-%d0%b2%d0%be%d1%81%d1%85%d0%b8%d1%82%d0%b8%d1%82%d0%b5%d0%bb%d1%8c%d0%bd%d1%8b%d0%b5-%d0%b1%d1%83%d1%85%d1%82%d1%8b-%d1%81%d1%80%d0%b5%d0%b4%d0%b8#breadcrumb\"},\"inLanguage\":\"ru-RU\",\"potentialAction\":[{\"@type\":\"ReadAction\",\"target\":[\"https:\/\/meritstarlit.com\/ru\/%d0%bf%d0%be%d1%81%d0%b5%d1%82%d0%b8%d1%82%d0%b5-%d0%b2%d0%be%d1%81%d1%85%d0%b8%d1%82%d0%b8%d1%82%d0%b5%d0%bb%d1%8c%d0%bd%d1%8b%d0%b5-%d0%b1%d1%83%d1%85%d1%82%d1%8b-%d1%81%d1%80%d0%b5%d0%b4%d0%b8\"]}]},{\"@type\":\"BreadcrumbList\",\"@id\":\"https:\/\/meritstarlit.com\/ru\/%d0%bf%d0%be%d1%81%d0%b5%d1%82%d0%b8%d1%82%d0%b5-%d0%b2%d0%be%d1%81%d1%85%d0%b8%d1%82%d0%b8%d1%82%d0%b5%d0%bb%d1%8c%d0%bd%d1%8b%d0%b5-%d0%b1%d1%83%d1%85%d1%82%d1%8b-%d1%81%d1%80%d0%b5%d0%b4%d0%b8#breadcrumb\",\"itemListElement\":[{\"@type\":\"ListItem\",\"position\":1,\"name\":\"Anasayfa\",\"item\":\"https:\/\/meritstarlit.com\/ru\"},{\"@type\":\"ListItem\",\"position\":2,\"name\":\"\\u041f\\u041e\\u0421\\u0415\\u0422\\u0418\\u0422\\u0415 \\u0412\\u041e\\u0421\\u0425\\u0418\\u0422\\u0418\\u0422\\u0415\\u041b\\u042c\\u041d\\u042b\\u0415 \\u0411\\u0423\\u0425\\u0422\\u042b \\u0421\\u0420\\u0415\\u0414\\u0418\\u0417\\u0415\\u041c\\u041d\\u041e\\u041c\\u041e\\u0420\\u042c\\u042f \\u041d\\u0410 \\u201cSPIRIT OF MERIT\\u201d\"}]}]}<\/script>\n<!-- \/ Yoast SEO plugin. -->","yoast_head_json":{"title":"\u041f\u041e\u0421\u0415\u0422\u0418\u0422\u0415 \u0412\u041e\u0421\u0425\u0418\u0422\u0418\u0422\u0415\u041b\u042c\u041d\u042b\u0415 \u0411\u0423\u0425\u0422\u042b \u0421\u0420\u0415\u0414\u0418\u0417\u0415\u041c\u041d\u041e\u041c\u041e\u0420\u042c\u042f \u041d\u0410 \u201cSPIRIT OF MERIT\u201d - Merit Starlit","robots":{"index":"index","follow":"follow","max-snippet":"max-snippet:-1","max-image-preview":"max-image-preview:large","max-video-preview":"max-video-preview:-1"},"canonical":"https:\/\/meritstarlit.com\/ru\/%d0%bf%d0%be%d1%81%d0%b5%d1%82%d0%b8%d1%82%d0%b5-%d0%b2%d0%be%d1%81%d1%85%d0%b8%d1%82%d0%b8%d1%82%d0%b5%d0%bb%d1%8c%d0%bd%d1%8b%d0%b5-%d0%b1%d1%83%d1%85%d1%82%d1%8b-%d1%81%d1%80%d0%b5%d0%b4%d0%b8","og_locale":"ru_RU","og_type":"article","og_title":"\u041f\u041e\u0421\u0415\u0422\u0418\u0422\u0415 \u0412\u041e\u0421\u0425\u0418\u0422\u0418\u0422\u0415\u041b\u042c\u041d\u042b\u0415 \u0411\u0423\u0425\u0422\u042b \u0421\u0420\u0415\u0414\u0418\u0417\u0415\u041c\u041d\u041e\u041c\u041e\u0420\u042c\u042f \u041d\u0410 \u201cSPIRIT OF MERIT\u201d - Merit Starlit","og_description":"\u041b\u042e\u041a\u0421\u041e\u0412\u0410\u042f \u042f\u0425\u0422\u0410 \u201cSPIRIT OF MER\u0130T\u201d \u041a\u041e\u041c\u041f\u0410\u041d\u0418\u0418 MER\u0130T INTERNATIONAL \u041e\u0416\u0418\u0414\u0410\u0415\u0422 \u0412\u0410\u0421 \u0412 \u042f\u0425\u0422\u0415\u041d\u041d\u041e\u0419 \u041f\u0420\u0418\u0421\u0422\u0410\u041d\u0418 \u0414\u0423\u041a\u041b\u0418 \u041d\u0415\u0414\u0410\u041b\u0415\u041a\u041e \u041e\u0422 \u041a\u041e\u041c\u041f\u041b\u0415\u041a\u0421\u0410 MER\u0130T STARL\u0130T \u0414\u041b\u042f \u0422\u041e\u0413\u041e, \u0427\u0422\u041e\u0411\u042b \u041f\u0420\u0418\u0412\u041d\u0415\u0421\u0422\u0418 \u041d\u0415\u0417\u0410\u0411\u042b\u0412\u0410\u0415\u041c\u042b\u0415 \u0412\u041f\u0415\u0427\u0410\u0422\u041b\u0415\u041d\u0418\u042f \u0412 \u0412\u0410\u0428\u0415 \u041f\u0420\u041e\u0416\u0418\u0412\u0410\u041d\u0418\u0415 \u0412 \u0411\u0423\u0414\u0412\u0415. Budva, Adriyatik k\u0131y\u0131s\u0131ndaki birbirinden g\u00fczel plajlar\u0131yla \u201cMontenegro\u2019nun Miamisi\u201d olarak an\u0131l\u0131r. 35 km\u2019lik bir k\u0131y\u0131 \u0411\u0443\u0434\u0432\u0430 \u0438\u043c\u0435\u043d\u0443\u0435\u0442\u0441\u044f \u043a\u0430\u043a \u201c\u0447\u0435\u0440\u043d\u043e\u0433\u043e\u0440\u0441\u043a\u0430\u044f \u041c\u0430\u0439\u0430\u043c\u0438\u201d \u0431\u043b\u0430\u0433\u043e\u0434\u0430\u0440\u044f \u0441\u0432\u043e\u0438\u043c \u043f\u0440\u0435\u043a\u0440\u0430\u0441\u043d\u044b\u043c \u043f\u043b\u044f\u0436\u0430\u043c \u043d\u0430 \u0410\u0434\u0440\u0438\u0430\u0442\u0438\u0447\u0435\u0441\u043a\u043e\u043c [&hellip;]","og_url":"https:\/\/meritstarlit.com\/ru\/%d0%bf%d0%be%d1%81%d0%b5%d1%82%d0%b8%d1%82%d0%b5-%d0%b2%d0%be%d1%81%d1%85%d0%b8%d1%82%d0%b8%d1%82%d0%b5%d0%bb%d1%8c%d0%bd%d1%8b%d0%b5-%d0%b1%d1%83%d1%85%d1%82%d1%8b-%d1%81%d1%80%d0%b5%d0%b4%d0%b8","og_site_name":"Merit Starlit","article_modified_time":"2022-10-15T15:49:14+00:00","og_image":[{"url":"https:\/\/meritstarlit.com\/wp-content\/uploads\/2022\/10\/WhatsApp-Image-2022-10-13-at-15.33-1024x433.jpg"}],"twitter_card":"summary_large_image","twitter_misc":{"\u041f\u0440\u0438\u043c\u0435\u0440\u043d\u043e\u0435 \u0432\u0440\u0435\u043c\u044f \u0434\u043b\u044f \u0447\u0442\u0435\u043d\u0438\u044f":"2 \u043c\u0438\u043d\u0443\u0442\u044b"},"schema":{"@context":"https:\/\/schema.org","@graph":[{"@type":"WebSite","@id":"https:\/\/meritstarlit.com\/#website","url":"https:\/\/meritstarlit.com\/","name":"Merit Starlit","description":"Merit International&#039;\u0131n yeni projesi Merit Starlit Hotel &amp; Residence, Montenegro\u2019nun b\u00fcy\u00fcleyici sahil kenti Budva\u2019n\u0131n en merkezi konumunda y\u00fckseliyor.","potentialAction":[{"@type":"SearchAction","target":{"@type":"EntryPoint","urlTemplate":"https:\/\/meritstarlit.com\/?s={search_term_string}"},"query-input":"required name=search_term_string"}],"inLanguage":"ru-RU"},{"@type":"ImageObject","@id":"https:\/\/meritstarlit.com\/ru\/%d0%bf%d0%be%d1%81%d0%b5%d1%82%d0%b8%d1%82%d0%b5-%d0%b2%d0%be%d1%81%d1%85%d0%b8%d1%82%d0%b8%d1%82%d0%b5%d0%bb%d1%8c%d0%bd%d1%8b%d0%b5-%d0%b1%d1%83%d1%85%d1%82%d1%8b-%d1%81%d1%80%d0%b5%d0%b4%d0%b8#primaryimage","inLanguage":"ru-RU","url":"https:\/\/meritstarlit.com\/wp-content\/uploads\/2022\/10\/WhatsApp-Image-2022-10-13-at-15.33.jpg","contentUrl":"https:\/\/meritstarlit.com\/wp-content\/uploads\/2022\/10\/WhatsApp-Image-2022-10-13-at-15.33.jpg","width":1600,"height":676},{"@type":"WebPage","@id":"https:\/\/meritstarlit.com\/ru\/%d0%bf%d0%be%d1%81%d0%b5%d1%82%d0%b8%d1%82%d0%b5-%d0%b2%d0%be%d1%81%d1%85%d0%b8%d1%82%d0%b8%d1%82%d0%b5%d0%bb%d1%8c%d0%bd%d1%8b%d0%b5-%d0%b1%d1%83%d1%85%d1%82%d1%8b-%d1%81%d1%80%d0%b5%d0%b4%d0%b8#webpage","url":"https:\/\/meritstarlit.com\/ru\/%d0%bf%d0%be%d1%81%d0%b5%d1%82%d0%b8%d1%82%d0%b5-%d0%b2%d0%be%d1%81%d1%85%d0%b8%d1%82%d0%b8%d1%82%d0%b5%d0%bb%d1%8c%d0%bd%d1%8b%d0%b5-%d0%b1%d1%83%d1%85%d1%82%d1%8b-%d1%81%d1%80%d0%b5%d0%b4%d0%b8","name":"\u041f\u041e\u0421\u0415\u0422\u0418\u0422\u0415 \u0412\u041e\u0421\u0425\u0418\u0422\u0418\u0422\u0415\u041b\u042c\u041d\u042b\u0415 \u0411\u0423\u0425\u0422\u042b \u0421\u0420\u0415\u0414\u0418\u0417\u0415\u041c\u041d\u041e\u041c\u041e\u0420\u042c\u042f \u041d\u0410 \u201cSPIRIT OF MERIT\u201d - Merit Starlit","isPartOf":{"@id":"https:\/\/meritstarlit.com\/#website"},"primaryImageOfPage":{"@id":"https:\/\/meritstarlit.com\/ru\/%d0%bf%d0%be%d1%81%d0%b5%d1%82%d0%b8%d1%82%d0%b5-%d0%b2%d0%be%d1%81%d1%85%d0%b8%d1%82%d0%b8%d1%82%d0%b5%d0%bb%d1%8c%d0%bd%d1%8b%d0%b5-%d0%b1%d1%83%d1%85%d1%82%d1%8b-%d1%81%d1%80%d0%b5%d0%b4%d0%b8#primaryimage"},"datePublished":"2021-05-07T19:05:20+00:00","dateModified":"2022-10-15T15:49:14+00:00","breadcrumb":{"@id":"https:\/\/meritstarlit.com\/ru\/%d0%bf%d0%be%d1%81%d0%b5%d1%82%d0%b8%d1%82%d0%b5-%d0%b2%d0%be%d1%81%d1%85%d0%b8%d1%82%d0%b8%d1%82%d0%b5%d0%bb%d1%8c%d0%bd%d1%8b%d0%b5-%d0%b1%d1%83%d1%85%d1%82%d1%8b-%d1%81%d1%80%d0%b5%d0%b4%d0%b8#breadcrumb"},"inLanguage":"ru-RU","potentialAction":[{"@type":"ReadAction","target":["https:\/\/meritstarlit.com\/ru\/%d0%bf%d0%be%d1%81%d0%b5%d1%82%d0%b8%d1%82%d0%b5-%d0%b2%d0%be%d1%81%d1%85%d0%b8%d1%82%d0%b8%d1%82%d0%b5%d0%bb%d1%8c%d0%bd%d1%8b%d0%b5-%d0%b1%d1%83%d1%85%d1%82%d1%8b-%d1%81%d1%80%d0%b5%d0%b4%d0%b8"]}]},{"@type":"BreadcrumbList","@id":"https:\/\/meritstarlit.com\/ru\/%d0%bf%d0%be%d1%81%d0%b5%d1%82%d0%b8%d1%82%d0%b5-%d0%b2%d0%be%d1%81%d1%85%d0%b8%d1%82%d0%b8%d1%82%d0%b5%d0%bb%d1%8c%d0%bd%d1%8b%d0%b5-%d0%b1%d1%83%d1%85%d1%82%d1%8b-%d1%81%d1%80%d0%b5%d0%b4%d0%b8#breadcrumb","itemListElement":[{"@type":"ListItem","position":1,"name":"Anasayfa","item":"https:\/\/meritstarlit.com\/ru"},{"@type":"ListItem","position":2,"name":"\u041f\u041e\u0421\u0415\u0422\u0418\u0422\u0415 \u0412\u041e\u0421\u0425\u0418\u0422\u0418\u0422\u0415\u041b\u042c\u041d\u042b\u0415 \u0411\u0423\u0425\u0422\u042b \u0421\u0420\u0415\u0414\u0418\u0417\u0415\u041c\u041d\u041e\u041c\u041e\u0420\u042c\u042f \u041d\u0410 \u201cSPIRIT OF MERIT\u201d"}]}]}},"_links":{"self":[{"href":"https:\/\/meritstarlit.com\/ru\/wp-json\/wp\/v2\/pages\/628"}],"collection":[{"href":"https:\/\/meritstarlit.com\/ru\/wp-json\/wp\/v2\/pages"}],"about":[{"href":"https:\/\/meritstarlit.com\/ru\/wp-json\/wp\/v2\/types\/page"}],"author":[{"embeddable":true,"href":"https:\/\/meritstarlit.com\/ru\/wp-json\/wp\/v2\/users\/2"}],"replies":[{"embeddable":true,"href":"https:\/\/meritstarlit.com\/ru\/wp-json\/wp\/v2\/comments?post=628"}],"version-history":[{"count":3,"href":"https:\/\/meritstarlit.com\/ru\/wp-json\/wp\/v2\/pages\/628\/revisions"}],"predecessor-version":[{"id":2085,"href":"https:\/\/meritstarlit.com\/ru\/wp-json\/wp\/v2\/pages\/628\/revisions\/2085"}],"wp:attachment":[{"href":"https:\/\/meritstarlit.com\/ru\/wp-json\/wp\/v2\/media?parent=628"}],"curies":[{"name":"wp","href":"https:\/\/api.w.org\/{rel}","templated":true}]}}